{"id":125969,"date":"2026-05-06T19:21:47","date_gmt":"2026-05-06T22:21:47","guid":{"rendered":"https:\/\/www.hediyepazar.com\/?product=arac-kullanicilari-icin-cok-fonksiyonlu-aku-takviye-cihazi"},"modified":"2026-05-06T19:21:47","modified_gmt":"2026-05-06T22:21:47","slug":"arac-kullanicilari-icin-cok-fonksiyonlu-aku-takviye-cihazi","status":"publish","type":"product","link":"https:\/\/www.hediyepazar.com\/?product=arac-kullanicilari-icin-cok-fonksiyonlu-aku-takviye-cihazi","title":{"rendered":"Ara\u00e7 Kullan\u0131c\u0131lar\u0131 \u0130\u00e7in \u00c7ok Fonksiyonlu Ak\u00fc Takviye Cihaz\u0131"},"content":{"rendered":"<p>Dayan\u0131kl\u0131 g\u00f6vde yap\u0131s\u0131 sayesinde uzun s\u00fcreli kullan\u0131m i\u00e7in uygundur. Kompakt ve ta\u015f\u0131nabilir tasar\u0131m\u0131, ara\u00e7 bagaj\u0131nda veya torpido g\u00f6z\u00fcnde rahat\u00e7a ta\u015f\u0131nmas\u0131na imk\u00e2n tan\u0131r. Hem \u015fehir i\u00e7i kullan\u0131m hem de uzun yolculuklar i\u00e7in ideal bir yard\u0131mc\u0131d\u0131r.<\/p>\n","protected":false},"excerpt":{"rendered":"<p>Dayan\u0131kl\u0131 g\u00f6vde yap\u0131s\u0131 sayesinde uzun s\u00fcreli kullan\u0131m i\u00e7in uygundur. Kompakt ve ta\u015f\u0131nabilir tasar\u0131m\u0131, ara\u00e7 bagaj\u0131nda veya torpido g\u00f6z\u00fcnde rahat\u00e7a ta\u015f\u0131nmas\u0131na imk\u00e2n tan\u0131r. Hem \u015fehir i\u00e7i kullan\u0131m hem de uzun yolculuklar i\u00e7in ideal bir yard\u0131mc\u0131d\u0131r.<\/p>\n","protected":false},"featured_media":125968,"comment_status":"open","ping_status":"closed","template":"","meta":{"_kad_post_transparent":"","_kad_post_title":"","_kad_post_layout":"","_kad_post_sidebar_id":"","_kad_post_content_style":"","_kad_post_vertical_padding":"","_kad_post_feature":"","_kad_post_feature_position":"","_kad_post_header":false,"_kad_post_footer":false,"_kad_post_classname":""},"product_brand":[],"product_cat":[15053],"product_tag":[],"class_list":{"0":"post-125969","1":"product","2":"type-product","3":"status-publish","4":"has-post-thumbnail","6":"product_cat-oto-bakim-seti-oto-bakim-seti-2","8":"first","9":"instock","10":"purchasable","11":"product-type-simple","12":"entry","13":"content-bg","14":"loop-entry"},"_links":{"self":[{"href":"https:\/\/www.hediyepazar.com\/index.php?rest_route=\/wp\/v2\/product\/125969","targetHints":{"allow":["GET"]}}],"collection":[{"href":"https:\/\/www.hediyepazar.com\/index.php?rest_route=\/wp\/v2\/product"}],"about":[{"href":"https:\/\/www.hediyepazar.com\/index.php?rest_route=\/wp\/v2\/types\/product"}],"replies":[{"embeddable":true,"href":"https:\/\/www.hediyepazar.com\/index.php?rest_route=%2Fwp%2Fv2%2Fcomments&post=125969"}],"wp:featuredmedia":[{"embeddable":true,"href":"https:\/\/www.hediyepazar.com\/index.php?rest_route=\/wp\/v2\/media\/125968"}],"wp:attachment":[{"href":"https:\/\/www.hediyepazar.com\/index.php?rest_route=%2Fwp%2Fv2%2Fmedia&parent=125969"}],"wp:term":[{"taxonomy":"product_brand","embeddable":true,"href":"https:\/\/www.hediyepazar.com\/index.php?rest_route=%2Fwp%2Fv2%2Fproduct_brand&post=125969"},{"taxonomy":"product_cat","embeddable":true,"href":"https:\/\/www.hediyepazar.com\/index.php?rest_route=%2Fwp%2Fv2%2Fproduct_cat&post=125969"},{"taxonomy":"product_tag","embeddable":true,"href":"https:\/\/www.hediyepazar.com\/index.php?rest_route=%2Fwp%2Fv2%2Fproduct_tag&post=125969"}],"curies":[{"name":"wp","href":"https:\/\/api.w.org\/{rel}","templated":true}]}}