{"id":125971,"date":"2026-05-06T19:21:51","date_gmt":"2026-05-06T22:21:51","guid":{"rendered":"https:\/\/www.hediyepazar.com\/?product=acil-durum-led-isikli-aku-takviye-ve-hava-kompresoru"},"modified":"2026-05-06T19:21:51","modified_gmt":"2026-05-06T22:21:51","slug":"acil-durum-led-isikli-aku-takviye-ve-hava-kompresoru","status":"publish","type":"product","link":"https:\/\/www.hediyepazar.com\/?product=acil-durum-led-isikli-aku-takviye-ve-hava-kompresoru","title":{"rendered":"Acil Durum LED I\u015f\u0131kl\u0131 Ak\u00fc Takviye ve Hava Kompres\u00f6r\u00fc"},"content":{"rendered":"<p>\u00dczerinde bulunan LED ayd\u0131nlatma ve SOS modu, gece kullan\u0131m\u0131 ve acil durumlar i\u00e7in ekstra destek sa\u011flar. D\u00fc\u015f\u00fck \u0131\u015f\u0131k ko\u015fullar\u0131nda ortam\u0131 ayd\u0131nlatmaya yard\u0131mc\u0131 olurken, SOS modu ile dikkat \u00e7ekici bir uyar\u0131 imk\u00e2n\u0131 sunar. G\u00fcvenlik ve g\u00f6r\u00fcn\u00fcrl\u00fck a\u00e7\u0131s\u0131ndan avantaj sa\u011flar.<\/p>\n","protected":false},"excerpt":{"rendered":"<p>\u00dczerinde bulunan LED ayd\u0131nlatma ve SOS modu, gece kullan\u0131m\u0131 ve acil durumlar i\u00e7in ekstra destek sa\u011flar. D\u00fc\u015f\u00fck \u0131\u015f\u0131k ko\u015fullar\u0131nda ortam\u0131 ayd\u0131nlatmaya yard\u0131mc\u0131 olurken, SOS modu ile dikkat \u00e7ekici bir uyar\u0131 imk\u00e2n\u0131 sunar. G\u00fcvenlik ve g\u00f6r\u00fcn\u00fcrl\u00fck a\u00e7\u0131s\u0131ndan avantaj sa\u011flar.<\/p>\n","protected":false},"featured_media":125970,"comment_status":"open","ping_status":"closed","template":"","meta":{"_kad_post_transparent":"","_kad_post_title":"","_kad_post_layout":"","_kad_post_sidebar_id":"","_kad_post_content_style":"","_kad_post_vertical_padding":"","_kad_post_feature":"","_kad_post_feature_position":"","_kad_post_header":false,"_kad_post_footer":false,"_kad_post_classname":""},"product_brand":[],"product_cat":[15053],"product_tag":[],"class_list":{"0":"post-125971","1":"product","2":"type-product","3":"status-publish","4":"has-post-thumbnail","6":"product_cat-oto-bakim-seti-oto-bakim-seti-2","8":"first","9":"instock","10":"purchasable","11":"product-type-simple","12":"entry","13":"content-bg","14":"loop-entry"},"_links":{"self":[{"href":"https:\/\/www.hediyepazar.com\/index.php?rest_route=\/wp\/v2\/product\/125971","targetHints":{"allow":["GET"]}}],"collection":[{"href":"https:\/\/www.hediyepazar.com\/index.php?rest_route=\/wp\/v2\/product"}],"about":[{"href":"https:\/\/www.hediyepazar.com\/index.php?rest_route=\/wp\/v2\/types\/product"}],"replies":[{"embeddable":true,"href":"https:\/\/www.hediyepazar.com\/index.php?rest_route=%2Fwp%2Fv2%2Fcomments&post=125971"}],"wp:featuredmedia":[{"embeddable":true,"href":"https:\/\/www.hediyepazar.com\/index.php?rest_route=\/wp\/v2\/media\/125970"}],"wp:attachment":[{"href":"https:\/\/www.hediyepazar.com\/index.php?rest_route=%2Fwp%2Fv2%2Fmedia&parent=125971"}],"wp:term":[{"taxonomy":"product_brand","embeddable":true,"href":"https:\/\/www.hediyepazar.com\/index.php?rest_route=%2Fwp%2Fv2%2Fproduct_brand&post=125971"},{"taxonomy":"product_cat","embeddable":true,"href":"https:\/\/www.hediyepazar.com\/index.php?rest_route=%2Fwp%2Fv2%2Fproduct_cat&post=125971"},{"taxonomy":"product_tag","embeddable":true,"href":"https:\/\/www.hediyepazar.com\/index.php?rest_route=%2Fwp%2Fv2%2Fproduct_tag&post=125971"}],"curies":[{"name":"wp","href":"https:\/\/api.w.org\/{rel}","templated":true}]}}