{"id":125978,"date":"2026-05-06T19:22:28","date_gmt":"2026-05-06T22:22:28","guid":{"rendered":"https:\/\/www.hediyepazar.com\/?product=360-takla-ve-cift-kamera-ozellikli-hobi-drone"},"modified":"2026-05-06T19:22:28","modified_gmt":"2026-05-06T22:22:28","slug":"360-takla-ve-cift-kamera-ozellikli-hobi-drone","status":"publish","type":"product","link":"https:\/\/www.hediyepazar.com\/?product=360-takla-ve-cift-kamera-ozellikli-hobi-drone","title":{"rendered":"360\u00b0 Takla ve \u00c7ift Kamera \u00d6zellikli Hobi Drone"},"content":{"rendered":"<p>360 derece akrobatik takla \u00f6zelli\u011fi ile e\u011flenceli ve dinamik u\u00e7u\u015flar yapman\u0131za olanak tan\u0131r. Roll modu aktifken tek bir komutla profesyonel taklalar atabilir. Aerodinamik olarak tasarlanm\u0131\u015f pervane sistemi, vidal\u0131 sabitleme yap\u0131s\u0131 sayesinde g\u00fcvenli ve dengeli u\u00e7u\u015f sa\u011flar. Yedek pervaneler kutu i\u00e7eri\u011finde yer al\u0131r ve uzun s\u00fcreli kullan\u0131m sunar.<\/p>\n","protected":false},"excerpt":{"rendered":"<p>360 derece akrobatik takla \u00f6zelli\u011fi ile e\u011flenceli ve dinamik u\u00e7u\u015flar yapman\u0131za olanak tan\u0131r. Roll modu aktifken tek bir komutla profesyonel taklalar atabilir. Aerodinamik olarak tasarlanm\u0131\u015f pervane sistemi, vidal\u0131 sabitleme yap\u0131s\u0131 sayesinde g\u00fcvenli ve dengeli u\u00e7u\u015f sa\u011flar. Yedek pervaneler kutu i\u00e7eri\u011finde yer al\u0131r ve uzun s\u00fcreli kullan\u0131m sunar.<\/p>\n","protected":false},"featured_media":125977,"comment_status":"open","ping_status":"closed","template":"","meta":{"_kad_post_transparent":"","_kad_post_title":"","_kad_post_layout":"","_kad_post_sidebar_id":"","_kad_post_content_style":"","_kad_post_vertical_padding":"","_kad_post_feature":"","_kad_post_feature_position":"","_kad_post_header":false,"_kad_post_footer":false,"_kad_post_classname":""},"product_brand":[],"product_cat":[15086],"product_tag":[],"class_list":{"0":"post-125978","1":"product","2":"type-product","3":"status-publish","4":"has-post-thumbnail","6":"product_cat-drone-drone","8":"first","9":"instock","10":"purchasable","11":"product-type-simple","12":"entry","13":"content-bg","14":"loop-entry"},"_links":{"self":[{"href":"https:\/\/www.hediyepazar.com\/index.php?rest_route=\/wp\/v2\/product\/125978","targetHints":{"allow":["GET"]}}],"collection":[{"href":"https:\/\/www.hediyepazar.com\/index.php?rest_route=\/wp\/v2\/product"}],"about":[{"href":"https:\/\/www.hediyepazar.com\/index.php?rest_route=\/wp\/v2\/types\/product"}],"replies":[{"embeddable":true,"href":"https:\/\/www.hediyepazar.com\/index.php?rest_route=%2Fwp%2Fv2%2Fcomments&post=125978"}],"wp:featuredmedia":[{"embeddable":true,"href":"https:\/\/www.hediyepazar.com\/index.php?rest_route=\/wp\/v2\/media\/125977"}],"wp:attachment":[{"href":"https:\/\/www.hediyepazar.com\/index.php?rest_route=%2Fwp%2Fv2%2Fmedia&parent=125978"}],"wp:term":[{"taxonomy":"product_brand","embeddable":true,"href":"https:\/\/www.hediyepazar.com\/index.php?rest_route=%2Fwp%2Fv2%2Fproduct_brand&post=125978"},{"taxonomy":"product_cat","embeddable":true,"href":"https:\/\/www.hediyepazar.com\/index.php?rest_route=%2Fwp%2Fv2%2Fproduct_cat&post=125978"},{"taxonomy":"product_tag","embeddable":true,"href":"https:\/\/www.hediyepazar.com\/index.php?rest_route=%2Fwp%2Fv2%2Fproduct_tag&post=125978"}],"curies":[{"name":"wp","href":"https:\/\/api.w.org\/{rel}","templated":true}]}}