{"id":125980,"date":"2026-05-06T19:22:36","date_gmt":"2026-05-06T22:22:36","guid":{"rendered":"https:\/\/www.hediyepazar.com\/?product=tek-tusla-kalkis-inis-ozellikli-katlanabilir-drone"},"modified":"2026-05-06T19:22:36","modified_gmt":"2026-05-06T22:22:36","slug":"tek-tusla-kalkis-inis-ozellikli-katlanabilir-drone","status":"publish","type":"product","link":"https:\/\/www.hediyepazar.com\/?product=tek-tusla-kalkis-inis-ozellikli-katlanabilir-drone","title":{"rendered":"Tek Tu\u015fla Kalk\u0131\u015f \u0130ni\u015f \u00d6zellikli Katlanabilir Drone"},"content":{"rendered":"<p>Optik ak\u0131\u015f destekli \u00e7ift kamera sistemi, daha stabil u\u00e7u\u015f ve farkl\u0131 a\u00e7\u0131lardan g\u00f6r\u00fcnt\u00fc alma imk\u00e2n\u0131 sunar. \u00d6n ana kamera ve alt g\u00f6vde kameras\u0131 birlikte \u00e7al\u0131\u015farak zemini alg\u0131lar ve dengeyi art\u0131r\u0131r. Kumanda \u00fczerindeki kontrol tu\u015flar\u0131 sayesinde kamera a\u00e7\u0131s\u0131 u\u00e7u\u015f s\u0131ras\u0131nda a\u015fa\u011f\u0131 veya yukar\u0131 do\u011fru ayarlanabilir. Bu sayede daha yarat\u0131c\u0131 ve kontroll\u00fc \u00e7ekimler yap\u0131labilir.<\/p>\n","protected":false},"excerpt":{"rendered":"<p>Optik ak\u0131\u015f destekli \u00e7ift kamera sistemi, daha stabil u\u00e7u\u015f ve farkl\u0131 a\u00e7\u0131lardan g\u00f6r\u00fcnt\u00fc alma imk\u00e2n\u0131 sunar. \u00d6n ana kamera ve alt g\u00f6vde kameras\u0131 birlikte \u00e7al\u0131\u015farak zemini alg\u0131lar ve dengeyi art\u0131r\u0131r. Kumanda \u00fczerindeki kontrol tu\u015flar\u0131 sayesinde kamera a\u00e7\u0131s\u0131 u\u00e7u\u015f s\u0131ras\u0131nda a\u015fa\u011f\u0131 veya yukar\u0131 do\u011fru ayarlanabilir. Bu sayede daha yarat\u0131c\u0131 ve kontroll\u00fc \u00e7ekimler yap\u0131labilir.<\/p>\n","protected":false},"featured_media":125979,"comment_status":"open","ping_status":"closed","template":"","meta":{"_kad_post_transparent":"","_kad_post_title":"","_kad_post_layout":"","_kad_post_sidebar_id":"","_kad_post_content_style":"","_kad_post_vertical_padding":"","_kad_post_feature":"","_kad_post_feature_position":"","_kad_post_header":false,"_kad_post_footer":false,"_kad_post_classname":""},"product_brand":[],"product_cat":[15086],"product_tag":[],"class_list":{"0":"post-125980","1":"product","2":"type-product","3":"status-publish","4":"has-post-thumbnail","6":"product_cat-drone-drone","8":"first","9":"instock","10":"purchasable","11":"product-type-simple","12":"entry","13":"content-bg","14":"loop-entry"},"_links":{"self":[{"href":"https:\/\/www.hediyepazar.com\/index.php?rest_route=\/wp\/v2\/product\/125980","targetHints":{"allow":["GET"]}}],"collection":[{"href":"https:\/\/www.hediyepazar.com\/index.php?rest_route=\/wp\/v2\/product"}],"about":[{"href":"https:\/\/www.hediyepazar.com\/index.php?rest_route=\/wp\/v2\/types\/product"}],"replies":[{"embeddable":true,"href":"https:\/\/www.hediyepazar.com\/index.php?rest_route=%2Fwp%2Fv2%2Fcomments&post=125980"}],"wp:featuredmedia":[{"embeddable":true,"href":"https:\/\/www.hediyepazar.com\/index.php?rest_route=\/wp\/v2\/media\/125979"}],"wp:attachment":[{"href":"https:\/\/www.hediyepazar.com\/index.php?rest_route=%2Fwp%2Fv2%2Fmedia&parent=125980"}],"wp:term":[{"taxonomy":"product_brand","embeddable":true,"href":"https:\/\/www.hediyepazar.com\/index.php?rest_route=%2Fwp%2Fv2%2Fproduct_brand&post=125980"},{"taxonomy":"product_cat","embeddable":true,"href":"https:\/\/www.hediyepazar.com\/index.php?rest_route=%2Fwp%2Fv2%2Fproduct_cat&post=125980"},{"taxonomy":"product_tag","embeddable":true,"href":"https:\/\/www.hediyepazar.com\/index.php?rest_route=%2Fwp%2Fv2%2Fproduct_tag&post=125980"}],"curies":[{"name":"wp","href":"https:\/\/api.w.org\/{rel}","templated":true}]}}