{"id":125982,"date":"2026-05-06T19:23:57","date_gmt":"2026-05-06T22:23:57","guid":{"rendered":"https:\/\/www.hediyepazar.com\/?product=yeni-baslayanlar-icin-guvenli-ve-stabil-akilli-drone"},"modified":"2026-05-06T19:23:57","modified_gmt":"2026-05-06T22:23:57","slug":"yeni-baslayanlar-icin-guvenli-ve-stabil-akilli-drone","status":"publish","type":"product","link":"https:\/\/www.hediyepazar.com\/?product=yeni-baslayanlar-icin-guvenli-ve-stabil-akilli-drone","title":{"rendered":"Yeni Ba\u015flayanlar \u0130\u00e7in G\u00fcvenli ve Stabil Ak\u0131ll\u0131 Drone"},"content":{"rendered":"<p>\u00dcst k\u0131sm\u0131na tak\u0131lan mod\u00fcler engel alg\u0131lama sens\u00f6r\u00fc sayesinde drone, u\u00e7u\u015f y\u00f6n\u00fcndeki engelleri alg\u0131layarak \u00e7arp\u0131\u015fma riskini azalt\u0131r. Bu sistem, \u00f6zellikle kapal\u0131 alan u\u00e7u\u015flar\u0131nda ekstra g\u00fcvenlik sa\u011flar. D\u00fc\u015f\u00fck batarya veya zay\u0131f sinyal durumlar\u0131nda kullan\u0131c\u0131y\u0131 sesli ve g\u00f6rsel uyar\u0131larla bilgilendirerek olas\u0131 kazalar\u0131n \u00f6n\u00fcne ge\u00e7er. G\u00fcvenli u\u00e7u\u015f deneyimi i\u00e7in tasarlanm\u0131\u015ft\u0131r.<\/p>\n","protected":false},"excerpt":{"rendered":"<p>\u00dcst k\u0131sm\u0131na tak\u0131lan mod\u00fcler engel alg\u0131lama sens\u00f6r\u00fc sayesinde drone, u\u00e7u\u015f y\u00f6n\u00fcndeki engelleri alg\u0131layarak \u00e7arp\u0131\u015fma riskini azalt\u0131r. Bu sistem, \u00f6zellikle kapal\u0131 alan u\u00e7u\u015flar\u0131nda ekstra g\u00fcvenlik sa\u011flar. D\u00fc\u015f\u00fck batarya veya zay\u0131f sinyal durumlar\u0131nda kullan\u0131c\u0131y\u0131 sesli ve g\u00f6rsel uyar\u0131larla bilgilendirerek olas\u0131 kazalar\u0131n \u00f6n\u00fcne ge\u00e7er. G\u00fcvenli u\u00e7u\u015f deneyimi i\u00e7in tasarlanm\u0131\u015ft\u0131r.<\/p>\n","protected":false},"featured_media":125981,"comment_status":"open","ping_status":"closed","template":"","meta":{"_kad_post_transparent":"","_kad_post_title":"","_kad_post_layout":"","_kad_post_sidebar_id":"","_kad_post_content_style":"","_kad_post_vertical_padding":"","_kad_post_feature":"","_kad_post_feature_position":"","_kad_post_header":false,"_kad_post_footer":false,"_kad_post_classname":""},"product_brand":[],"product_cat":[15086],"product_tag":[],"class_list":{"0":"post-125982","1":"product","2":"type-product","3":"status-publish","4":"has-post-thumbnail","6":"product_cat-drone-drone","8":"first","9":"instock","10":"purchasable","11":"product-type-simple","12":"entry","13":"content-bg","14":"loop-entry"},"_links":{"self":[{"href":"https:\/\/www.hediyepazar.com\/index.php?rest_route=\/wp\/v2\/product\/125982","targetHints":{"allow":["GET"]}}],"collection":[{"href":"https:\/\/www.hediyepazar.com\/index.php?rest_route=\/wp\/v2\/product"}],"about":[{"href":"https:\/\/www.hediyepazar.com\/index.php?rest_route=\/wp\/v2\/types\/product"}],"replies":[{"embeddable":true,"href":"https:\/\/www.hediyepazar.com\/index.php?rest_route=%2Fwp%2Fv2%2Fcomments&post=125982"}],"wp:featuredmedia":[{"embeddable":true,"href":"https:\/\/www.hediyepazar.com\/index.php?rest_route=\/wp\/v2\/media\/125981"}],"wp:attachment":[{"href":"https:\/\/www.hediyepazar.com\/index.php?rest_route=%2Fwp%2Fv2%2Fmedia&parent=125982"}],"wp:term":[{"taxonomy":"product_brand","embeddable":true,"href":"https:\/\/www.hediyepazar.com\/index.php?rest_route=%2Fwp%2Fv2%2Fproduct_brand&post=125982"},{"taxonomy":"product_cat","embeddable":true,"href":"https:\/\/www.hediyepazar.com\/index.php?rest_route=%2Fwp%2Fv2%2Fproduct_cat&post=125982"},{"taxonomy":"product_tag","embeddable":true,"href":"https:\/\/www.hediyepazar.com\/index.php?rest_route=%2Fwp%2Fv2%2Fproduct_tag&post=125982"}],"curies":[{"name":"wp","href":"https:\/\/api.w.org\/{rel}","templated":true}]}}