{"id":125984,"date":"2026-05-06T19:24:03","date_gmt":"2026-05-06T22:24:03","guid":{"rendered":"https:\/\/www.hediyepazar.com\/?product=optik-akis-destekli-stabil-ucus-drone-seti-zengin-kutu-icerigi"},"modified":"2026-05-06T19:24:03","modified_gmt":"2026-05-06T22:24:03","slug":"optik-akis-destekli-stabil-ucus-drone-seti-zengin-kutu-icerigi","status":"publish","type":"product","link":"https:\/\/www.hediyepazar.com\/?product=optik-akis-destekli-stabil-ucus-drone-seti-zengin-kutu-icerigi","title":{"rendered":"Optik Ak\u0131\u015f Destekli Stabil U\u00e7u\u015f Drone Seti Zengin Kutu \u0130\u00e7eri\u011fi"},"content":{"rendered":"<p>Geli\u015fmi\u015f u\u00e7u\u015f kontrol sistemi ile donat\u0131lan bu drone, farkl\u0131 kullan\u0131c\u0131 seviyelerine uygun 3 kademeli h\u0131z modu sunar. H\u0131z ge\u00e7i\u015fleri kumanda \u00fczerindeki sesli bildirimlerle kolayca takip edilebilir. Headless modu sayesinde drone\u2019un y\u00f6n\u00fc fark etmeksizin kumanda hareketleri her zaman kullan\u0131c\u0131ya g\u00f6re \u00e7al\u0131\u015f\u0131r. Bu \u00f6zellik \u00f6zellikle yeni ba\u015flayanlar i\u00e7in b\u00fcy\u00fck bir avantaj sa\u011flar ve kontrol kayb\u0131 riskini azalt\u0131r.<\/p>\n","protected":false},"excerpt":{"rendered":"<p>Geli\u015fmi\u015f u\u00e7u\u015f kontrol sistemi ile donat\u0131lan bu drone, farkl\u0131 kullan\u0131c\u0131 seviyelerine uygun 3 kademeli h\u0131z modu sunar. H\u0131z ge\u00e7i\u015fleri kumanda \u00fczerindeki sesli bildirimlerle kolayca takip edilebilir. Headless modu sayesinde drone\u2019un y\u00f6n\u00fc fark etmeksizin kumanda hareketleri her zaman kullan\u0131c\u0131ya g\u00f6re \u00e7al\u0131\u015f\u0131r. Bu \u00f6zellik \u00f6zellikle yeni ba\u015flayanlar i\u00e7in b\u00fcy\u00fck bir avantaj sa\u011flar ve kontrol kayb\u0131 riskini azalt\u0131r.<\/p>\n","protected":false},"featured_media":125983,"comment_status":"open","ping_status":"closed","template":"","meta":{"_kad_post_transparent":"","_kad_post_title":"","_kad_post_layout":"","_kad_post_sidebar_id":"","_kad_post_content_style":"","_kad_post_vertical_padding":"","_kad_post_feature":"","_kad_post_feature_position":"","_kad_post_header":false,"_kad_post_footer":false,"_kad_post_classname":""},"product_brand":[],"product_cat":[15086],"product_tag":[],"class_list":{"0":"post-125984","1":"product","2":"type-product","3":"status-publish","4":"has-post-thumbnail","6":"product_cat-drone-drone","8":"first","9":"instock","10":"purchasable","11":"product-type-simple","12":"entry","13":"content-bg","14":"loop-entry"},"_links":{"self":[{"href":"https:\/\/www.hediyepazar.com\/index.php?rest_route=\/wp\/v2\/product\/125984","targetHints":{"allow":["GET"]}}],"collection":[{"href":"https:\/\/www.hediyepazar.com\/index.php?rest_route=\/wp\/v2\/product"}],"about":[{"href":"https:\/\/www.hediyepazar.com\/index.php?rest_route=\/wp\/v2\/types\/product"}],"replies":[{"embeddable":true,"href":"https:\/\/www.hediyepazar.com\/index.php?rest_route=%2Fwp%2Fv2%2Fcomments&post=125984"}],"wp:featuredmedia":[{"embeddable":true,"href":"https:\/\/www.hediyepazar.com\/index.php?rest_route=\/wp\/v2\/media\/125983"}],"wp:attachment":[{"href":"https:\/\/www.hediyepazar.com\/index.php?rest_route=%2Fwp%2Fv2%2Fmedia&parent=125984"}],"wp:term":[{"taxonomy":"product_brand","embeddable":true,"href":"https:\/\/www.hediyepazar.com\/index.php?rest_route=%2Fwp%2Fv2%2Fproduct_brand&post=125984"},{"taxonomy":"product_cat","embeddable":true,"href":"https:\/\/www.hediyepazar.com\/index.php?rest_route=%2Fwp%2Fv2%2Fproduct_cat&post=125984"},{"taxonomy":"product_tag","embeddable":true,"href":"https:\/\/www.hediyepazar.com\/index.php?rest_route=%2Fwp%2Fv2%2Fproduct_tag&post=125984"}],"curies":[{"name":"wp","href":"https:\/\/api.w.org\/{rel}","templated":true}]}}