{"id":125986,"date":"2026-05-06T19:24:08","date_gmt":"2026-05-06T22:24:08","guid":{"rendered":"https:\/\/www.hediyepazar.com\/?product=cift-kamerali-akilli-engel-algilamali-katlanabilir-drone"},"modified":"2026-05-06T19:24:08","modified_gmt":"2026-05-06T22:24:08","slug":"cift-kamerali-akilli-engel-algilamali-katlanabilir-drone","status":"publish","type":"product","link":"https:\/\/www.hediyepazar.com\/?product=cift-kamerali-akilli-engel-algilamali-katlanabilir-drone","title":{"rendered":"\u00c7ift Kameral\u0131 Ak\u0131ll\u0131 Engel Alg\u0131lamal\u0131 Katlanabilir Drone"},"content":{"rendered":"<p>Bu ak\u0131ll\u0131 katlanabilir drone, hem hobi ama\u00e7l\u0131 kullan\u0131c\u0131lar hem de hava foto\u011fraf\u00e7\u0131l\u0131\u011f\u0131na yeni ba\u015flayanlar i\u00e7in g\u00fcvenlik, stabilite ve geli\u015fmi\u015f g\u00f6r\u00fcnt\u00fcleme teknolojilerini bir araya getirir. Kompakt ve katlanabilir tasar\u0131m\u0131 sayesinde kolay ta\u015f\u0131n\u0131r ve zengin kutu i\u00e7eri\u011fi ile kutudan \u00e7\u0131kar \u00e7\u0131kmaz u\u00e7u\u015fa haz\u0131rd\u0131r. Barometrik sabitleme sistemi, drone\u2019un havada dengeli \u015fekilde as\u0131l\u0131 kalmas\u0131n\u0131 sa\u011flayarak daha p\u00fcr\u00fczs\u00fcz ve kontroll\u00fc \u00e7ekimler yap\u0131lmas\u0131na yard\u0131mc\u0131 olur. Tek tu\u015fla kalk\u0131\u015f ve ini\u015f \u00f6zelli\u011fi, kullan\u0131c\u0131ya pratik ve g\u00fcvenli bir u\u00e7u\u015f deneyimi sunar.<\/p>\n","protected":false},"excerpt":{"rendered":"<p>Bu ak\u0131ll\u0131 katlanabilir drone, hem hobi ama\u00e7l\u0131 kullan\u0131c\u0131lar hem de hava foto\u011fraf\u00e7\u0131l\u0131\u011f\u0131na yeni ba\u015flayanlar i\u00e7in g\u00fcvenlik, stabilite ve geli\u015fmi\u015f g\u00f6r\u00fcnt\u00fcleme teknolojilerini bir araya getirir. Kompakt ve katlanabilir tasar\u0131m\u0131 sayesinde kolay ta\u015f\u0131n\u0131r ve zengin kutu i\u00e7eri\u011fi ile kutudan \u00e7\u0131kar \u00e7\u0131kmaz u\u00e7u\u015fa haz\u0131rd\u0131r. Barometrik sabitleme sistemi, drone\u2019un havada dengeli \u015fekilde as\u0131l\u0131 kalmas\u0131n\u0131 sa\u011flayarak daha p\u00fcr\u00fczs\u00fcz ve kontroll\u00fc&#8230;<\/p>\n","protected":false},"featured_media":125985,"comment_status":"open","ping_status":"closed","template":"","meta":{"_kad_post_transparent":"","_kad_post_title":"","_kad_post_layout":"","_kad_post_sidebar_id":"","_kad_post_content_style":"","_kad_post_vertical_padding":"","_kad_post_feature":"","_kad_post_feature_position":"","_kad_post_header":false,"_kad_post_footer":false,"_kad_post_classname":""},"product_brand":[],"product_cat":[15086],"product_tag":[],"class_list":{"0":"post-125986","1":"product","2":"type-product","3":"status-publish","4":"has-post-thumbnail","6":"product_cat-drone-drone","8":"first","9":"instock","10":"purchasable","11":"product-type-simple","12":"entry","13":"content-bg","14":"loop-entry"},"_links":{"self":[{"href":"https:\/\/www.hediyepazar.com\/index.php?rest_route=\/wp\/v2\/product\/125986","targetHints":{"allow":["GET"]}}],"collection":[{"href":"https:\/\/www.hediyepazar.com\/index.php?rest_route=\/wp\/v2\/product"}],"about":[{"href":"https:\/\/www.hediyepazar.com\/index.php?rest_route=\/wp\/v2\/types\/product"}],"replies":[{"embeddable":true,"href":"https:\/\/www.hediyepazar.com\/index.php?rest_route=%2Fwp%2Fv2%2Fcomments&post=125986"}],"wp:featuredmedia":[{"embeddable":true,"href":"https:\/\/www.hediyepazar.com\/index.php?rest_route=\/wp\/v2\/media\/125985"}],"wp:attachment":[{"href":"https:\/\/www.hediyepazar.com\/index.php?rest_route=%2Fwp%2Fv2%2Fmedia&parent=125986"}],"wp:term":[{"taxonomy":"product_brand","embeddable":true,"href":"https:\/\/www.hediyepazar.com\/index.php?rest_route=%2Fwp%2Fv2%2Fproduct_brand&post=125986"},{"taxonomy":"product_cat","embeddable":true,"href":"https:\/\/www.hediyepazar.com\/index.php?rest_route=%2Fwp%2Fv2%2Fproduct_cat&post=125986"},{"taxonomy":"product_tag","embeddable":true,"href":"https:\/\/www.hediyepazar.com\/index.php?rest_route=%2Fwp%2Fv2%2Fproduct_tag&post=125986"}],"curies":[{"name":"wp","href":"https:\/\/api.w.org\/{rel}","templated":true}]}}