{"id":126058,"date":"2026-05-06T19:29:08","date_gmt":"2026-05-06T22:29:08","guid":{"rendered":"https:\/\/www.hediyepazar.com\/?product=geleneksel-tiras-seti-9-parca-tiras-kutulu-set-4"},"modified":"2026-05-06T19:29:08","modified_gmt":"2026-05-06T22:29:08","slug":"geleneksel-tiras-seti-9-parca-tiras-kutulu-set-4","status":"publish","type":"product","link":"https:\/\/www.hediyepazar.com\/?product=geleneksel-tiras-seti-9-parca-tiras-kutulu-set-4","title":{"rendered":"Geleneksel T\u0131ra\u015f Seti &#8211; 9 Par\u00e7a T\u0131ra\u015f Kutulu Set"},"content":{"rendered":"<p dir=\"ltr\" role=\"presentation\" style=\"list-style-type: disc; font-size: 13pt; font-family: Oswald, sans-serif; background-color: transparent; font-variant-numeric: normal; font-variant-east-asian: normal; font-variant-alternates: normal; font-variant-position: normal; font-variant-emoji: normal; vertical-align: baseline; white-space: pre;line-height: 1.38; margin-top: 12pt; margin-bottom: 12pt;\">\n\t<span id=\"docs-internal-guid-9103ceaa-7fff-bd5b-3bee-5525322cea20\"><span style=\"font-size: 13pt; font-variant-numeric: normal; font-variant-east-asian: normal; font-variant-alternates: normal; font-variant-position: normal; font-variant-emoji: normal; vertical-align: baseline; text-wrap-mode: wrap;\">i\u00e7indekiler &#8211;\u00a0 t\u0131ra\u015f kutusu, t\u0131ra\u015f f\u0131r\u00e7as\u0131 ah\u015fap sapl\u0131, t\u0131ra\u015f sabunu, 20 adet yaprak jilet, t\u0131ra\u015f tas\u0131 304 paslanmaz \u00e7elik, krom BIG ROCK kendi \u00f6zel kutusuda bulunan t\u0131ra\u015f aleti\u00a0 \u00a0 , 40 adet kan durdurucu kanta\u015f\u0131 : <\/span><\/span><\/p>\n<div>\n\tSepete 1 ekledi\u011finizde, eksiksiz bir rit\u00fcel sunan 9 par\u00e7adan olu\u015fan\u00a0 set kap\u0131n\u0131za gelecektir. Bu \u00f6zel koleksiyon, d\u00fcnyaca \u00fcnl\u00fc \u0130talyan stil ikonumuz ve marka y\u00fcz\u00fcm\u00fcz Luca De Santis\u2019in bizzat deneyimledi\u011fi ve &#8220;Modern beyefendinin g\u00fcnl\u00fck meditasyonu&#8221; olarak tan\u0131mlad\u0131\u011f\u0131 favori setidir.<\/div>\n<div>\n\t\u00a0<\/div>\n<div>\n\t\u00d6l\u00e7\u00fc Rehberi:<\/div>\n<div>\n\t\u00a0<\/div>\n<div>\n\tKi\u015fisel Saklama Alan\u0131: 20 x 13 x 7 cm boyutlar\u0131ndaki \u00f6zel kutusu, standart bir ak\u0131ll\u0131 telefondan (yakla\u015f\u0131k 16 cm) biraz daha uzun ve geni\u015ftir. Banyoda hem derli toplu bir duru\u015f sergiler hem de t\u00fcm set i\u00e7eri\u011fini konforla muhafaza eder.<\/div>\n<div>\n\t\u00a0<\/div>\n<div>\n\t\u00a0Paslanmaz \u00e7eli\u011fin so\u011fuk ve asil dokusu, el yap\u0131m\u0131 ah\u015fap f\u0131r\u00e7a sap\u0131n\u0131n s\u0131cakl\u0131\u011f\u0131yla bulu\u015ftu. Plastik saklama \u00fcnitemiz, y\u0131llarca s\u00fcrecek nemli banyo ortam\u0131na dayanacak \u015fekilde en \u00fcst segment m\u00fchendislik polimerinden \u00fcretildi.<\/div>\n<div>\n\t\u00a0<\/div>\n<div>\n\tG\u00fcvence Notu: Karar\u0131n\u0131zdan emin de\u011fil misiniz? Biz hep buraday\u0131z, bir mesaj uza\u011f\u0131n\u0131zday\u0131z. Beklentilerinizin tam kar\u015f\u0131l\u0131\u011f\u0131n\u0131 bulana dek yan\u0131n\u0131zday\u0131z; her t\u00fcrl\u00fc soru ve talebinizde bize kolayca ula\u015fabilirsiniz.<\/div>\n<div>\n\t\u00a0<\/div>\n<div>\n\t\u00a0Kullan\u0131c\u0131 Deneyimleri\u00a0\u00a0<\/div>\n<div>\n\t&#8220;Krom t\u0131ra\u015f aletinin a\u011f\u0131rl\u0131\u011f\u0131 m\u00fckemmel. Kendi a\u011f\u0131rl\u0131\u011f\u0131yla sakal\u0131n \u00fczerinden kay\u0131p gidiyor, bast\u0131rmaya hi\u00e7 gerek kalm\u0131yor.&#8221;<\/div>\n<div>\n\t\u00a0<\/div>\n<div>\n\t&#8220;Daha \u00f6nce kulland\u0131\u011f\u0131m setlerin yan\u0131ndan bile ge\u00e7emez. \u00c7elik tas\u0131 o kadar kaliteli ki, sabunu k\u00f6p\u00fcrt\u00fcrken verdi\u011fi o yank\u0131 bile profesyonel hissettiriyor.&#8221;<\/div>\n<div>\n\t\u00a0<\/div>\n<div>\n\t&#8220;20 adet jilet ve kanta\u015f\u0131 dahil olmas\u0131 harika. Ba\u015fka hi\u00e7bir \u015feye ihtiya\u00e7 duymadan aylarca konforlu t\u0131ra\u015f olabiliyorum.&#8221;<\/div>\n<div>\n\t\u00a0<\/div>\n<div>\n\t&#8220;\u0130talyan Luca\u2019n\u0131n \u00f6nerisiyle ald\u0131m, ah\u015fap f\u0131r\u00e7an\u0131n k\u0131l kalitesi y\u00fcz\u00fcm\u00fc tahri\u015f etmiyor, aksine masaj yap\u0131yor.&#8221;<\/div>\n<div>\n\t\u00a0<\/div>\n<div>\n\t&#8220;Kutusu \u00e7ok kullan\u0131\u015fl\u0131, banyodaki o kalabal\u0131k g\u00f6r\u00fcnt\u00fcy\u00fc bitirdi. Her \u015fey yerli yerinde duruyor.&#8221;<\/div>\n<div>\n\t\u00a0<\/div>\n<div>\n\t&#8220;Paslanmaz \u00e7elik kalitesi ger\u00e7ekmi\u015f, aylar ge\u00e7mesine ra\u011fmen ilk g\u00fcnk\u00fc parlakl\u0131\u011f\u0131n\u0131 koruyor. Ger\u00e7ek bir beyefendi seti.&#8221;<\/div>\n<div>\n\t\u00a0<\/div>\n<div>\n\t\u00a0Bu set, s\u0131radan bir sabah rutininden fazlas\u0131d\u0131r; banyonuzdaki \u00f6zel bir imza, stat\u00fcn\u00fcz\u00fcn sessiz bir kan\u0131t\u0131d\u0131r. Piyasadaki basit plastik aparatlar her y\u0131l yenilenmek zorundayken, BIG ROCK zamana meydan okur. Sadece s\u0131n\u0131rl\u0131 say\u0131da \u00fcretilen ve ger\u00e7ek kaliteyi ay\u0131rt edebilen profesyonellerin banyosunda yer bulan bu koleksiyon, ucuz alternatiflerin yaratt\u0131\u011f\u0131 tahri\u015f, paslanma ve kalitesizlik hissini kap\u0131n\u0131zdan i\u00e7eri sokmaz. Kendinize yapt\u0131\u011f\u0131n\u0131z bu yat\u0131r\u0131m, her sabah aynada kar\u015f\u0131la\u015ft\u0131\u011f\u0131n\u0131z o kusursuz g\u00f6r\u00fcn\u00fcm\u00fcn ve kendinize olan sayg\u0131n\u0131z\u0131n en somut g\u00f6stergesidir.<\/div>\n<div>\n\t\u00a0<\/div>\n<div>\n\t\u00a0<\/div>\n<div>\n\tPiyasa standartlar\u0131n\u0131n \u00e7ok \u00fczerinde bir malzeme kalitesiyle \u00fcretilen bu set, 304 paslanmaz \u00e7elik tas\u0131 ve a\u011f\u0131r krom g\u00f6vdeli t\u0131ra\u015f aletiyle \u00f6m\u00fcrl\u00fck bir miras gibidir. S\u0131radan alternatiflerin aksine, BIG ROCK jiletleri en hassas ciltlerde bile tahri\u015f riskini minimize eden m\u00fchendislikle dizayn edilmi\u015ftir. Bu set bir harcama de\u011fil; her sabah kuaf\u00f6rden \u00e7\u0131km\u0131\u015f\u00e7as\u0131na p\u00fcr\u00fczs\u00fcz bir cilde ve y\u00fcksek bir \u00f6zg\u00fcvene sahip olmak i\u00e7in yap\u0131lan kal\u0131c\u0131 bir yat\u0131r\u0131md\u0131r.<\/div>\n<div>\n\t\u00a0<\/div>\n<div>\n\t\u00a0S\u0131k\u00e7a Sorulan Sorular<\/div>\n<div>\n\tSoru: T\u0131ra\u015f aleti her marka jiletle uyumlu mu? Cevap: Evet, standart \u00e7ift tarafl\u0131 t\u00fcm yaprak jiletlerle kusursuz uyum sa\u011flar.<\/div>\n<div>\n\t\u00a0<\/div>\n<div>\n\tSoru: Ah\u015fap f\u0131r\u00e7a sap\u0131 suyla temas edince karar\u0131r m\u0131? Cevap: Hay\u0131r, suya dayan\u0131kl\u0131 \u00f6zel koruyucu vernik ile kaplanm\u0131\u015ft\u0131r.<\/div>\n<div>\n\t\u00a0<\/div>\n<div>\n\tSoru: \u00c7elik tas paslan\u0131r m\u0131? Cevap: \u00dcr\u00fcn\u00fcm\u00fcz 304 kalite ger\u00e7ek paslanmaz \u00e7eliktir, asla paslanma yapmaz.<\/div>\n<div>\n\t\u00a0<\/div>\n<div>\n\tSoru: Setin i\u00e7indeki sabun ka\u00e7 ay gider? Cevap: Yo\u011fun form\u00fcl\u00fc sayesinde ortalama 3-4 ay boyunca g\u00fcnl\u00fck kullan\u0131ma uygundur.<\/div>\n<div>\n\t\u00a0<\/div>\n<div>\n\tSoru: Kanta\u015f\u0131 ger\u00e7ekten kanamay\u0131 durduruyor mu? Cevap: Evet, i\u00e7eri\u011findeki do\u011fal mineraller sayesinde ufak kesikleri an\u0131nda m\u00fch\u00fcrler.<\/div>\n<div>\n\t\u00a0<\/div>\n<div>\n\tSoru: Saklama kutusu seyahatler i\u00e7in uygun mu? Cevap: Evet, ergonomik boyutlar\u0131 sayesinde valizde \u00e7ok az yer kaplar.<\/div>\n<div>\n\t\u00a0<\/div>\n<div>\n\tSoru: T\u0131ra\u015f aleti agresif mi yoksa yumu\u015fak bir kesim mi sunuyor? Cevap: Orta agresif dengededir; hem yeni ba\u015flayanlar hem de tecr\u00fcbeliler i\u00e7in idealdir.<\/div>\n<div>\n\t\u00a0<\/div>\n<div>\n\tSoru: F\u0131r\u00e7a k\u0131llar\u0131 d\u00f6k\u00fclme yapar m\u0131? Cevap: \u0130lk birka\u00e7 kullan\u0131mda do\u011fal olarak 1-2 tel d\u00f6kebilir, sonras\u0131nda formunu korur.<\/div>\n<div>\n\t\u00a0<\/div>\n<div>\n\tSoru: Kutunun i\u00e7indeki jiletler ka\u00e7l\u0131 paketler halinde? Cevap: 20 adet y\u00fcksek kaliteli yaprak jilet, \u00f6zel kutular\u0131nda gelmektedir.<\/div>\n<div>\n\t\u00a0<\/div>\n<div>\n\tSoru: Bu set profesyonel berber kullan\u0131m\u0131na uygun mu? Cevap: Evet, materyal kalitesi yo\u011fun kullan\u0131ma ve sterilizasyona uygundur.<\/div>\n","protected":false},"excerpt":{"rendered":"<p>i\u00e7indekiler &#8211;\u00a0 t\u0131ra\u015f kutusu, t\u0131ra\u015f f\u0131r\u00e7as\u0131 ah\u015fap sapl\u0131, t\u0131ra\u015f sabunu, 20 adet yaprak jilet, t\u0131ra\u015f tas\u0131 304 paslanmaz \u00e7elik, krom BIG ROCK kendi \u00f6zel kutusuda bulunan t\u0131ra\u015f aleti\u00a0 \u00a0 , 40 adet kan durdurucu kanta\u015f\u0131 : Sepete 1 ekledi\u011finizde, eksiksiz bir rit\u00fcel sunan 9 par\u00e7adan olu\u015fan\u00a0 set kap\u0131n\u0131za gelecektir. Bu \u00f6zel koleksiyon, d\u00fcnyaca \u00fcnl\u00fc \u0130talyan&#8230;<\/p>\n","protected":false},"featured_media":126057,"comment_status":"open","ping_status":"closed","template":"","meta":{"_kad_post_transparent":"","_kad_post_title":"","_kad_post_layout":"","_kad_post_sidebar_id":"","_kad_post_content_style":"","_kad_post_vertical_padding":"","_kad_post_feature":"","_kad_post_feature_position":"","_kad_post_header":false,"_kad_post_footer":false,"_kad_post_classname":""},"product_brand":[],"product_cat":[15245],"product_tag":[],"class_list":{"0":"post-126058","1":"product","2":"type-product","3":"status-publish","4":"has-post-thumbnail","6":"product_cat-kisisel-urunler-kisisel-urunler-kisisel-urunler-kisisel-urunler-2","8":"first","9":"instock","10":"purchasable","11":"product-type-simple","12":"entry","13":"content-bg","14":"loop-entry"},"_links":{"self":[{"href":"https:\/\/www.hediyepazar.com\/index.php?rest_route=\/wp\/v2\/product\/126058","targetHints":{"allow":["GET"]}}],"collection":[{"href":"https:\/\/www.hediyepazar.com\/index.php?rest_route=\/wp\/v2\/product"}],"about":[{"href":"https:\/\/www.hediyepazar.com\/index.php?rest_route=\/wp\/v2\/types\/product"}],"replies":[{"embeddable":true,"href":"https:\/\/www.hediyepazar.com\/index.php?rest_route=%2Fwp%2Fv2%2Fcomments&post=126058"}],"wp:featuredmedia":[{"embeddable":true,"href":"https:\/\/www.hediyepazar.com\/index.php?rest_route=\/wp\/v2\/media\/126057"}],"wp:attachment":[{"href":"https:\/\/www.hediyepazar.com\/index.php?rest_route=%2Fwp%2Fv2%2Fmedia&parent=126058"}],"wp:term":[{"taxonomy":"product_brand","embeddable":true,"href":"https:\/\/www.hediyepazar.com\/index.php?rest_route=%2Fwp%2Fv2%2Fproduct_brand&post=126058"},{"taxonomy":"product_cat","embeddable":true,"href":"https:\/\/www.hediyepazar.com\/index.php?rest_route=%2Fwp%2Fv2%2Fproduct_cat&post=126058"},{"taxonomy":"product_tag","embeddable":true,"href":"https:\/\/www.hediyepazar.com\/index.php?rest_route=%2Fwp%2Fv2%2Fproduct_tag&post=126058"}],"curies":[{"name":"wp","href":"https:\/\/api.w.org\/{rel}","templated":true}]}}