{"id":126198,"date":"2026-05-06T19:48:04","date_gmt":"2026-05-06T22:48:04","guid":{"rendered":"https:\/\/www.hediyepazar.com\/?product=elektrikli-cezve-800-watt-paslanmaz-celik-turk-kahve-makinesi-sapli"},"modified":"2026-05-06T19:48:04","modified_gmt":"2026-05-06T22:48:04","slug":"elektrikli-cezve-800-watt-paslanmaz-celik-turk-kahve-makinesi-sapli","status":"publish","type":"product","link":"https:\/\/www.hediyepazar.com\/?product=elektrikli-cezve-800-watt-paslanmaz-celik-turk-kahve-makinesi-sapli","title":{"rendered":"Elektrikli Cezve 800 Watt Paslanmaz \u00c7elik T\u00fcrk Kahve Makinesi Sapl\u0131"},"content":{"rendered":"<p>Bu \u015f\u0131k ve fonksiyonel elektrikli cezve, 800 watt g\u00fcc\u00fcyle h\u0131zl\u0131 ve verimli bir kahve pi\u015firme deneyimi sunar. 360 ml kapasitesi ile 6 fincana kadar T\u00fcrk kahvesi haz\u0131rlama imkan\u0131 sa\u011flar, b\u00f6ylece kalabal\u0131k misafirlerinizle keyifli bir kahve zaman\u0131 ge\u00e7irebilirsiniz. Gizli rezistans teknolojisi, kahvenin h\u0131zl\u0131 ve g\u00fcvenli bir \u015fekilde pi\u015fmesini sa\u011flarken, ayn\u0131 zamanda temizlik a\u00e7\u0131s\u0131ndan b\u00fcy\u00fck kolayl\u0131k sa\u011flar.360 derece d\u00f6nebilen kablosuz taban\u0131, hareket \u00f6zg\u00fcrl\u00fc\u011f\u00fc tan\u0131yarak pi\u015firme s\u0131ras\u0131nda rahat kullan\u0131m sunar. Paslanmaz \u00e7elikten \u00fcretilen g\u00f6vdesi, hem dayan\u0131kl\u0131 hem de \u015f\u0131k bir tasar\u0131ma sahiptir. Kolayca temizlenebilen yap\u0131s\u0131, hijyenik kullan\u0131m sunar ve her seferinde temiz bir deneyim ya\u015faman\u0131z\u0131 sa\u011flar.Cezvenin \u00fczerinde yer alan k\u0131rm\u0131z\u0131 g\u00fc\u00e7 d\u00fc\u011fmesi, a\u00e7ma ve kapama i\u015flemini h\u0131zl\u0131 ve pratik hale getirir. Is\u0131nmayan ergonomik kulpu, kullan\u0131m s\u0131ras\u0131nda g\u00fcvenli\u011fi art\u0131r\u0131r ve rahat bir tutu\u015f sa\u011flar. Paslanmaz \u00e7elik yap\u0131s\u0131, uzun \u00f6m\u00fcrl\u00fc ve dayan\u0131kl\u0131 bir kullan\u0131m sunarak y\u0131llarca keyifle kullanman\u0131z\u0131 sa\u011flar.Bu elektrikli cezve, lezzetli T\u00fcrk kahveleri haz\u0131rlaman\u0131n yan\u0131 s\u0131ra, modern tasar\u0131m\u0131 ve kullan\u0131\u015fl\u0131 \u00f6zellikleri ile mutfa\u011f\u0131n\u0131za \u015f\u0131kl\u0131k katacak bir \u00fcr\u00fcnd\u00fcr. Hem pratik hem de estetik a\u00e7\u0131dan m\u00fckemmel bir se\u00e7enek olup, 6 fincana kadar kahve haz\u0131rlama kapasitesiyle geni\u015f aileler ve misafirler i\u00e7in ideal bir tercihtir.<\/p>\n","protected":false},"excerpt":{"rendered":"<p>Bu \u015f\u0131k ve fonksiyonel elektrikli cezve, 800 watt g\u00fcc\u00fcyle h\u0131zl\u0131 ve verimli bir kahve pi\u015firme deneyimi sunar. 360 ml kapasitesi ile 6 fincana kadar T\u00fcrk kahvesi haz\u0131rlama imkan\u0131 sa\u011flar, b\u00f6ylece kalabal\u0131k misafirlerinizle keyifli bir kahve zaman\u0131 ge\u00e7irebilirsiniz. Gizli rezistans teknolojisi, kahvenin h\u0131zl\u0131 ve g\u00fcvenli bir \u015fekilde pi\u015fmesini sa\u011flarken, ayn\u0131 zamanda temizlik a\u00e7\u0131s\u0131ndan b\u00fcy\u00fck kolayl\u0131k sa\u011flar.360&#8230;<\/p>\n","protected":false},"featured_media":126197,"comment_status":"open","ping_status":"closed","template":"","meta":{"_kad_post_transparent":"","_kad_post_title":"","_kad_post_layout":"","_kad_post_sidebar_id":"","_kad_post_content_style":"","_kad_post_vertical_padding":"","_kad_post_feature":"","_kad_post_feature_position":"","_kad_post_header":false,"_kad_post_footer":false,"_kad_post_classname":""},"product_brand":[],"product_cat":[15099],"product_tag":[],"class_list":{"0":"post-126198","1":"product","2":"type-product","3":"status-publish","4":"has-post-thumbnail","6":"product_cat-kahve-makinesi-kahve-makinesi","8":"first","9":"instock","10":"purchasable","11":"product-type-simple","12":"entry","13":"content-bg","14":"loop-entry"},"_links":{"self":[{"href":"https:\/\/www.hediyepazar.com\/index.php?rest_route=\/wp\/v2\/product\/126198","targetHints":{"allow":["GET"]}}],"collection":[{"href":"https:\/\/www.hediyepazar.com\/index.php?rest_route=\/wp\/v2\/product"}],"about":[{"href":"https:\/\/www.hediyepazar.com\/index.php?rest_route=\/wp\/v2\/types\/product"}],"replies":[{"embeddable":true,"href":"https:\/\/www.hediyepazar.com\/index.php?rest_route=%2Fwp%2Fv2%2Fcomments&post=126198"}],"wp:featuredmedia":[{"embeddable":true,"href":"https:\/\/www.hediyepazar.com\/index.php?rest_route=\/wp\/v2\/media\/126197"}],"wp:attachment":[{"href":"https:\/\/www.hediyepazar.com\/index.php?rest_route=%2Fwp%2Fv2%2Fmedia&parent=126198"}],"wp:term":[{"taxonomy":"product_brand","embeddable":true,"href":"https:\/\/www.hediyepazar.com\/index.php?rest_route=%2Fwp%2Fv2%2Fproduct_brand&post=126198"},{"taxonomy":"product_cat","embeddable":true,"href":"https:\/\/www.hediyepazar.com\/index.php?rest_route=%2Fwp%2Fv2%2Fproduct_cat&post=126198"},{"taxonomy":"product_tag","embeddable":true,"href":"https:\/\/www.hediyepazar.com\/index.php?rest_route=%2Fwp%2Fv2%2Fproduct_tag&post=126198"}],"curies":[{"name":"wp","href":"https:\/\/api.w.org\/{rel}","templated":true}]}}