{"id":126206,"date":"2026-05-06T19:50:11","date_gmt":"2026-05-06T22:50:11","guid":{"rendered":"https:\/\/www.hediyepazar.com\/?product=elektrikli-turk-kahvesi-cezvesi-800w-kablosuz-doner-tabanli"},"modified":"2026-05-06T19:50:11","modified_gmt":"2026-05-06T22:50:11","slug":"elektrikli-turk-kahvesi-cezvesi-800w-kablosuz-doner-tabanli","status":"publish","type":"product","link":"https:\/\/www.hediyepazar.com\/?product=elektrikli-turk-kahvesi-cezvesi-800w-kablosuz-doner-tabanli","title":{"rendered":"Elektrikli T\u00fcrk Kahvesi Cezvesi 800W Kablosuz D\u00f6ner Tabanl\u0131"},"content":{"rendered":"<p>Geleneksel lezzeti modern teknolojiyle bulu\u015fturan elektrikli T\u00fcrk kahvesi cezvesi, her fincanda m\u00fckemmel sonu\u00e7lar sunar.800W g\u00fcc\u00fc ile kahvenizi k\u0131sa s\u00fcrede haz\u0131rlar, 300 ml kapasitesiyle 6 fincana kadar servis yapman\u0131za imkan tan\u0131r.360\u00b0 d\u00f6nebilen kablosuz taban, cezveyi diledi\u011finiz y\u00f6nden kald\u0131r\u0131p kullanman\u0131z\u0131 kolayla\u015ft\u0131r\u0131r.Gizli rezistans teknolojisi, hijyenik ve g\u00fcvenli kullan\u0131m sunarken i\u00e7 y\u00fczeyin temizli\u011fini basitle\u015ftirir.Paslanmaz \u00e7elik g\u00f6vde, dayan\u0131kl\u0131l\u0131\u011f\u0131 ve zarif g\u00f6r\u00fcn\u00fcm\u00fcyle \u00f6ne \u00e7\u0131kar.Is\u0131nmayan ergonomik kulp, konforlu bir tutu\u015f sa\u011flar.K\u0131rm\u0131z\u0131 g\u00fc\u00e7 d\u00fc\u011fmesi sayesinde cezveyi kolayca a\u00e7\u0131p kapatabilirsiniz.G\u00fc\u00e7l\u00fc performans\u0131, \u015f\u0131k tasar\u0131m\u0131 ve uzun \u00f6m\u00fcrl\u00fc yap\u0131s\u0131yla bu cezve, mutfakta vazge\u00e7ilmeziniz olacak.Kahve tutkunlar\u0131 i\u00e7in hem estetik hem de i\u015flevsel bir \u00e7\u00f6z\u00fcmd\u00fcr.<\/p>\n","protected":false},"excerpt":{"rendered":"<p>Geleneksel lezzeti modern teknolojiyle bulu\u015fturan elektrikli T\u00fcrk kahvesi cezvesi, her fincanda m\u00fckemmel sonu\u00e7lar sunar.800W g\u00fcc\u00fc ile kahvenizi k\u0131sa s\u00fcrede haz\u0131rlar, 300 ml kapasitesiyle 6 fincana kadar servis yapman\u0131za imkan tan\u0131r.360\u00b0 d\u00f6nebilen kablosuz taban, cezveyi diledi\u011finiz y\u00f6nden kald\u0131r\u0131p kullanman\u0131z\u0131 kolayla\u015ft\u0131r\u0131r.Gizli rezistans teknolojisi, hijyenik ve g\u00fcvenli kullan\u0131m sunarken i\u00e7 y\u00fczeyin temizli\u011fini basitle\u015ftirir.Paslanmaz \u00e7elik g\u00f6vde, dayan\u0131kl\u0131l\u0131\u011f\u0131 ve zarif&#8230;<\/p>\n","protected":false},"featured_media":126205,"comment_status":"open","ping_status":"closed","template":"","meta":{"_kad_post_transparent":"","_kad_post_title":"","_kad_post_layout":"","_kad_post_sidebar_id":"","_kad_post_content_style":"","_kad_post_vertical_padding":"","_kad_post_feature":"","_kad_post_feature_position":"","_kad_post_header":false,"_kad_post_footer":false,"_kad_post_classname":""},"product_brand":[],"product_cat":[15099],"product_tag":[],"class_list":{"0":"post-126206","1":"product","2":"type-product","3":"status-publish","4":"has-post-thumbnail","6":"product_cat-kahve-makinesi-kahve-makinesi","8":"first","9":"instock","10":"purchasable","11":"product-type-simple","12":"entry","13":"content-bg","14":"loop-entry"},"_links":{"self":[{"href":"https:\/\/www.hediyepazar.com\/index.php?rest_route=\/wp\/v2\/product\/126206","targetHints":{"allow":["GET"]}}],"collection":[{"href":"https:\/\/www.hediyepazar.com\/index.php?rest_route=\/wp\/v2\/product"}],"about":[{"href":"https:\/\/www.hediyepazar.com\/index.php?rest_route=\/wp\/v2\/types\/product"}],"replies":[{"embeddable":true,"href":"https:\/\/www.hediyepazar.com\/index.php?rest_route=%2Fwp%2Fv2%2Fcomments&post=126206"}],"wp:featuredmedia":[{"embeddable":true,"href":"https:\/\/www.hediyepazar.com\/index.php?rest_route=\/wp\/v2\/media\/126205"}],"wp:attachment":[{"href":"https:\/\/www.hediyepazar.com\/index.php?rest_route=%2Fwp%2Fv2%2Fmedia&parent=126206"}],"wp:term":[{"taxonomy":"product_brand","embeddable":true,"href":"https:\/\/www.hediyepazar.com\/index.php?rest_route=%2Fwp%2Fv2%2Fproduct_brand&post=126206"},{"taxonomy":"product_cat","embeddable":true,"href":"https:\/\/www.hediyepazar.com\/index.php?rest_route=%2Fwp%2Fv2%2Fproduct_cat&post=126206"},{"taxonomy":"product_tag","embeddable":true,"href":"https:\/\/www.hediyepazar.com\/index.php?rest_route=%2Fwp%2Fv2%2Fproduct_tag&post=126206"}],"curies":[{"name":"wp","href":"https:\/\/api.w.org\/{rel}","templated":true}]}}