{"id":126208,"date":"2026-05-06T19:50:17","date_gmt":"2026-05-06T22:50:17","guid":{"rendered":"https:\/\/www.hediyepazar.com\/?product=mini-turk-kahvesi-makinesi-kettle-fonksiyonlu"},"modified":"2026-05-06T19:50:17","modified_gmt":"2026-05-06T22:50:17","slug":"mini-turk-kahvesi-makinesi-kettle-fonksiyonlu","status":"publish","type":"product","link":"https:\/\/www.hediyepazar.com\/?product=mini-turk-kahvesi-makinesi-kettle-fonksiyonlu","title":{"rendered":"Mini T\u00fcrk Kahvesi Makinesi Kettle Fonksiyonlu"},"content":{"rendered":"<p>Bol k\u00f6p\u00fckl\u00fc T\u00fcrk kahvesi makinesi, kahve haz\u0131rlama s\u00fcrecini zahmetsiz ve keyifli hale getirmek i\u00e7in tasarlanm\u0131\u015ft\u0131r. Kettle \u00f6zellikli yap\u0131s\u0131 sayesinde tek bir cihaz ile hem kahve haz\u0131rlayabilir hem de su \u0131s\u0131tabilirsiniz. Elektrikli \u00e7al\u0131\u015fma sistemi, k\u0131sa s\u00fcrede ideal s\u0131cakl\u0131\u011fa ula\u015farak h\u0131zl\u0131 sonu\u00e7 alman\u0131z\u0131 sa\u011flar.Minik ve ergonomik tasar\u0131m\u0131, \u00fcr\u00fcn\u00fc mutfakta fazla yer kaplamadan kullanma avantaj\u0131 sunar. Ta\u015f\u0131nabilir yap\u0131s\u0131 sayesinde ev d\u0131\u015f\u0131nda da rahatl\u0131kla kullan\u0131labilir. Gizli rezistans teknolojisi, \u0131s\u0131n\u0131n homojen \u015fekilde da\u011f\u0131lmas\u0131na yard\u0131mc\u0131 olarak bol k\u00f6p\u00fckl\u00fc kahve elde edilmesini destekler.Sa\u011fl\u0131\u011fa uygun plastik malzemeden \u00fcretilmi\u015f olmas\u0131, g\u00fcvenli kullan\u0131m sa\u011flar. Paket i\u00e7eri\u011finde yer alan \u00f6zel plastik ka\u015f\u0131k, kar\u0131\u015ft\u0131rma i\u015flemini pratik hale getirir. Metal ka\u015f\u0131k kullan\u0131lmamas\u0131 \u00f6nerilir.Bu pratik kahve makinesi, kettle olarak da kullan\u0131labilir ve s\u0131cak su ihtiyac\u0131n\u0131 kar\u015f\u0131layabilir. G\u00fcnl\u00fck kullan\u0131mda \u00e7ok y\u00f6nl\u00fc bir yard\u0131mc\u0131d\u0131r. S\u00fct \u0131s\u0131tmak i\u00e7in uygun de\u011fildir.Kullan\u0131m sonras\u0131 fi\u015fin \u00e7ekilmesi ve cihaz \u00e7al\u0131\u015f\u0131rken i\u00e7erisine el sokulmamas\u0131 g\u00fcvenlik kurallar\u0131na uyum a\u00e7\u0131s\u0131ndan \u00f6nemlidir. Pratik T\u00fcrk kahvesi makinesi, geleneksel lezzeti modern kullan\u0131m kolayl\u0131\u011f\u0131yla sunan ideal bir \u00e7\u00f6z\u00fcmd\u00fcr.<\/p>\n","protected":false},"excerpt":{"rendered":"<p>Bol k\u00f6p\u00fckl\u00fc T\u00fcrk kahvesi makinesi, kahve haz\u0131rlama s\u00fcrecini zahmetsiz ve keyifli hale getirmek i\u00e7in tasarlanm\u0131\u015ft\u0131r. Kettle \u00f6zellikli yap\u0131s\u0131 sayesinde tek bir cihaz ile hem kahve haz\u0131rlayabilir hem de su \u0131s\u0131tabilirsiniz. Elektrikli \u00e7al\u0131\u015fma sistemi, k\u0131sa s\u00fcrede ideal s\u0131cakl\u0131\u011fa ula\u015farak h\u0131zl\u0131 sonu\u00e7 alman\u0131z\u0131 sa\u011flar.Minik ve ergonomik tasar\u0131m\u0131, \u00fcr\u00fcn\u00fc mutfakta fazla yer kaplamadan kullanma avantaj\u0131 sunar. Ta\u015f\u0131nabilir yap\u0131s\u0131&#8230;<\/p>\n","protected":false},"featured_media":126207,"comment_status":"open","ping_status":"closed","template":"","meta":{"_kad_post_transparent":"","_kad_post_title":"","_kad_post_layout":"","_kad_post_sidebar_id":"","_kad_post_content_style":"","_kad_post_vertical_padding":"","_kad_post_feature":"","_kad_post_feature_position":"","_kad_post_header":false,"_kad_post_footer":false,"_kad_post_classname":""},"product_brand":[],"product_cat":[15037],"product_tag":[],"class_list":{"0":"post-126208","1":"product","2":"type-product","3":"status-publish","4":"has-post-thumbnail","6":"product_cat-su-isitici-ve-kettle-su-isitici-ve-kettle","8":"first","9":"instock","10":"purchasable","11":"product-type-simple","12":"entry","13":"content-bg","14":"loop-entry"},"_links":{"self":[{"href":"https:\/\/www.hediyepazar.com\/index.php?rest_route=\/wp\/v2\/product\/126208","targetHints":{"allow":["GET"]}}],"collection":[{"href":"https:\/\/www.hediyepazar.com\/index.php?rest_route=\/wp\/v2\/product"}],"about":[{"href":"https:\/\/www.hediyepazar.com\/index.php?rest_route=\/wp\/v2\/types\/product"}],"replies":[{"embeddable":true,"href":"https:\/\/www.hediyepazar.com\/index.php?rest_route=%2Fwp%2Fv2%2Fcomments&post=126208"}],"wp:featuredmedia":[{"embeddable":true,"href":"https:\/\/www.hediyepazar.com\/index.php?rest_route=\/wp\/v2\/media\/126207"}],"wp:attachment":[{"href":"https:\/\/www.hediyepazar.com\/index.php?rest_route=%2Fwp%2Fv2%2Fmedia&parent=126208"}],"wp:term":[{"taxonomy":"product_brand","embeddable":true,"href":"https:\/\/www.hediyepazar.com\/index.php?rest_route=%2Fwp%2Fv2%2Fproduct_brand&post=126208"},{"taxonomy":"product_cat","embeddable":true,"href":"https:\/\/www.hediyepazar.com\/index.php?rest_route=%2Fwp%2Fv2%2Fproduct_cat&post=126208"},{"taxonomy":"product_tag","embeddable":true,"href":"https:\/\/www.hediyepazar.com\/index.php?rest_route=%2Fwp%2Fv2%2Fproduct_tag&post=126208"}],"curies":[{"name":"wp","href":"https:\/\/api.w.org\/{rel}","templated":true}]}}