{"id":126218,"date":"2026-05-06T19:53:04","date_gmt":"2026-05-06T22:53:04","guid":{"rendered":"https:\/\/www.hediyepazar.com\/?product=kablosuz-wifi-tekrarlayici-300mbps"},"modified":"2026-05-06T19:53:04","modified_gmt":"2026-05-06T22:53:04","slug":"kablosuz-wifi-tekrarlayici-300mbps","status":"publish","type":"product","link":"https:\/\/www.hediyepazar.com\/?product=kablosuz-wifi-tekrarlayici-300mbps","title":{"rendered":"Kablosuz WiFi Tekrarlay\u0131c\u0131 300Mbps"},"content":{"rendered":"<p>Dayan\u0131kl\u0131 ABS ve PC malzemeden \u00fcretilmi\u015f olan bu WiFi tekrarlay\u0131c\u0131, uzun s\u00fcreli kullan\u0131m i\u00e7in tasarlanm\u0131\u015ft\u0131r. Is\u0131ya ve darbelere kar\u015f\u0131 diren\u00e7li yap\u0131s\u0131 sayesinde ev ve i\u015f yerlerinde g\u00fcvenle kullan\u0131labilir. Ta\u015f\u0131nabilir tasar\u0131m\u0131 sayesinde farkl\u0131 alanlara kolayca ta\u015f\u0131nabilir ve yeniden kurulabilir. Ev, kahve d\u00fckkan\u0131, k\u00fct\u00fcphane, otel gibi WiFi sinyalinin zay\u0131f oldu\u011fu ortamlarda kapsama alan\u0131n\u0131 geni\u015fleterek internet eri\u015fimini daha verimli hale getirir.<\/p>\n","protected":false},"excerpt":{"rendered":"<p>Dayan\u0131kl\u0131 ABS ve PC malzemeden \u00fcretilmi\u015f olan bu WiFi tekrarlay\u0131c\u0131, uzun s\u00fcreli kullan\u0131m i\u00e7in tasarlanm\u0131\u015ft\u0131r. Is\u0131ya ve darbelere kar\u015f\u0131 diren\u00e7li yap\u0131s\u0131 sayesinde ev ve i\u015f yerlerinde g\u00fcvenle kullan\u0131labilir. Ta\u015f\u0131nabilir tasar\u0131m\u0131 sayesinde farkl\u0131 alanlara kolayca ta\u015f\u0131nabilir ve yeniden kurulabilir. Ev, kahve d\u00fckkan\u0131, k\u00fct\u00fcphane, otel gibi WiFi sinyalinin zay\u0131f oldu\u011fu ortamlarda kapsama alan\u0131n\u0131 geni\u015fleterek internet eri\u015fimini daha&#8230;<\/p>\n","protected":false},"featured_media":126217,"comment_status":"open","ping_status":"closed","template":"","meta":{"_kad_post_transparent":"","_kad_post_title":"","_kad_post_layout":"","_kad_post_sidebar_id":"","_kad_post_content_style":"","_kad_post_vertical_padding":"","_kad_post_feature":"","_kad_post_feature_position":"","_kad_post_header":false,"_kad_post_footer":false,"_kad_post_classname":""},"product_brand":[],"product_cat":[14989],"product_tag":[],"class_list":{"0":"post-126218","1":"product","2":"type-product","3":"status-publish","4":"has-post-thumbnail","6":"product_cat-wireless-adaptor-wireless-adaptor","8":"first","9":"instock","10":"purchasable","11":"product-type-simple","12":"entry","13":"content-bg","14":"loop-entry"},"_links":{"self":[{"href":"https:\/\/www.hediyepazar.com\/index.php?rest_route=\/wp\/v2\/product\/126218","targetHints":{"allow":["GET"]}}],"collection":[{"href":"https:\/\/www.hediyepazar.com\/index.php?rest_route=\/wp\/v2\/product"}],"about":[{"href":"https:\/\/www.hediyepazar.com\/index.php?rest_route=\/wp\/v2\/types\/product"}],"replies":[{"embeddable":true,"href":"https:\/\/www.hediyepazar.com\/index.php?rest_route=%2Fwp%2Fv2%2Fcomments&post=126218"}],"wp:featuredmedia":[{"embeddable":true,"href":"https:\/\/www.hediyepazar.com\/index.php?rest_route=\/wp\/v2\/media\/126217"}],"wp:attachment":[{"href":"https:\/\/www.hediyepazar.com\/index.php?rest_route=%2Fwp%2Fv2%2Fmedia&parent=126218"}],"wp:term":[{"taxonomy":"product_brand","embeddable":true,"href":"https:\/\/www.hediyepazar.com\/index.php?rest_route=%2Fwp%2Fv2%2Fproduct_brand&post=126218"},{"taxonomy":"product_cat","embeddable":true,"href":"https:\/\/www.hediyepazar.com\/index.php?rest_route=%2Fwp%2Fv2%2Fproduct_cat&post=126218"},{"taxonomy":"product_tag","embeddable":true,"href":"https:\/\/www.hediyepazar.com\/index.php?rest_route=%2Fwp%2Fv2%2Fproduct_tag&post=126218"}],"curies":[{"name":"wp","href":"https:\/\/api.w.org\/{rel}","templated":true}]}}