{"id":126220,"date":"2026-05-06T19:53:10","date_gmt":"2026-05-06T22:53:10","guid":{"rendered":"https:\/\/www.hediyepazar.com\/?product=cift-bant-wifi-guclendirici-2-4g-5g"},"modified":"2026-05-06T19:53:10","modified_gmt":"2026-05-06T22:53:10","slug":"cift-bant-wifi-guclendirici-2-4g-5g","status":"publish","type":"product","link":"https:\/\/www.hediyepazar.com\/?product=cift-bant-wifi-guclendirici-2-4g-5g","title":{"rendered":"\u00c7ift Bant WiFi G\u00fc\u00e7lendirici 2.4G 5G"},"content":{"rendered":"<p>300Mbps iletim h\u0131z\u0131na sahip olan bu WiFi g\u00fc\u00e7lendirici, internet deneyiminizi daha ak\u0131c\u0131 ve kesintisiz hale getirir. Video izleme, online toplant\u0131lar, uzaktan e\u011fitim ve g\u00fcnl\u00fck internet kullan\u0131m\u0131 i\u00e7in yeterli h\u0131z ve stabilite sa\u011flar. R\u00f6le modu sayesinde mevcut WiFi sinyalini al\u0131r ve daha uzak alanlara iletirken, AP modu ile kablolu ba\u011flant\u0131y\u0131 kablosuz a\u011fa d\u00f6n\u00fc\u015ft\u00fcrebilirsiniz. Bu \u00e7ok y\u00f6nl\u00fc kullan\u0131m, cihaz\u0131 farkl\u0131 senaryolara uygun hale getirir. Kompakt yap\u0131s\u0131 sayesinde priz \u00fczerinde yer kaplamaz ve estetik bir g\u00f6r\u00fcn\u00fcm sunar.<\/p>\n","protected":false},"excerpt":{"rendered":"<p>300Mbps iletim h\u0131z\u0131na sahip olan bu WiFi g\u00fc\u00e7lendirici, internet deneyiminizi daha ak\u0131c\u0131 ve kesintisiz hale getirir. Video izleme, online toplant\u0131lar, uzaktan e\u011fitim ve g\u00fcnl\u00fck internet kullan\u0131m\u0131 i\u00e7in yeterli h\u0131z ve stabilite sa\u011flar. R\u00f6le modu sayesinde mevcut WiFi sinyalini al\u0131r ve daha uzak alanlara iletirken, AP modu ile kablolu ba\u011flant\u0131y\u0131 kablosuz a\u011fa d\u00f6n\u00fc\u015ft\u00fcrebilirsiniz. Bu \u00e7ok y\u00f6nl\u00fc&#8230;<\/p>\n","protected":false},"featured_media":126219,"comment_status":"open","ping_status":"closed","template":"","meta":{"_kad_post_transparent":"","_kad_post_title":"","_kad_post_layout":"","_kad_post_sidebar_id":"","_kad_post_content_style":"","_kad_post_vertical_padding":"","_kad_post_feature":"","_kad_post_feature_position":"","_kad_post_header":false,"_kad_post_footer":false,"_kad_post_classname":""},"product_brand":[],"product_cat":[14989],"product_tag":[],"class_list":{"0":"post-126220","1":"product","2":"type-product","3":"status-publish","4":"has-post-thumbnail","6":"product_cat-wireless-adaptor-wireless-adaptor","8":"first","9":"instock","10":"purchasable","11":"product-type-simple","12":"entry","13":"content-bg","14":"loop-entry"},"_links":{"self":[{"href":"https:\/\/www.hediyepazar.com\/index.php?rest_route=\/wp\/v2\/product\/126220","targetHints":{"allow":["GET"]}}],"collection":[{"href":"https:\/\/www.hediyepazar.com\/index.php?rest_route=\/wp\/v2\/product"}],"about":[{"href":"https:\/\/www.hediyepazar.com\/index.php?rest_route=\/wp\/v2\/types\/product"}],"replies":[{"embeddable":true,"href":"https:\/\/www.hediyepazar.com\/index.php?rest_route=%2Fwp%2Fv2%2Fcomments&post=126220"}],"wp:featuredmedia":[{"embeddable":true,"href":"https:\/\/www.hediyepazar.com\/index.php?rest_route=\/wp\/v2\/media\/126219"}],"wp:attachment":[{"href":"https:\/\/www.hediyepazar.com\/index.php?rest_route=%2Fwp%2Fv2%2Fmedia&parent=126220"}],"wp:term":[{"taxonomy":"product_brand","embeddable":true,"href":"https:\/\/www.hediyepazar.com\/index.php?rest_route=%2Fwp%2Fv2%2Fproduct_brand&post=126220"},{"taxonomy":"product_cat","embeddable":true,"href":"https:\/\/www.hediyepazar.com\/index.php?rest_route=%2Fwp%2Fv2%2Fproduct_cat&post=126220"},{"taxonomy":"product_tag","embeddable":true,"href":"https:\/\/www.hediyepazar.com\/index.php?rest_route=%2Fwp%2Fv2%2Fproduct_tag&post=126220"}],"curies":[{"name":"wp","href":"https:\/\/api.w.org\/{rel}","templated":true}]}}