{"id":126222,"date":"2026-05-06T19:53:16","date_gmt":"2026-05-06T22:53:16","guid":{"rendered":"https:\/\/www.hediyepazar.com\/?product=300mbps-wifi-tekrarlayici-wps-guvenlikli-ap-modlu-guclendirici"},"modified":"2026-05-06T19:53:16","modified_gmt":"2026-05-06T22:53:16","slug":"300mbps-wifi-tekrarlayici-wps-guvenlikli-ap-modlu-guclendirici","status":"publish","type":"product","link":"https:\/\/www.hediyepazar.com\/?product=300mbps-wifi-tekrarlayici-wps-guvenlikli-ap-modlu-guclendirici","title":{"rendered":"300Mbps WiFi Tekrarlay\u0131c\u0131 WPS G\u00fcvenlikli AP Modlu G\u00fc\u00e7lendirici"},"content":{"rendered":"<p>WPS d\u00fc\u011fmesi ile donat\u0131lm\u0131\u015f olan bu kablosuz WiFi tekrarlay\u0131c\u0131, a\u011f g\u00fcvenli\u011finizi tek tu\u015fla aktif hale getirmenizi sa\u011flar. WPA2, WPA ve WEP (128\/64) \u015fifreleme protokollerini destekleyerek a\u011f\u0131n\u0131z\u0131 yabanc\u0131 eri\u015fimlere kar\u015f\u0131 korur. WPS tu\u015funa bir kez basman\u0131z yeterlidir; cihaz otomatik olarak modeminizle e\u015fle\u015fir ve g\u00fcvenli ba\u011flant\u0131 kurar. Bu \u00f6zellik \u00f6zellikle teknik ayarlarla u\u011fra\u015fmak istemeyen kullan\u0131c\u0131lar i\u00e7in b\u00fcy\u00fck kolayl\u0131k sunar. Hem bireysel hem de ticari kullan\u0131m i\u00e7in idealdir ve a\u011f payla\u015f\u0131m\u0131n\u0131z\u0131 g\u00fcvenli bir \u015fekilde geni\u015fletmenize yard\u0131mc\u0131 olur.<\/p>\n","protected":false},"excerpt":{"rendered":"<p>WPS d\u00fc\u011fmesi ile donat\u0131lm\u0131\u015f olan bu kablosuz WiFi tekrarlay\u0131c\u0131, a\u011f g\u00fcvenli\u011finizi tek tu\u015fla aktif hale getirmenizi sa\u011flar. WPA2, WPA ve WEP (128\/64) \u015fifreleme protokollerini destekleyerek a\u011f\u0131n\u0131z\u0131 yabanc\u0131 eri\u015fimlere kar\u015f\u0131 korur. WPS tu\u015funa bir kez basman\u0131z yeterlidir; cihaz otomatik olarak modeminizle e\u015fle\u015fir ve g\u00fcvenli ba\u011flant\u0131 kurar. Bu \u00f6zellik \u00f6zellikle teknik ayarlarla u\u011fra\u015fmak istemeyen kullan\u0131c\u0131lar i\u00e7in b\u00fcy\u00fck&#8230;<\/p>\n","protected":false},"featured_media":126221,"comment_status":"open","ping_status":"closed","template":"","meta":{"_kad_post_transparent":"","_kad_post_title":"","_kad_post_layout":"","_kad_post_sidebar_id":"","_kad_post_content_style":"","_kad_post_vertical_padding":"","_kad_post_feature":"","_kad_post_feature_position":"","_kad_post_header":false,"_kad_post_footer":false,"_kad_post_classname":""},"product_brand":[],"product_cat":[14989],"product_tag":[],"class_list":{"0":"post-126222","1":"product","2":"type-product","3":"status-publish","4":"has-post-thumbnail","6":"product_cat-wireless-adaptor-wireless-adaptor","8":"first","9":"instock","10":"purchasable","11":"product-type-simple","12":"entry","13":"content-bg","14":"loop-entry"},"_links":{"self":[{"href":"https:\/\/www.hediyepazar.com\/index.php?rest_route=\/wp\/v2\/product\/126222","targetHints":{"allow":["GET"]}}],"collection":[{"href":"https:\/\/www.hediyepazar.com\/index.php?rest_route=\/wp\/v2\/product"}],"about":[{"href":"https:\/\/www.hediyepazar.com\/index.php?rest_route=\/wp\/v2\/types\/product"}],"replies":[{"embeddable":true,"href":"https:\/\/www.hediyepazar.com\/index.php?rest_route=%2Fwp%2Fv2%2Fcomments&post=126222"}],"wp:featuredmedia":[{"embeddable":true,"href":"https:\/\/www.hediyepazar.com\/index.php?rest_route=\/wp\/v2\/media\/126221"}],"wp:attachment":[{"href":"https:\/\/www.hediyepazar.com\/index.php?rest_route=%2Fwp%2Fv2%2Fmedia&parent=126222"}],"wp:term":[{"taxonomy":"product_brand","embeddable":true,"href":"https:\/\/www.hediyepazar.com\/index.php?rest_route=%2Fwp%2Fv2%2Fproduct_brand&post=126222"},{"taxonomy":"product_cat","embeddable":true,"href":"https:\/\/www.hediyepazar.com\/index.php?rest_route=%2Fwp%2Fv2%2Fproduct_cat&post=126222"},{"taxonomy":"product_tag","embeddable":true,"href":"https:\/\/www.hediyepazar.com\/index.php?rest_route=%2Fwp%2Fv2%2Fproduct_tag&post=126222"}],"curies":[{"name":"wp","href":"https:\/\/api.w.org\/{rel}","templated":true}]}}