{"id":126226,"date":"2026-05-06T19:53:28","date_gmt":"2026-05-06T22:53:28","guid":{"rendered":"https:\/\/www.hediyepazar.com\/?product=bas-konus-ozellikli-android-tv-stick-8k-ultra-hd"},"modified":"2026-05-06T19:53:28","modified_gmt":"2026-05-06T22:53:28","slug":"bas-konus-ozellikli-android-tv-stick-8k-ultra-hd","status":"publish","type":"product","link":"https:\/\/www.hediyepazar.com\/?product=bas-konus-ozellikli-android-tv-stick-8k-ultra-hd","title":{"rendered":"Bas Konu\u015f \u00d6zellikli Android TV Stick 8K Ultra HD"},"content":{"rendered":"<p>Android TV Stick, bas konu\u015f destekli kumandas\u0131 ile modern televizyon deneyiminin en pratik \u00e7\u00f6z\u00fcmlerinden biridir. Sesli komut \u00f6zelli\u011fi sayesinde uygulama aramak ve i\u00e7erik bulmak saniyeler i\u00e7inde ger\u00e7ekle\u015fir. Bu da kullan\u0131c\u0131ya daha rahat ve sezgisel bir kontrol imk\u00e2n\u0131 sunar.8K Ultra HD g\u00f6r\u00fcnt\u00fc deste\u011fi, izlenen i\u00e7eriklerin daha net ve ak\u0131c\u0131 g\u00f6r\u00fcnmesini sa\u011flar. Film ve dizi sahnelerinde detaylar daha belirgin hale gelir. G\u00f6rsel kaliteyi destekleyen sistem yap\u0131s\u0131, uzun s\u00fcreli kullan\u0131mlarda bile performans\u0131n\u0131 korur.Y\u00fcksek depolama kapasitesi, uygulama y\u00fckleme konusunda geni\u015f bir alan sunar. Kullan\u0131c\u0131, diledi\u011fi i\u00e7erikleri rahat\u00e7a saklayabilir. Android altyap\u0131s\u0131 sayesinde televizyon, \u00e7ok y\u00f6nl\u00fc bir multimedya merkezine d\u00f6n\u00fc\u015f\u00fcr.Kompakt yap\u0131s\u0131 ve kolay kurulumu, \u00fcr\u00fcn\u00fc her kullan\u0131c\u0131 i\u00e7in eri\u015filebilir hale getirir. Bas konu\u015f \u00f6zelli\u011fi, y\u00fcksek \u00e7\u00f6z\u00fcn\u00fcrl\u00fck ve g\u00fc\u00e7l\u00fc performans bir araya geldi\u011finde, Android TV Stick ev e\u011flencesinde fark yarat\u0131r.<\/p>\n","protected":false},"excerpt":{"rendered":"<p>Android TV Stick, bas konu\u015f destekli kumandas\u0131 ile modern televizyon deneyiminin en pratik \u00e7\u00f6z\u00fcmlerinden biridir. Sesli komut \u00f6zelli\u011fi sayesinde uygulama aramak ve i\u00e7erik bulmak saniyeler i\u00e7inde ger\u00e7ekle\u015fir. Bu da kullan\u0131c\u0131ya daha rahat ve sezgisel bir kontrol imk\u00e2n\u0131 sunar.8K Ultra HD g\u00f6r\u00fcnt\u00fc deste\u011fi, izlenen i\u00e7eriklerin daha net ve ak\u0131c\u0131 g\u00f6r\u00fcnmesini sa\u011flar. Film ve dizi sahnelerinde detaylar&#8230;<\/p>\n","protected":false},"featured_media":126225,"comment_status":"open","ping_status":"closed","template":"","meta":{"_kad_post_transparent":"","_kad_post_title":"","_kad_post_layout":"","_kad_post_sidebar_id":"","_kad_post_content_style":"","_kad_post_vertical_padding":"","_kad_post_feature":"","_kad_post_feature_position":"","_kad_post_header":false,"_kad_post_footer":false,"_kad_post_classname":""},"product_brand":[],"product_cat":[15012],"product_tag":[],"class_list":{"0":"post-126226","1":"product","2":"type-product","3":"status-publish","4":"has-post-thumbnail","6":"product_cat-media-player-media-player","8":"first","9":"instock","10":"purchasable","11":"product-type-simple","12":"entry","13":"content-bg","14":"loop-entry"},"_links":{"self":[{"href":"https:\/\/www.hediyepazar.com\/index.php?rest_route=\/wp\/v2\/product\/126226","targetHints":{"allow":["GET"]}}],"collection":[{"href":"https:\/\/www.hediyepazar.com\/index.php?rest_route=\/wp\/v2\/product"}],"about":[{"href":"https:\/\/www.hediyepazar.com\/index.php?rest_route=\/wp\/v2\/types\/product"}],"replies":[{"embeddable":true,"href":"https:\/\/www.hediyepazar.com\/index.php?rest_route=%2Fwp%2Fv2%2Fcomments&post=126226"}],"wp:featuredmedia":[{"embeddable":true,"href":"https:\/\/www.hediyepazar.com\/index.php?rest_route=\/wp\/v2\/media\/126225"}],"wp:attachment":[{"href":"https:\/\/www.hediyepazar.com\/index.php?rest_route=%2Fwp%2Fv2%2Fmedia&parent=126226"}],"wp:term":[{"taxonomy":"product_brand","embeddable":true,"href":"https:\/\/www.hediyepazar.com\/index.php?rest_route=%2Fwp%2Fv2%2Fproduct_brand&post=126226"},{"taxonomy":"product_cat","embeddable":true,"href":"https:\/\/www.hediyepazar.com\/index.php?rest_route=%2Fwp%2Fv2%2Fproduct_cat&post=126226"},{"taxonomy":"product_tag","embeddable":true,"href":"https:\/\/www.hediyepazar.com\/index.php?rest_route=%2Fwp%2Fv2%2Fproduct_tag&post=126226"}],"curies":[{"name":"wp","href":"https:\/\/api.w.org\/{rel}","templated":true}]}}