{"id":126236,"date":"2026-05-06T19:54:56","date_gmt":"2026-05-06T22:54:56","guid":{"rendered":"https:\/\/www.hediyepazar.com\/?product=akilli-sensorlu-drone-canli-goruntu-aktarimli"},"modified":"2026-05-06T19:54:56","modified_gmt":"2026-05-06T22:54:56","slug":"akilli-sensorlu-drone-canli-goruntu-aktarimli","status":"publish","type":"product","link":"https:\/\/www.hediyepazar.com\/?product=akilli-sensorlu-drone-canli-goruntu-aktarimli","title":{"rendered":"Ak\u0131ll\u0131 Sens\u00f6rl\u00fc Drone Canl\u0131 G\u00f6r\u00fcnt\u00fc Aktar\u0131ml\u0131"},"content":{"rendered":"<p>G\u00fcvenli ve dengeli u\u00e7u\u015f \u00f6zellikleri sunan bu drone, e\u011flence ve hobi ama\u00e7l\u0131 kullan\u0131mlar i\u00e7in ideal bir se\u00e7enektir. HD kamera ile net \u00e7ekimler yap\u0131labilir. Ak\u0131ll\u0131 sens\u00f6rler, \u00e7arpma riskini azalt\u0131r.Ekranl\u0131 kumanda tasar\u0131m\u0131, canl\u0131 g\u00f6r\u00fcnt\u00fcy\u00fc do\u011frudan takip etme imk\u00e2n\u0131 sunar. Otomatik u\u00e7u\u015f fonksiyonlar\u0131, \u00f6zellikle yeni kullan\u0131c\u0131lar i\u00e7in b\u00fcy\u00fck avantaj sa\u011flar. Katlanabilir yap\u0131 ve hafif tasar\u0131m, ta\u015f\u0131may\u0131 kolayla\u015ft\u0131r\u0131r.<\/p>\n","protected":false},"excerpt":{"rendered":"<p>G\u00fcvenli ve dengeli u\u00e7u\u015f \u00f6zellikleri sunan bu drone, e\u011flence ve hobi ama\u00e7l\u0131 kullan\u0131mlar i\u00e7in ideal bir se\u00e7enektir. HD kamera ile net \u00e7ekimler yap\u0131labilir. Ak\u0131ll\u0131 sens\u00f6rler, \u00e7arpma riskini azalt\u0131r.Ekranl\u0131 kumanda tasar\u0131m\u0131, canl\u0131 g\u00f6r\u00fcnt\u00fcy\u00fc do\u011frudan takip etme imk\u00e2n\u0131 sunar. Otomatik u\u00e7u\u015f fonksiyonlar\u0131, \u00f6zellikle yeni kullan\u0131c\u0131lar i\u00e7in b\u00fcy\u00fck avantaj sa\u011flar. Katlanabilir yap\u0131 ve hafif tasar\u0131m, ta\u015f\u0131may\u0131 kolayla\u015ft\u0131r\u0131r.<\/p>\n","protected":false},"featured_media":126235,"comment_status":"open","ping_status":"closed","template":"","meta":{"_kad_post_transparent":"","_kad_post_title":"","_kad_post_layout":"","_kad_post_sidebar_id":"","_kad_post_content_style":"","_kad_post_vertical_padding":"","_kad_post_feature":"","_kad_post_feature_position":"","_kad_post_header":false,"_kad_post_footer":false,"_kad_post_classname":""},"product_brand":[],"product_cat":[15086],"product_tag":[],"class_list":{"0":"post-126236","1":"product","2":"type-product","3":"status-publish","4":"has-post-thumbnail","6":"product_cat-drone-drone","8":"first","9":"instock","10":"purchasable","11":"product-type-simple","12":"entry","13":"content-bg","14":"loop-entry"},"_links":{"self":[{"href":"https:\/\/www.hediyepazar.com\/index.php?rest_route=\/wp\/v2\/product\/126236","targetHints":{"allow":["GET"]}}],"collection":[{"href":"https:\/\/www.hediyepazar.com\/index.php?rest_route=\/wp\/v2\/product"}],"about":[{"href":"https:\/\/www.hediyepazar.com\/index.php?rest_route=\/wp\/v2\/types\/product"}],"replies":[{"embeddable":true,"href":"https:\/\/www.hediyepazar.com\/index.php?rest_route=%2Fwp%2Fv2%2Fcomments&post=126236"}],"wp:featuredmedia":[{"embeddable":true,"href":"https:\/\/www.hediyepazar.com\/index.php?rest_route=\/wp\/v2\/media\/126235"}],"wp:attachment":[{"href":"https:\/\/www.hediyepazar.com\/index.php?rest_route=%2Fwp%2Fv2%2Fmedia&parent=126236"}],"wp:term":[{"taxonomy":"product_brand","embeddable":true,"href":"https:\/\/www.hediyepazar.com\/index.php?rest_route=%2Fwp%2Fv2%2Fproduct_brand&post=126236"},{"taxonomy":"product_cat","embeddable":true,"href":"https:\/\/www.hediyepazar.com\/index.php?rest_route=%2Fwp%2Fv2%2Fproduct_cat&post=126236"},{"taxonomy":"product_tag","embeddable":true,"href":"https:\/\/www.hediyepazar.com\/index.php?rest_route=%2Fwp%2Fv2%2Fproduct_tag&post=126236"}],"curies":[{"name":"wp","href":"https:\/\/api.w.org\/{rel}","templated":true}]}}