{"id":126238,"date":"2026-05-06T19:55:03","date_gmt":"2026-05-06T22:55:03","guid":{"rendered":"https:\/\/www.hediyepazar.com\/?product=katlanabilir-drone-hd-cekim-uzun-sureli-ucus-deneyimi"},"modified":"2026-05-06T19:55:03","modified_gmt":"2026-05-06T22:55:03","slug":"katlanabilir-drone-hd-cekim-uzun-sureli-ucus-deneyimi","status":"publish","type":"product","link":"https:\/\/www.hediyepazar.com\/?product=katlanabilir-drone-hd-cekim-uzun-sureli-ucus-deneyimi","title":{"rendered":"Katlanabilir Drone HD \u00c7ekim Uzun S\u00fcreli U\u00e7u\u015f Deneyimi"},"content":{"rendered":"<p>Bu drone, modern tasar\u0131m\u0131 ve ak\u0131ll\u0131 u\u00e7u\u015f \u00f6zellikleri ile keyifli bir deneyim sunar. HD kamera ile net hava \u00e7ekimleri yap\u0131labilirken, stabil u\u00e7u\u015f sistemi g\u00f6r\u00fcnt\u00fc kalitesini destekler. Sabit hover \u00f6zelli\u011fi, drone\u2019un havada dengede kalmas\u0131n\u0131 sa\u011flar.Ak\u0131ll\u0131 engel alg\u0131lama sistemi, u\u00e7u\u015f s\u0131ras\u0131nda g\u00fcvenli\u011fi art\u0131r\u0131r. Ekranl\u0131 kumanda ile canl\u0131 g\u00f6r\u00fcnt\u00fc aktar\u0131m\u0131 yap\u0131labilir ve u\u00e7u\u015f s\u0131ras\u0131nda anl\u0131k kontrol sa\u011flan\u0131r. Otomatik kalk\u0131\u015f ve ini\u015f \u00f6zellikleri, kullan\u0131c\u0131y\u0131 yormadan pratik kullan\u0131m sunar.Headless mod ve h\u0131z ayar\u0131 se\u00e7enekleri, farkl\u0131 kullan\u0131c\u0131 seviyelerine uyum sa\u011flar. Katlanabilir tasar\u0131m\u0131, ta\u015f\u0131ma ve saklama kolayl\u0131\u011f\u0131 sunar. Hafif ve dayan\u0131kl\u0131 yap\u0131s\u0131 sayesinde uzun s\u00fcreli kullan\u0131m i\u00e7in uygundur.<\/p>\n","protected":false},"excerpt":{"rendered":"<p>Bu drone, modern tasar\u0131m\u0131 ve ak\u0131ll\u0131 u\u00e7u\u015f \u00f6zellikleri ile keyifli bir deneyim sunar. HD kamera ile net hava \u00e7ekimleri yap\u0131labilirken, stabil u\u00e7u\u015f sistemi g\u00f6r\u00fcnt\u00fc kalitesini destekler. Sabit hover \u00f6zelli\u011fi, drone\u2019un havada dengede kalmas\u0131n\u0131 sa\u011flar.Ak\u0131ll\u0131 engel alg\u0131lama sistemi, u\u00e7u\u015f s\u0131ras\u0131nda g\u00fcvenli\u011fi art\u0131r\u0131r. Ekranl\u0131 kumanda ile canl\u0131 g\u00f6r\u00fcnt\u00fc aktar\u0131m\u0131 yap\u0131labilir ve u\u00e7u\u015f s\u0131ras\u0131nda anl\u0131k kontrol sa\u011flan\u0131r. Otomatik&#8230;<\/p>\n","protected":false},"featured_media":126237,"comment_status":"open","ping_status":"closed","template":"","meta":{"_kad_post_transparent":"","_kad_post_title":"","_kad_post_layout":"","_kad_post_sidebar_id":"","_kad_post_content_style":"","_kad_post_vertical_padding":"","_kad_post_feature":"","_kad_post_feature_position":"","_kad_post_header":false,"_kad_post_footer":false,"_kad_post_classname":""},"product_brand":[],"product_cat":[15086],"product_tag":[],"class_list":{"0":"post-126238","1":"product","2":"type-product","3":"status-publish","4":"has-post-thumbnail","6":"product_cat-drone-drone","8":"first","9":"instock","10":"purchasable","11":"product-type-simple","12":"entry","13":"content-bg","14":"loop-entry"},"_links":{"self":[{"href":"https:\/\/www.hediyepazar.com\/index.php?rest_route=\/wp\/v2\/product\/126238","targetHints":{"allow":["GET"]}}],"collection":[{"href":"https:\/\/www.hediyepazar.com\/index.php?rest_route=\/wp\/v2\/product"}],"about":[{"href":"https:\/\/www.hediyepazar.com\/index.php?rest_route=\/wp\/v2\/types\/product"}],"replies":[{"embeddable":true,"href":"https:\/\/www.hediyepazar.com\/index.php?rest_route=%2Fwp%2Fv2%2Fcomments&post=126238"}],"wp:featuredmedia":[{"embeddable":true,"href":"https:\/\/www.hediyepazar.com\/index.php?rest_route=\/wp\/v2\/media\/126237"}],"wp:attachment":[{"href":"https:\/\/www.hediyepazar.com\/index.php?rest_route=%2Fwp%2Fv2%2Fmedia&parent=126238"}],"wp:term":[{"taxonomy":"product_brand","embeddable":true,"href":"https:\/\/www.hediyepazar.com\/index.php?rest_route=%2Fwp%2Fv2%2Fproduct_brand&post=126238"},{"taxonomy":"product_cat","embeddable":true,"href":"https:\/\/www.hediyepazar.com\/index.php?rest_route=%2Fwp%2Fv2%2Fproduct_cat&post=126238"},{"taxonomy":"product_tag","embeddable":true,"href":"https:\/\/www.hediyepazar.com\/index.php?rest_route=%2Fwp%2Fv2%2Fproduct_tag&post=126238"}],"curies":[{"name":"wp","href":"https:\/\/api.w.org\/{rel}","templated":true}]}}