{"id":126242,"date":"2026-05-06T19:55:14","date_gmt":"2026-05-06T22:55:14","guid":{"rendered":"https:\/\/www.hediyepazar.com\/?product=ekranli-kumandali-drone-engel-algilamali-kolay-kontrol"},"modified":"2026-05-06T19:55:14","modified_gmt":"2026-05-06T22:55:14","slug":"ekranli-kumandali-drone-engel-algilamali-kolay-kontrol","status":"publish","type":"product","link":"https:\/\/www.hediyepazar.com\/?product=ekranli-kumandali-drone-engel-algilamali-kolay-kontrol","title":{"rendered":"Ekranl\u0131 Kumandal\u0131 Drone Engel Alg\u0131lamal\u0131 Kolay Kontrol"},"content":{"rendered":"<p>Bu drone, ak\u0131ll\u0131 u\u00e7u\u015f teknolojileri ile donat\u0131lm\u0131\u015f yap\u0131s\u0131 sayesinde kullan\u0131c\u0131ya g\u00fcvenli ve kontroll\u00fc bir deneyim sunar. Ayarlanabilir HD kamera, farkl\u0131 a\u00e7\u0131lardan net hava \u00e7ekimleri yapman\u0131za imk\u00e2n tan\u0131r. Dengeli u\u00e7u\u015f sistemi sayesinde g\u00f6r\u00fcnt\u00fcler sars\u0131nt\u0131s\u0131z ve ak\u0131c\u0131 \u015fekilde kaydedilir.Ak\u0131ll\u0131 engel alg\u0131lama \u00f6zelli\u011fi, drone\u2019un \u00e7evresini alg\u0131layarak ani \u00e7arp\u0131\u015fmalar\u0131 \u00f6nlemeye yard\u0131mc\u0131 olur. Bu sayede hem drone korunur hem de u\u00e7u\u015f deneyimi daha g\u00fcvenli hale gelir. Sabit hover fonksiyonu, drone\u2019un havada stabil \u015fekilde durmas\u0131n\u0131 sa\u011flar ve \u00f6zellikle \u00e7ekim s\u0131ras\u0131nda b\u00fcy\u00fck kolayl\u0131k sunar.Ekranl\u0131 kumanda ile canl\u0131 g\u00f6r\u00fcnt\u00fc aktar\u0131m\u0131, kullan\u0131c\u0131ya telefonsuz kullan\u0131m avantaj\u0131 sa\u011flar. U\u00e7u\u015f esnas\u0131nda t\u00fcm kontrol kumanda \u00fczerinden sa\u011flanabilir. Otomatik kalk\u0131\u015f ve ini\u015f \u00f6zellikleri, tek tu\u015fla kolay kullan\u0131m sunarak \u00f6zellikle ba\u015flang\u0131\u00e7 seviyesindeki kullan\u0131c\u0131lar\u0131n rahat\u00e7a u\u00e7u\u015f yapmas\u0131na olanak tan\u0131r.Headless mod, y\u00f6n kavram\u0131n\u0131 sadele\u015ftirerek kontrol\u00fc daha sezgisel hale getirir. \u00c7ok kademeli h\u0131z ayar\u0131 sayesinde kullan\u0131c\u0131, u\u00e7u\u015f h\u0131z\u0131n\u0131 kendi deneyim seviyesine g\u00f6re ayarlayabilir. Bu da hem \u00f6\u011frenme s\u00fcrecini h\u0131zland\u0131r\u0131r hem de ileri seviye manevralar i\u00e7in esneklik sunar.Katlanabilir g\u00f6vde yap\u0131s\u0131 ve hafif tasar\u0131m\u0131, ta\u015f\u0131ma kolayl\u0131\u011f\u0131 sa\u011flar. Dayan\u0131kl\u0131 malzemeden \u00fcretilmi\u015f g\u00f6vdesi, d\u0131\u015f etkenlere kar\u015f\u0131 diren\u00e7lidir. E\u011flence, ke\u015fif ve hobi ama\u00e7l\u0131 kullan\u0131mlar i\u00e7in ideal bir drone modelidir.<\/p>\n","protected":false},"excerpt":{"rendered":"<p>Bu drone, ak\u0131ll\u0131 u\u00e7u\u015f teknolojileri ile donat\u0131lm\u0131\u015f yap\u0131s\u0131 sayesinde kullan\u0131c\u0131ya g\u00fcvenli ve kontroll\u00fc bir deneyim sunar. Ayarlanabilir HD kamera, farkl\u0131 a\u00e7\u0131lardan net hava \u00e7ekimleri yapman\u0131za imk\u00e2n tan\u0131r. Dengeli u\u00e7u\u015f sistemi sayesinde g\u00f6r\u00fcnt\u00fcler sars\u0131nt\u0131s\u0131z ve ak\u0131c\u0131 \u015fekilde kaydedilir.Ak\u0131ll\u0131 engel alg\u0131lama \u00f6zelli\u011fi, drone\u2019un \u00e7evresini alg\u0131layarak ani \u00e7arp\u0131\u015fmalar\u0131 \u00f6nlemeye yard\u0131mc\u0131 olur. Bu sayede hem drone korunur hem de&#8230;<\/p>\n","protected":false},"featured_media":126241,"comment_status":"open","ping_status":"closed","template":"","meta":{"_kad_post_transparent":"","_kad_post_title":"","_kad_post_layout":"","_kad_post_sidebar_id":"","_kad_post_content_style":"","_kad_post_vertical_padding":"","_kad_post_feature":"","_kad_post_feature_position":"","_kad_post_header":false,"_kad_post_footer":false,"_kad_post_classname":""},"product_brand":[],"product_cat":[15086],"product_tag":[],"class_list":{"0":"post-126242","1":"product","2":"type-product","3":"status-publish","4":"has-post-thumbnail","6":"product_cat-drone-drone","8":"first","9":"instock","10":"purchasable","11":"product-type-simple","12":"entry","13":"content-bg","14":"loop-entry"},"_links":{"self":[{"href":"https:\/\/www.hediyepazar.com\/index.php?rest_route=\/wp\/v2\/product\/126242","targetHints":{"allow":["GET"]}}],"collection":[{"href":"https:\/\/www.hediyepazar.com\/index.php?rest_route=\/wp\/v2\/product"}],"about":[{"href":"https:\/\/www.hediyepazar.com\/index.php?rest_route=\/wp\/v2\/types\/product"}],"replies":[{"embeddable":true,"href":"https:\/\/www.hediyepazar.com\/index.php?rest_route=%2Fwp%2Fv2%2Fcomments&post=126242"}],"wp:featuredmedia":[{"embeddable":true,"href":"https:\/\/www.hediyepazar.com\/index.php?rest_route=\/wp\/v2\/media\/126241"}],"wp:attachment":[{"href":"https:\/\/www.hediyepazar.com\/index.php?rest_route=%2Fwp%2Fv2%2Fmedia&parent=126242"}],"wp:term":[{"taxonomy":"product_brand","embeddable":true,"href":"https:\/\/www.hediyepazar.com\/index.php?rest_route=%2Fwp%2Fv2%2Fproduct_brand&post=126242"},{"taxonomy":"product_cat","embeddable":true,"href":"https:\/\/www.hediyepazar.com\/index.php?rest_route=%2Fwp%2Fv2%2Fproduct_cat&post=126242"},{"taxonomy":"product_tag","embeddable":true,"href":"https:\/\/www.hediyepazar.com\/index.php?rest_route=%2Fwp%2Fv2%2Fproduct_tag&post=126242"}],"curies":[{"name":"wp","href":"https:\/\/api.w.org\/{rel}","templated":true}]}}