{"id":126246,"date":"2026-05-06T19:55:25","date_gmt":"2026-05-06T22:55:25","guid":{"rendered":"https:\/\/www.hediyepazar.com\/?product=gece-otomatik-devreye-giren-sensorlu-led-lamba"},"modified":"2026-05-06T19:55:25","modified_gmt":"2026-05-06T22:55:25","slug":"gece-otomatik-devreye-giren-sensorlu-led-lamba","status":"publish","type":"product","link":"https:\/\/www.hediyepazar.com\/?product=gece-otomatik-devreye-giren-sensorlu-led-lamba","title":{"rendered":"Gece Otomatik Devreye Giren Sens\u00f6rl\u00fc LED Lamba"},"content":{"rendered":"<p>Hareket alg\u0131layan sens\u00f6rl\u00fc LED lamba, g\u00fcnl\u00fck ayd\u0131nlatma ihtiya\u00e7lar\u0131n\u0131 daha verimli hale getirir. Otomatik devreye giren yap\u0131s\u0131 sayesinde kullan\u0131c\u0131y\u0131 yormaz ve enerji tasarrufu sa\u011flar. LED teknolojisi ile g\u00fc\u00e7l\u00fc ve dengeli bir \u0131\u015f\u0131k sunar.Sens\u00f6rl\u00fc sistem, yaln\u0131zca ihtiya\u00e7 duyuldu\u011funda \u00e7al\u0131\u015farak gereksiz enerji t\u00fcketimini \u00f6nler. Uzun \u00f6m\u00fcrl\u00fc kullan\u0131m sunan lamba, s\u0131k de\u011fi\u015ftirme ihtiyac\u0131n\u0131 azalt\u0131r. Kurulumu kolayd\u0131r ve standart duy uyumlulu\u011fu ile pratik kullan\u0131m sa\u011flar.G\u00fcnl\u00fck ya\u015famda konforu art\u0131ran bu sens\u00f6rl\u00fc lamba, \u00f6zellikle karanl\u0131k alanlarda g\u00fcvenli hareket imk\u00e2n\u0131 sunar. Ev ve ofis kullan\u0131m\u0131na uygundur.<\/p>\n","protected":false},"excerpt":{"rendered":"<p>Hareket alg\u0131layan sens\u00f6rl\u00fc LED lamba, g\u00fcnl\u00fck ayd\u0131nlatma ihtiya\u00e7lar\u0131n\u0131 daha verimli hale getirir. Otomatik devreye giren yap\u0131s\u0131 sayesinde kullan\u0131c\u0131y\u0131 yormaz ve enerji tasarrufu sa\u011flar. LED teknolojisi ile g\u00fc\u00e7l\u00fc ve dengeli bir \u0131\u015f\u0131k sunar.Sens\u00f6rl\u00fc sistem, yaln\u0131zca ihtiya\u00e7 duyuldu\u011funda \u00e7al\u0131\u015farak gereksiz enerji t\u00fcketimini \u00f6nler. Uzun \u00f6m\u00fcrl\u00fc kullan\u0131m sunan lamba, s\u0131k de\u011fi\u015ftirme ihtiyac\u0131n\u0131 azalt\u0131r. Kurulumu kolayd\u0131r ve standart duy&#8230;<\/p>\n","protected":false},"featured_media":126245,"comment_status":"open","ping_status":"closed","template":"","meta":{"_kad_post_transparent":"","_kad_post_title":"","_kad_post_layout":"","_kad_post_sidebar_id":"","_kad_post_content_style":"","_kad_post_vertical_padding":"","_kad_post_feature":"","_kad_post_feature_position":"","_kad_post_header":false,"_kad_post_footer":false,"_kad_post_classname":""},"product_brand":[],"product_cat":[14933],"product_tag":[],"class_list":{"0":"post-126246","1":"product","2":"type-product","3":"status-publish","4":"has-post-thumbnail","6":"product_cat-led-isik-led-isik","8":"first","9":"instock","10":"purchasable","11":"product-type-simple","12":"entry","13":"content-bg","14":"loop-entry"},"_links":{"self":[{"href":"https:\/\/www.hediyepazar.com\/index.php?rest_route=\/wp\/v2\/product\/126246","targetHints":{"allow":["GET"]}}],"collection":[{"href":"https:\/\/www.hediyepazar.com\/index.php?rest_route=\/wp\/v2\/product"}],"about":[{"href":"https:\/\/www.hediyepazar.com\/index.php?rest_route=\/wp\/v2\/types\/product"}],"replies":[{"embeddable":true,"href":"https:\/\/www.hediyepazar.com\/index.php?rest_route=%2Fwp%2Fv2%2Fcomments&post=126246"}],"wp:featuredmedia":[{"embeddable":true,"href":"https:\/\/www.hediyepazar.com\/index.php?rest_route=\/wp\/v2\/media\/126245"}],"wp:attachment":[{"href":"https:\/\/www.hediyepazar.com\/index.php?rest_route=%2Fwp%2Fv2%2Fmedia&parent=126246"}],"wp:term":[{"taxonomy":"product_brand","embeddable":true,"href":"https:\/\/www.hediyepazar.com\/index.php?rest_route=%2Fwp%2Fv2%2Fproduct_brand&post=126246"},{"taxonomy":"product_cat","embeddable":true,"href":"https:\/\/www.hediyepazar.com\/index.php?rest_route=%2Fwp%2Fv2%2Fproduct_cat&post=126246"},{"taxonomy":"product_tag","embeddable":true,"href":"https:\/\/www.hediyepazar.com\/index.php?rest_route=%2Fwp%2Fv2%2Fproduct_tag&post=126246"}],"curies":[{"name":"wp","href":"https:\/\/api.w.org\/{rel}","templated":true}]}}