{"id":126248,"date":"2026-05-06T19:55:29","date_gmt":"2026-05-06T22:55:29","guid":{"rendered":"https:\/\/www.hediyepazar.com\/?product=akilli-sensorlu-lamba-tasarruflu-ve-konforlu-aydinlatma-cozumu"},"modified":"2026-05-06T19:55:29","modified_gmt":"2026-05-06T22:55:29","slug":"akilli-sensorlu-lamba-tasarruflu-ve-konforlu-aydinlatma-cozumu","status":"publish","type":"product","link":"https:\/\/www.hediyepazar.com\/?product=akilli-sensorlu-lamba-tasarruflu-ve-konforlu-aydinlatma-cozumu","title":{"rendered":"Ak\u0131ll\u0131 Sens\u00f6rl\u00fc Lamba Tasarruflu ve Konforlu Ayd\u0131nlatma \u00c7\u00f6z\u00fcm\u00fc"},"content":{"rendered":"<p>Ak\u0131ll\u0131 sens\u00f6r teknolojisiyle donat\u0131lan bu lamba, manuel kullan\u0131m ihtiyac\u0131n\u0131 ortadan kald\u0131rarak ayd\u0131nlatmada yeni bir konfor sunar. Hareket alg\u0131lad\u0131\u011f\u0131nda devreye giren sistem, kullan\u0131c\u0131ya zahmetsiz bir deneyim sa\u011flar. I\u015f\u0131k yaln\u0131zca gerekti\u011finde \u00e7al\u0131\u015ft\u0131\u011f\u0131 i\u00e7in enerji tasarrufu a\u00e7\u0131s\u0131ndan avantaj sunar.LED ayd\u0131nlatma yap\u0131s\u0131, ortam\u0131 dengeli \u015fekilde ayd\u0131nlat\u0131r. G\u00fcnl\u00fck kullan\u0131mda yeterli \u0131\u015f\u0131k sa\u011flarken g\u00f6zleri yormaz. Uzun s\u00fcreli performans sunan yap\u0131s\u0131, bak\u0131m ihtiyac\u0131n\u0131 azalt\u0131r.Sens\u00f6rl\u00fc lamba, \u00f6zellikle giri\u015f alanlar\u0131, merdivenler ve koridorlar i\u00e7in ideal bir \u00e7\u00f6z\u00fcmd\u00fcr. Karanl\u0131kta \u0131\u015f\u0131k arama derdini ortadan kald\u0131r\u0131r. Standart duy uyumlulu\u011fu sayesinde kurulumu kolayd\u0131r.Modern ve sade tasar\u0131m\u0131 ile her ortama uyum sa\u011flar. Ev ve i\u015f yerlerinde g\u00fcvenli, konforlu ve tasarruflu ayd\u0131nlatma arayanlar i\u00e7in ideal bir \u00fcr\u00fcnd\u00fcr.<\/p>\n","protected":false},"excerpt":{"rendered":"<p>Ak\u0131ll\u0131 sens\u00f6r teknolojisiyle donat\u0131lan bu lamba, manuel kullan\u0131m ihtiyac\u0131n\u0131 ortadan kald\u0131rarak ayd\u0131nlatmada yeni bir konfor sunar. Hareket alg\u0131lad\u0131\u011f\u0131nda devreye giren sistem, kullan\u0131c\u0131ya zahmetsiz bir deneyim sa\u011flar. I\u015f\u0131k yaln\u0131zca gerekti\u011finde \u00e7al\u0131\u015ft\u0131\u011f\u0131 i\u00e7in enerji tasarrufu a\u00e7\u0131s\u0131ndan avantaj sunar.LED ayd\u0131nlatma yap\u0131s\u0131, ortam\u0131 dengeli \u015fekilde ayd\u0131nlat\u0131r. G\u00fcnl\u00fck kullan\u0131mda yeterli \u0131\u015f\u0131k sa\u011flarken g\u00f6zleri yormaz. Uzun s\u00fcreli performans sunan yap\u0131s\u0131, bak\u0131m&#8230;<\/p>\n","protected":false},"featured_media":126247,"comment_status":"open","ping_status":"closed","template":"","meta":{"_kad_post_transparent":"","_kad_post_title":"","_kad_post_layout":"","_kad_post_sidebar_id":"","_kad_post_content_style":"","_kad_post_vertical_padding":"","_kad_post_feature":"","_kad_post_feature_position":"","_kad_post_header":false,"_kad_post_footer":false,"_kad_post_classname":""},"product_brand":[],"product_cat":[14933],"product_tag":[],"class_list":{"0":"post-126248","1":"product","2":"type-product","3":"status-publish","4":"has-post-thumbnail","6":"product_cat-led-isik-led-isik","8":"first","9":"instock","10":"purchasable","11":"product-type-simple","12":"entry","13":"content-bg","14":"loop-entry"},"_links":{"self":[{"href":"https:\/\/www.hediyepazar.com\/index.php?rest_route=\/wp\/v2\/product\/126248","targetHints":{"allow":["GET"]}}],"collection":[{"href":"https:\/\/www.hediyepazar.com\/index.php?rest_route=\/wp\/v2\/product"}],"about":[{"href":"https:\/\/www.hediyepazar.com\/index.php?rest_route=\/wp\/v2\/types\/product"}],"replies":[{"embeddable":true,"href":"https:\/\/www.hediyepazar.com\/index.php?rest_route=%2Fwp%2Fv2%2Fcomments&post=126248"}],"wp:featuredmedia":[{"embeddable":true,"href":"https:\/\/www.hediyepazar.com\/index.php?rest_route=\/wp\/v2\/media\/126247"}],"wp:attachment":[{"href":"https:\/\/www.hediyepazar.com\/index.php?rest_route=%2Fwp%2Fv2%2Fmedia&parent=126248"}],"wp:term":[{"taxonomy":"product_brand","embeddable":true,"href":"https:\/\/www.hediyepazar.com\/index.php?rest_route=%2Fwp%2Fv2%2Fproduct_brand&post=126248"},{"taxonomy":"product_cat","embeddable":true,"href":"https:\/\/www.hediyepazar.com\/index.php?rest_route=%2Fwp%2Fv2%2Fproduct_cat&post=126248"},{"taxonomy":"product_tag","embeddable":true,"href":"https:\/\/www.hediyepazar.com\/index.php?rest_route=%2Fwp%2Fv2%2Fproduct_tag&post=126248"}],"curies":[{"name":"wp","href":"https:\/\/api.w.org\/{rel}","templated":true}]}}