{"id":126256,"date":"2026-05-06T19:55:59","date_gmt":"2026-05-06T22:55:59","guid":{"rendered":"https:\/\/www.hediyepazar.com\/?product=rs12-pro-2026-serisi-akilli-saat"},"modified":"2026-05-06T19:55:59","modified_gmt":"2026-05-06T22:55:59","slug":"rs12-pro-2026-serisi-akilli-saat","status":"publish","type":"product","link":"https:\/\/www.hediyepazar.com\/?product=rs12-pro-2026-serisi-akilli-saat","title":{"rendered":"RS12 PRO 2026 SER\u0130S\u0130 AKILLI SAAT"},"content":{"rendered":"<p>Bu ak\u0131ll\u0131 saat, dayan\u0131kl\u0131 yap\u0131s\u0131 ve geli\u015fmi\u015f \u00f6zellikleriyle aktif ya\u015fam tarz\u0131na uyum sa\u011flar. Sa\u011flam kasa, uzun s\u00fcreli kullan\u0131m i\u00e7in g\u00fcven verir. \u015e\u0131k tasar\u0131m\u0131 sayesinde g\u00fcnl\u00fck ve sportif kombinlerle uyumlu bir g\u00f6r\u00fcn\u00fcm sunar.Canl\u0131 ekran teknolojisi, net g\u00f6r\u00fcnt\u00fcleme sa\u011flar. Y\u00fcksek haf\u0131za kapasitesi, m\u00fczik ve uygulamalar i\u00e7in yeterli alan sunar. Ak\u0131ll\u0131 sistem deste\u011fi, g\u00fcnl\u00fck i\u015flerinizi kolayla\u015ft\u0131r\u0131r.Uzun pil s\u00fcresi, g\u00fcn boyu kullan\u0131m imk\u00e2n\u0131 tan\u0131r. Sa\u011fl\u0131k ve aktivite takip \u00f6zellikleri, ya\u015fam al\u0131\u015fkanl\u0131klar\u0131n\u0131z\u0131 analiz etmenize yard\u0131mc\u0131 olur. Sesli g\u00f6r\u00fc\u015fme ve bildirim \u00f6zellikleri, ileti\u015fimi pratik hale getirir.<\/p>\n","protected":false},"excerpt":{"rendered":"<p>Bu ak\u0131ll\u0131 saat, dayan\u0131kl\u0131 yap\u0131s\u0131 ve geli\u015fmi\u015f \u00f6zellikleriyle aktif ya\u015fam tarz\u0131na uyum sa\u011flar. Sa\u011flam kasa, uzun s\u00fcreli kullan\u0131m i\u00e7in g\u00fcven verir. \u015e\u0131k tasar\u0131m\u0131 sayesinde g\u00fcnl\u00fck ve sportif kombinlerle uyumlu bir g\u00f6r\u00fcn\u00fcm sunar.Canl\u0131 ekran teknolojisi, net g\u00f6r\u00fcnt\u00fcleme sa\u011flar. Y\u00fcksek haf\u0131za kapasitesi, m\u00fczik ve uygulamalar i\u00e7in yeterli alan sunar. Ak\u0131ll\u0131 sistem deste\u011fi, g\u00fcnl\u00fck i\u015flerinizi kolayla\u015ft\u0131r\u0131r.Uzun pil s\u00fcresi,&#8230;<\/p>\n","protected":false},"featured_media":126255,"comment_status":"open","ping_status":"closed","template":"","meta":{"_kad_post_transparent":"","_kad_post_title":"","_kad_post_layout":"","_kad_post_sidebar_id":"","_kad_post_content_style":"","_kad_post_vertical_padding":"","_kad_post_feature":"","_kad_post_feature_position":"","_kad_post_header":false,"_kad_post_footer":false,"_kad_post_classname":""},"product_brand":[],"product_cat":[14935],"product_tag":[],"class_list":{"0":"post-126256","1":"product","2":"type-product","3":"status-publish","4":"has-post-thumbnail","6":"product_cat-akilli-saatler-akilli-saatler","8":"first","9":"instock","10":"purchasable","11":"product-type-simple","12":"entry","13":"content-bg","14":"loop-entry"},"_links":{"self":[{"href":"https:\/\/www.hediyepazar.com\/index.php?rest_route=\/wp\/v2\/product\/126256","targetHints":{"allow":["GET"]}}],"collection":[{"href":"https:\/\/www.hediyepazar.com\/index.php?rest_route=\/wp\/v2\/product"}],"about":[{"href":"https:\/\/www.hediyepazar.com\/index.php?rest_route=\/wp\/v2\/types\/product"}],"replies":[{"embeddable":true,"href":"https:\/\/www.hediyepazar.com\/index.php?rest_route=%2Fwp%2Fv2%2Fcomments&post=126256"}],"wp:featuredmedia":[{"embeddable":true,"href":"https:\/\/www.hediyepazar.com\/index.php?rest_route=\/wp\/v2\/media\/126255"}],"wp:attachment":[{"href":"https:\/\/www.hediyepazar.com\/index.php?rest_route=%2Fwp%2Fv2%2Fmedia&parent=126256"}],"wp:term":[{"taxonomy":"product_brand","embeddable":true,"href":"https:\/\/www.hediyepazar.com\/index.php?rest_route=%2Fwp%2Fv2%2Fproduct_brand&post=126256"},{"taxonomy":"product_cat","embeddable":true,"href":"https:\/\/www.hediyepazar.com\/index.php?rest_route=%2Fwp%2Fv2%2Fproduct_cat&post=126256"},{"taxonomy":"product_tag","embeddable":true,"href":"https:\/\/www.hediyepazar.com\/index.php?rest_route=%2Fwp%2Fv2%2Fproduct_tag&post=126256"}],"curies":[{"name":"wp","href":"https:\/\/api.w.org\/{rel}","templated":true}]}}