{"id":126264,"date":"2026-05-06T19:56:17","date_gmt":"2026-05-06T22:56:17","guid":{"rendered":"https:\/\/www.hediyepazar.com\/?product=gelismis-ozellikli-akilli-saat-dayanikli-yapi-ve-amoled-ekran"},"modified":"2026-05-06T19:56:17","modified_gmt":"2026-05-06T22:56:17","slug":"gelismis-ozellikli-akilli-saat-dayanikli-yapi-ve-amoled-ekran","status":"publish","type":"product","link":"https:\/\/www.hediyepazar.com\/?product=gelismis-ozellikli-akilli-saat-dayanikli-yapi-ve-amoled-ekran","title":{"rendered":"Geli\u015fmi\u015f \u00d6zellikli Ak\u0131ll\u0131 Saat Dayan\u0131kl\u0131 Yap\u0131 ve AMOLED Ekran"},"content":{"rendered":"<p>Geli\u015fmi\u015f \u00f6zelliklerle donat\u0131lan bu ak\u0131ll\u0131 saat, kullan\u0131c\u0131lar\u0131n g\u00fcnl\u00fck ihtiya\u00e7lar\u0131na cevap verecek \u015fekilde tasarlanm\u0131\u015ft\u0131r. Sa\u011flam g\u00f6vde yap\u0131s\u0131, uzun \u00f6m\u00fcrl\u00fc kullan\u0131m sunarken modern tasar\u0131m\u0131yla dikkat \u00e7eker. Bilekte dengeli duru\u015f sa\u011flayan yap\u0131s\u0131 sayesinde g\u00fcn boyu konforlu bir kullan\u0131m sunar.Canl\u0131 ve net g\u00f6r\u00fcnt\u00fc sunan ekran teknolojisi, saat kullan\u0131m\u0131n\u0131 keyifli hale getirir. Bildirimler, saat y\u00fczleri ve uygulama ekranlar\u0131 net \u015fekilde g\u00f6r\u00fcnt\u00fclenir. Geni\u015f depolama alan\u0131 sayesinde ki\u015fisel i\u00e7eriklerinizi ve temel uygulamalar\u0131n\u0131z\u0131 rahatl\u0131kla saklayabilirsiniz.Ak\u0131ll\u0131 teknoloji altyap\u0131s\u0131, kullan\u0131c\u0131 al\u0131\u015fkanl\u0131klar\u0131na uyum sa\u011flayarak g\u00fcnl\u00fck i\u015flemleri pratik hale getirir. Uzun pil s\u00fcresi, g\u00fcn boyu kesintisiz kullan\u0131m imk\u00e2n\u0131 tan\u0131r ve s\u0131k \u015farj etme ihtiyac\u0131n\u0131 azalt\u0131r.Sa\u011fl\u0131k ve aktivite \u00f6zellikleri, hareketlerinizi ve uyku d\u00fczeninizi takip etmenizi sa\u011flar. Kalp ritmi izleme \u00f6zelli\u011fi, sa\u011fl\u0131k fark\u0131ndal\u0131\u011f\u0131n\u0131 art\u0131r\u0131r. Sesli g\u00f6r\u00fc\u015fme ve titre\u015fimli bildirimler, ileti\u015fimi kolayla\u015ft\u0131rarak kullan\u0131c\u0131ya b\u00fcy\u00fck avantaj sa\u011flar.<\/p>\n","protected":false},"excerpt":{"rendered":"<p>Geli\u015fmi\u015f \u00f6zelliklerle donat\u0131lan bu ak\u0131ll\u0131 saat, kullan\u0131c\u0131lar\u0131n g\u00fcnl\u00fck ihtiya\u00e7lar\u0131na cevap verecek \u015fekilde tasarlanm\u0131\u015ft\u0131r. Sa\u011flam g\u00f6vde yap\u0131s\u0131, uzun \u00f6m\u00fcrl\u00fc kullan\u0131m sunarken modern tasar\u0131m\u0131yla dikkat \u00e7eker. Bilekte dengeli duru\u015f sa\u011flayan yap\u0131s\u0131 sayesinde g\u00fcn boyu konforlu bir kullan\u0131m sunar.Canl\u0131 ve net g\u00f6r\u00fcnt\u00fc sunan ekran teknolojisi, saat kullan\u0131m\u0131n\u0131 keyifli hale getirir. Bildirimler, saat y\u00fczleri ve uygulama ekranlar\u0131 net \u015fekilde&#8230;<\/p>\n","protected":false},"featured_media":126263,"comment_status":"open","ping_status":"closed","template":"","meta":{"_kad_post_transparent":"","_kad_post_title":"","_kad_post_layout":"","_kad_post_sidebar_id":"","_kad_post_content_style":"","_kad_post_vertical_padding":"","_kad_post_feature":"","_kad_post_feature_position":"","_kad_post_header":false,"_kad_post_footer":false,"_kad_post_classname":""},"product_brand":[],"product_cat":[14935],"product_tag":[],"class_list":{"0":"post-126264","1":"product","2":"type-product","3":"status-publish","4":"has-post-thumbnail","6":"product_cat-akilli-saatler-akilli-saatler","8":"first","9":"instock","10":"purchasable","11":"product-type-simple","12":"entry","13":"content-bg","14":"loop-entry"},"_links":{"self":[{"href":"https:\/\/www.hediyepazar.com\/index.php?rest_route=\/wp\/v2\/product\/126264","targetHints":{"allow":["GET"]}}],"collection":[{"href":"https:\/\/www.hediyepazar.com\/index.php?rest_route=\/wp\/v2\/product"}],"about":[{"href":"https:\/\/www.hediyepazar.com\/index.php?rest_route=\/wp\/v2\/types\/product"}],"replies":[{"embeddable":true,"href":"https:\/\/www.hediyepazar.com\/index.php?rest_route=%2Fwp%2Fv2%2Fcomments&post=126264"}],"wp:featuredmedia":[{"embeddable":true,"href":"https:\/\/www.hediyepazar.com\/index.php?rest_route=\/wp\/v2\/media\/126263"}],"wp:attachment":[{"href":"https:\/\/www.hediyepazar.com\/index.php?rest_route=%2Fwp%2Fv2%2Fmedia&parent=126264"}],"wp:term":[{"taxonomy":"product_brand","embeddable":true,"href":"https:\/\/www.hediyepazar.com\/index.php?rest_route=%2Fwp%2Fv2%2Fproduct_brand&post=126264"},{"taxonomy":"product_cat","embeddable":true,"href":"https:\/\/www.hediyepazar.com\/index.php?rest_route=%2Fwp%2Fv2%2Fproduct_cat&post=126264"},{"taxonomy":"product_tag","embeddable":true,"href":"https:\/\/www.hediyepazar.com\/index.php?rest_route=%2Fwp%2Fv2%2Fproduct_tag&post=126264"}],"curies":[{"name":"wp","href":"https:\/\/api.w.org\/{rel}","templated":true}]}}