{"id":126292,"date":"2026-05-06T20:00:16","date_gmt":"2026-05-06T23:00:16","guid":{"rendered":"https:\/\/www.hediyepazar.com\/?product=akilli-isi-kontrollu-arac-power-donusturucu-stabil-performans"},"modified":"2026-05-06T20:00:16","modified_gmt":"2026-05-06T23:00:16","slug":"akilli-isi-kontrollu-arac-power-donusturucu-stabil-performans","status":"publish","type":"product","link":"https:\/\/www.hediyepazar.com\/?product=akilli-isi-kontrollu-arac-power-donusturucu-stabil-performans","title":{"rendered":"Ak\u0131ll\u0131 Is\u0131 Kontroll\u00fc Ara\u00e7 Power D\u00f6n\u00fc\u015ft\u00fcr\u00fcc\u00fc Stabil Performans"},"content":{"rendered":"<p>Bu ara\u00e7 power inverter, y\u00fcksek performansl\u0131 g\u00fc\u00e7 d\u00f6n\u00fc\u015ft\u00fcrme \u00f6zelli\u011fi ile ara\u00e7 i\u00e7inde g\u00fcvenilir enerji sa\u011flar. \u0130\u00e7 yap\u0131s\u0131nda kullan\u0131lan kaliteli kablolar sayesinde enerji aktar\u0131m\u0131 daha stabil hale gelir ve \u015farj s\u0131ras\u0131nda olu\u015fabilecek performans d\u00fc\u015f\u00fc\u015fleri engellenir. Bu yap\u0131, cihazlar\u0131n daha h\u0131zl\u0131 ve verimli \u015fekilde \u00e7al\u0131\u015fmas\u0131na katk\u0131 sa\u011flar.Is\u0131ya dayan\u0131kl\u0131 tasar\u0131m\u0131 ile \u00f6ne \u00e7\u0131kan \u00fcr\u00fcn, ak\u0131ll\u0131 s\u0131cakl\u0131k kontrol sistemi sayesinde a\u015f\u0131r\u0131 \u0131s\u0131nmay\u0131 \u00f6nler. Arka b\u00f6l\u00fcmde bulunan \u00f6zel havaland\u0131rma \u00e7\u0131k\u0131\u015flar\u0131, i\u00e7 s\u0131cakl\u0131\u011f\u0131n dengelenmesine yard\u0131mc\u0131 olur. Bu sayede uzun s\u00fcreli kullan\u0131mda bile g\u00fcvenli bir performans sunar.Voltaj d\u00f6n\u00fc\u015ft\u00fcr\u00fcc\u00fc teknolojisi sayesinde farkl\u0131 elektronik cihazlar i\u00e7in uygun ak\u0131m sa\u011flar. USB giri\u015fleri ile ayn\u0131 anda birden fazla cihaz\u0131 \u015farj edebilme imk\u00e2n\u0131 sunar. Ara\u00e7 i\u00e7inde mobil ofis kuranlar, uzun yol yapanlar ve outdoor aktivitelerle ilgilenenler i\u00e7in ideal bir \u00e7\u00f6z\u00fcmd\u00fcr.\u015e\u0131k ve modern tasar\u0131m\u0131, ara\u00e7 i\u00e7i kullan\u0131mda estetik bir g\u00f6r\u00fcn\u00fcm sa\u011flar. Kompakt yap\u0131s\u0131 sayesinde kolay ta\u015f\u0131n\u0131r ve pratik kullan\u0131m sunar. Geni\u015f ara\u00e7 uyumlulu\u011fu ile farkl\u0131 otomobil modellerinde rahatl\u0131kla kullan\u0131labilir.<\/p>\n","protected":false},"excerpt":{"rendered":"<p>Bu ara\u00e7 power inverter, y\u00fcksek performansl\u0131 g\u00fc\u00e7 d\u00f6n\u00fc\u015ft\u00fcrme \u00f6zelli\u011fi ile ara\u00e7 i\u00e7inde g\u00fcvenilir enerji sa\u011flar. \u0130\u00e7 yap\u0131s\u0131nda kullan\u0131lan kaliteli kablolar sayesinde enerji aktar\u0131m\u0131 daha stabil hale gelir ve \u015farj s\u0131ras\u0131nda olu\u015fabilecek performans d\u00fc\u015f\u00fc\u015fleri engellenir. Bu yap\u0131, cihazlar\u0131n daha h\u0131zl\u0131 ve verimli \u015fekilde \u00e7al\u0131\u015fmas\u0131na katk\u0131 sa\u011flar.Is\u0131ya dayan\u0131kl\u0131 tasar\u0131m\u0131 ile \u00f6ne \u00e7\u0131kan \u00fcr\u00fcn, ak\u0131ll\u0131 s\u0131cakl\u0131k kontrol sistemi&#8230;<\/p>\n","protected":false},"featured_media":126291,"comment_status":"open","ping_status":"closed","template":"","meta":{"_kad_post_transparent":"","_kad_post_title":"","_kad_post_layout":"","_kad_post_sidebar_id":"","_kad_post_content_style":"","_kad_post_vertical_padding":"","_kad_post_feature":"","_kad_post_feature_position":"","_kad_post_header":false,"_kad_post_footer":false,"_kad_post_classname":""},"product_brand":[],"product_cat":[15142],"product_tag":[],"class_list":{"0":"post-126292","1":"product","2":"type-product","3":"status-publish","4":"has-post-thumbnail","6":"product_cat-arac-ici-aksesuar-arac-ici-aksesuar-2","8":"first","9":"instock","10":"purchasable","11":"product-type-simple","12":"entry","13":"content-bg","14":"loop-entry"},"_links":{"self":[{"href":"https:\/\/www.hediyepazar.com\/index.php?rest_route=\/wp\/v2\/product\/126292","targetHints":{"allow":["GET"]}}],"collection":[{"href":"https:\/\/www.hediyepazar.com\/index.php?rest_route=\/wp\/v2\/product"}],"about":[{"href":"https:\/\/www.hediyepazar.com\/index.php?rest_route=\/wp\/v2\/types\/product"}],"replies":[{"embeddable":true,"href":"https:\/\/www.hediyepazar.com\/index.php?rest_route=%2Fwp%2Fv2%2Fcomments&post=126292"}],"wp:featuredmedia":[{"embeddable":true,"href":"https:\/\/www.hediyepazar.com\/index.php?rest_route=\/wp\/v2\/media\/126291"}],"wp:attachment":[{"href":"https:\/\/www.hediyepazar.com\/index.php?rest_route=%2Fwp%2Fv2%2Fmedia&parent=126292"}],"wp:term":[{"taxonomy":"product_brand","embeddable":true,"href":"https:\/\/www.hediyepazar.com\/index.php?rest_route=%2Fwp%2Fv2%2Fproduct_brand&post=126292"},{"taxonomy":"product_cat","embeddable":true,"href":"https:\/\/www.hediyepazar.com\/index.php?rest_route=%2Fwp%2Fv2%2Fproduct_cat&post=126292"},{"taxonomy":"product_tag","embeddable":true,"href":"https:\/\/www.hediyepazar.com\/index.php?rest_route=%2Fwp%2Fv2%2Fproduct_tag&post=126292"}],"curies":[{"name":"wp","href":"https:\/\/api.w.org\/{rel}","templated":true}]}}