{"id":126306,"date":"2026-05-06T20:04:03","date_gmt":"2026-05-06T23:04:03","guid":{"rendered":"https:\/\/www.hediyepazar.com\/?product=modern-siyah-tuvalet-kagitligi-duvar-tipi-minimal-tasarim-pecetelik"},"modified":"2026-05-06T20:04:03","modified_gmt":"2026-05-06T23:04:03","slug":"modern-siyah-tuvalet-kagitligi-duvar-tipi-minimal-tasarim-pecetelik","status":"publish","type":"product","link":"https:\/\/www.hediyepazar.com\/?product=modern-siyah-tuvalet-kagitligi-duvar-tipi-minimal-tasarim-pecetelik","title":{"rendered":"Modern Siyah Tuvalet Ka\u011f\u0131tl\u0131\u011f\u0131 Duvar Tipi Minimal Tasar\u0131m Pe\u00e7etelik"},"content":{"rendered":"<p>Bu modern siyah tuvalet ka\u011f\u0131tl\u0131\u011f\u0131, banyolara minimalist ve \u015f\u0131k bir dokunu\u015f katmak i\u00e7in tasarlanm\u0131\u015ft\u0131r. Duvara monte yap\u0131 sayesinde az yer kaplar ve kullan\u0131m kolayl\u0131\u011f\u0131 sa\u011flar. Mat siyah kaplamas\u0131 \u00e7izilmelere kar\u015f\u0131 dayan\u0131kl\u0131d\u0131r ve uzun y\u0131llar estetik g\u00f6r\u00fcn\u00fcm\u00fcn\u00fc korur. Hem klasik hem de modern banyo dekorasyonlar\u0131yla uyum sa\u011flar. Kolay montaj \u00f6zelli\u011fi ile pratik bir \u015fekilde kurulur. Ergonomik tasar\u0131m\u0131 sayesinde tuvalet ka\u011f\u0131d\u0131 rulosu rahat\u00e7a tak\u0131l\u0131p \u00e7\u0131kar\u0131l\u0131r. Hem sa\u011flam hem dekoratif bir banyo aksesuar\u0131 arayanlar i\u00e7in ideal bir se\u00e7imdir.<\/p>\n","protected":false},"excerpt":{"rendered":"<p>Bu modern siyah tuvalet ka\u011f\u0131tl\u0131\u011f\u0131, banyolara minimalist ve \u015f\u0131k bir dokunu\u015f katmak i\u00e7in tasarlanm\u0131\u015ft\u0131r. Duvara monte yap\u0131 sayesinde az yer kaplar ve kullan\u0131m kolayl\u0131\u011f\u0131 sa\u011flar. Mat siyah kaplamas\u0131 \u00e7izilmelere kar\u015f\u0131 dayan\u0131kl\u0131d\u0131r ve uzun y\u0131llar estetik g\u00f6r\u00fcn\u00fcm\u00fcn\u00fc korur. Hem klasik hem de modern banyo dekorasyonlar\u0131yla uyum sa\u011flar. Kolay montaj \u00f6zelli\u011fi ile pratik bir \u015fekilde kurulur. Ergonomik&#8230;<\/p>\n","protected":false},"featured_media":126305,"comment_status":"open","ping_status":"closed","template":"","meta":{"_kad_post_transparent":"","_kad_post_title":"","_kad_post_layout":"","_kad_post_sidebar_id":"","_kad_post_content_style":"","_kad_post_vertical_padding":"","_kad_post_feature":"","_kad_post_feature_position":"","_kad_post_header":false,"_kad_post_footer":false,"_kad_post_classname":""},"product_brand":[],"product_cat":[14940],"product_tag":[],"class_list":{"0":"post-126306","1":"product","2":"type-product","3":"status-publish","4":"has-post-thumbnail","6":"product_cat-dekoratif-obje-biblo-dekoratif-obje-biblo","8":"first","9":"instock","10":"purchasable","11":"product-type-simple","12":"entry","13":"content-bg","14":"loop-entry"},"_links":{"self":[{"href":"https:\/\/www.hediyepazar.com\/index.php?rest_route=\/wp\/v2\/product\/126306","targetHints":{"allow":["GET"]}}],"collection":[{"href":"https:\/\/www.hediyepazar.com\/index.php?rest_route=\/wp\/v2\/product"}],"about":[{"href":"https:\/\/www.hediyepazar.com\/index.php?rest_route=\/wp\/v2\/types\/product"}],"replies":[{"embeddable":true,"href":"https:\/\/www.hediyepazar.com\/index.php?rest_route=%2Fwp%2Fv2%2Fcomments&post=126306"}],"wp:featuredmedia":[{"embeddable":true,"href":"https:\/\/www.hediyepazar.com\/index.php?rest_route=\/wp\/v2\/media\/126305"}],"wp:attachment":[{"href":"https:\/\/www.hediyepazar.com\/index.php?rest_route=%2Fwp%2Fv2%2Fmedia&parent=126306"}],"wp:term":[{"taxonomy":"product_brand","embeddable":true,"href":"https:\/\/www.hediyepazar.com\/index.php?rest_route=%2Fwp%2Fv2%2Fproduct_brand&post=126306"},{"taxonomy":"product_cat","embeddable":true,"href":"https:\/\/www.hediyepazar.com\/index.php?rest_route=%2Fwp%2Fv2%2Fproduct_cat&post=126306"},{"taxonomy":"product_tag","embeddable":true,"href":"https:\/\/www.hediyepazar.com\/index.php?rest_route=%2Fwp%2Fv2%2Fproduct_tag&post=126306"}],"curies":[{"name":"wp","href":"https:\/\/api.w.org\/{rel}","templated":true}]}}