{"id":126308,"date":"2026-05-06T20:04:11","date_gmt":"2026-05-06T23:04:11","guid":{"rendered":"https:\/\/www.hediyepazar.com\/?product=duvara-monte-siyah-pecetelik-minimal-banyo-aksesuari"},"modified":"2026-05-06T20:04:11","modified_gmt":"2026-05-06T23:04:11","slug":"duvara-monte-siyah-pecetelik-minimal-banyo-aksesuari","status":"publish","type":"product","link":"https:\/\/www.hediyepazar.com\/?product=duvara-monte-siyah-pecetelik-minimal-banyo-aksesuari","title":{"rendered":"Duvara Monte Siyah Pe\u00e7etelik Minimal Banyo Aksesuar\u0131"},"content":{"rendered":"<p>Bu \u015f\u0131k siyah pe\u00e7etelik, banyonuza modern bir hava katmak i\u00e7in ideal bir tasar\u0131ma sahiptir. Minimal \u00e7izgileri, mat dokusu ve kompakt yap\u0131s\u0131 ile her t\u00fcrl\u00fc dekorasyon tarz\u0131na uyum sa\u011flar. Tuvalet ka\u011f\u0131d\u0131 de\u011fi\u015fimini kolayla\u015ft\u0131ran a\u00e7\u0131k tasar\u0131m\u0131 kullan\u0131c\u0131 dostudur. Duvara monte edilebilmesi sayesinde yer tasarrufu sa\u011flar.  Hem estetik hem fonksiyonel bir banyo aksesuar\u0131 arayanlar i\u00e7in m\u00fckemmel tercihtir.<\/p>\n","protected":false},"excerpt":{"rendered":"<p>Bu \u015f\u0131k siyah pe\u00e7etelik, banyonuza modern bir hava katmak i\u00e7in ideal bir tasar\u0131ma sahiptir. Minimal \u00e7izgileri, mat dokusu ve kompakt yap\u0131s\u0131 ile her t\u00fcrl\u00fc dekorasyon tarz\u0131na uyum sa\u011flar. Tuvalet ka\u011f\u0131d\u0131 de\u011fi\u015fimini kolayla\u015ft\u0131ran a\u00e7\u0131k tasar\u0131m\u0131 kullan\u0131c\u0131 dostudur. Duvara monte edilebilmesi sayesinde yer tasarrufu sa\u011flar. Hem estetik hem fonksiyonel bir banyo aksesuar\u0131 arayanlar i\u00e7in m\u00fckemmel tercihtir.<\/p>\n","protected":false},"featured_media":126307,"comment_status":"open","ping_status":"closed","template":"","meta":{"_kad_post_transparent":"","_kad_post_title":"","_kad_post_layout":"","_kad_post_sidebar_id":"","_kad_post_content_style":"","_kad_post_vertical_padding":"","_kad_post_feature":"","_kad_post_feature_position":"","_kad_post_header":false,"_kad_post_footer":false,"_kad_post_classname":""},"product_brand":[],"product_cat":[14940],"product_tag":[],"class_list":{"0":"post-126308","1":"product","2":"type-product","3":"status-publish","4":"has-post-thumbnail","6":"product_cat-dekoratif-obje-biblo-dekoratif-obje-biblo","8":"first","9":"instock","10":"purchasable","11":"product-type-simple","12":"entry","13":"content-bg","14":"loop-entry"},"_links":{"self":[{"href":"https:\/\/www.hediyepazar.com\/index.php?rest_route=\/wp\/v2\/product\/126308","targetHints":{"allow":["GET"]}}],"collection":[{"href":"https:\/\/www.hediyepazar.com\/index.php?rest_route=\/wp\/v2\/product"}],"about":[{"href":"https:\/\/www.hediyepazar.com\/index.php?rest_route=\/wp\/v2\/types\/product"}],"replies":[{"embeddable":true,"href":"https:\/\/www.hediyepazar.com\/index.php?rest_route=%2Fwp%2Fv2%2Fcomments&post=126308"}],"wp:featuredmedia":[{"embeddable":true,"href":"https:\/\/www.hediyepazar.com\/index.php?rest_route=\/wp\/v2\/media\/126307"}],"wp:attachment":[{"href":"https:\/\/www.hediyepazar.com\/index.php?rest_route=%2Fwp%2Fv2%2Fmedia&parent=126308"}],"wp:term":[{"taxonomy":"product_brand","embeddable":true,"href":"https:\/\/www.hediyepazar.com\/index.php?rest_route=%2Fwp%2Fv2%2Fproduct_brand&post=126308"},{"taxonomy":"product_cat","embeddable":true,"href":"https:\/\/www.hediyepazar.com\/index.php?rest_route=%2Fwp%2Fv2%2Fproduct_cat&post=126308"},{"taxonomy":"product_tag","embeddable":true,"href":"https:\/\/www.hediyepazar.com\/index.php?rest_route=%2Fwp%2Fv2%2Fproduct_tag&post=126308"}],"curies":[{"name":"wp","href":"https:\/\/api.w.org\/{rel}","templated":true}]}}