{"id":126310,"date":"2026-05-06T20:04:19","date_gmt":"2026-05-06T23:04:19","guid":{"rendered":"https:\/\/www.hediyepazar.com\/?product=siyah-tuvalet-kagidi-tutucu-mat-kaplama-banyo-pecetelik"},"modified":"2026-05-06T20:04:19","modified_gmt":"2026-05-06T23:04:19","slug":"siyah-tuvalet-kagidi-tutucu-mat-kaplama-banyo-pecetelik","status":"publish","type":"product","link":"https:\/\/www.hediyepazar.com\/?product=siyah-tuvalet-kagidi-tutucu-mat-kaplama-banyo-pecetelik","title":{"rendered":"Siyah Tuvalet Ka\u011f\u0131d\u0131 Tutucu Mat Kaplama Banyo Pe\u00e7etelik"},"content":{"rendered":"<p>Mat siyah tuvalet ka\u011f\u0131d\u0131 tutucu, dayan\u0131kl\u0131  g\u00f6vdesi sayesinde uzun y\u0131llar g\u00fcvenle kullan\u0131labilir. Neme kar\u015f\u0131 diren\u00e7li yap\u0131s\u0131, banyo ortamlar\u0131 i\u00e7in m\u00fckemmel bir kullan\u0131m sunar. Minimal k\u0131vr\u0131ml\u0131 yap\u0131s\u0131 hem estetik hem fonksiyoneldir. Modern banyolara uyum sa\u011flayan \u015f\u0131k g\u00f6r\u00fcn\u00fcm\u00fcyle dikkat \u00e7eker. Kolay temizlenebilir y\u00fczeyi sayesinde hijyenik kullan\u0131m sunar.<\/p>\n","protected":false},"excerpt":{"rendered":"<p>Mat siyah tuvalet ka\u011f\u0131d\u0131 tutucu, dayan\u0131kl\u0131 g\u00f6vdesi sayesinde uzun y\u0131llar g\u00fcvenle kullan\u0131labilir. Neme kar\u015f\u0131 diren\u00e7li yap\u0131s\u0131, banyo ortamlar\u0131 i\u00e7in m\u00fckemmel bir kullan\u0131m sunar. Minimal k\u0131vr\u0131ml\u0131 yap\u0131s\u0131 hem estetik hem fonksiyoneldir. Modern banyolara uyum sa\u011flayan \u015f\u0131k g\u00f6r\u00fcn\u00fcm\u00fcyle dikkat \u00e7eker. Kolay temizlenebilir y\u00fczeyi sayesinde hijyenik kullan\u0131m sunar.<\/p>\n","protected":false},"featured_media":126309,"comment_status":"open","ping_status":"closed","template":"","meta":{"_kad_post_transparent":"","_kad_post_title":"","_kad_post_layout":"","_kad_post_sidebar_id":"","_kad_post_content_style":"","_kad_post_vertical_padding":"","_kad_post_feature":"","_kad_post_feature_position":"","_kad_post_header":false,"_kad_post_footer":false,"_kad_post_classname":""},"product_brand":[],"product_cat":[14940],"product_tag":[],"class_list":{"0":"post-126310","1":"product","2":"type-product","3":"status-publish","4":"has-post-thumbnail","6":"product_cat-dekoratif-obje-biblo-dekoratif-obje-biblo","8":"first","9":"instock","10":"purchasable","11":"product-type-simple","12":"entry","13":"content-bg","14":"loop-entry"},"_links":{"self":[{"href":"https:\/\/www.hediyepazar.com\/index.php?rest_route=\/wp\/v2\/product\/126310","targetHints":{"allow":["GET"]}}],"collection":[{"href":"https:\/\/www.hediyepazar.com\/index.php?rest_route=\/wp\/v2\/product"}],"about":[{"href":"https:\/\/www.hediyepazar.com\/index.php?rest_route=\/wp\/v2\/types\/product"}],"replies":[{"embeddable":true,"href":"https:\/\/www.hediyepazar.com\/index.php?rest_route=%2Fwp%2Fv2%2Fcomments&post=126310"}],"wp:featuredmedia":[{"embeddable":true,"href":"https:\/\/www.hediyepazar.com\/index.php?rest_route=\/wp\/v2\/media\/126309"}],"wp:attachment":[{"href":"https:\/\/www.hediyepazar.com\/index.php?rest_route=%2Fwp%2Fv2%2Fmedia&parent=126310"}],"wp:term":[{"taxonomy":"product_brand","embeddable":true,"href":"https:\/\/www.hediyepazar.com\/index.php?rest_route=%2Fwp%2Fv2%2Fproduct_brand&post=126310"},{"taxonomy":"product_cat","embeddable":true,"href":"https:\/\/www.hediyepazar.com\/index.php?rest_route=%2Fwp%2Fv2%2Fproduct_cat&post=126310"},{"taxonomy":"product_tag","embeddable":true,"href":"https:\/\/www.hediyepazar.com\/index.php?rest_route=%2Fwp%2Fv2%2Fproduct_tag&post=126310"}],"curies":[{"name":"wp","href":"https:\/\/api.w.org\/{rel}","templated":true}]}}