{"id":126312,"date":"2026-05-06T20:05:01","date_gmt":"2026-05-06T23:05:01","guid":{"rendered":"https:\/\/www.hediyepazar.com\/?product=sik-tasarim-siyah-tuvalet-kagidi-askiligi-pecetelik"},"modified":"2026-05-06T20:05:01","modified_gmt":"2026-05-06T23:05:01","slug":"sik-tasarim-siyah-tuvalet-kagidi-askiligi-pecetelik","status":"publish","type":"product","link":"https:\/\/www.hediyepazar.com\/?product=sik-tasarim-siyah-tuvalet-kagidi-askiligi-pecetelik","title":{"rendered":"\u015e\u0131k Tasar\u0131m Siyah Tuvalet Ka\u011f\u0131d\u0131 Ask\u0131l\u0131\u011f\u0131 Pe\u00e7etelik"},"content":{"rendered":"<p>Kullan\u0131m kolayl\u0131\u011f\u0131 sa\u011flayan bu modern pe\u00e7etelik, banyo d\u00fczenini tamamlayan i\u015flevsel bir \u00fcr\u00fcnd\u00fcr. Parlak olmayan mat siyah doku, modern tarz sevenlerin favorisi olacakt\u0131r. A\u00e7\u0131k u\u00e7lu tasar\u0131m sayesinde rulo de\u011fi\u015fimi h\u0131zl\u0131 ve pratiktir. Kaliteli  malzemeden \u00fcretildi\u011fi i\u00e7in g\u00fcnl\u00fck kullan\u0131ma dayan\u0131kl\u0131d\u0131r.  Hem estetik g\u00f6r\u00fcn\u00fcm\u00fc hem de pratik yap\u0131s\u0131yla banyoda \u015f\u0131k bir detay olu\u015fturur.<\/p>\n","protected":false},"excerpt":{"rendered":"<p>Kullan\u0131m kolayl\u0131\u011f\u0131 sa\u011flayan bu modern pe\u00e7etelik, banyo d\u00fczenini tamamlayan i\u015flevsel bir \u00fcr\u00fcnd\u00fcr. Parlak olmayan mat siyah doku, modern tarz sevenlerin favorisi olacakt\u0131r. A\u00e7\u0131k u\u00e7lu tasar\u0131m sayesinde rulo de\u011fi\u015fimi h\u0131zl\u0131 ve pratiktir. Kaliteli malzemeden \u00fcretildi\u011fi i\u00e7in g\u00fcnl\u00fck kullan\u0131ma dayan\u0131kl\u0131d\u0131r. Hem estetik g\u00f6r\u00fcn\u00fcm\u00fc hem de pratik yap\u0131s\u0131yla banyoda \u015f\u0131k bir detay olu\u015fturur.<\/p>\n","protected":false},"featured_media":126311,"comment_status":"open","ping_status":"closed","template":"","meta":{"_kad_post_transparent":"","_kad_post_title":"","_kad_post_layout":"","_kad_post_sidebar_id":"","_kad_post_content_style":"","_kad_post_vertical_padding":"","_kad_post_feature":"","_kad_post_feature_position":"","_kad_post_header":false,"_kad_post_footer":false,"_kad_post_classname":""},"product_brand":[],"product_cat":[14940],"product_tag":[],"class_list":{"0":"post-126312","1":"product","2":"type-product","3":"status-publish","4":"has-post-thumbnail","6":"product_cat-dekoratif-obje-biblo-dekoratif-obje-biblo","8":"first","9":"instock","10":"purchasable","11":"product-type-simple","12":"entry","13":"content-bg","14":"loop-entry"},"_links":{"self":[{"href":"https:\/\/www.hediyepazar.com\/index.php?rest_route=\/wp\/v2\/product\/126312","targetHints":{"allow":["GET"]}}],"collection":[{"href":"https:\/\/www.hediyepazar.com\/index.php?rest_route=\/wp\/v2\/product"}],"about":[{"href":"https:\/\/www.hediyepazar.com\/index.php?rest_route=\/wp\/v2\/types\/product"}],"replies":[{"embeddable":true,"href":"https:\/\/www.hediyepazar.com\/index.php?rest_route=%2Fwp%2Fv2%2Fcomments&post=126312"}],"wp:featuredmedia":[{"embeddable":true,"href":"https:\/\/www.hediyepazar.com\/index.php?rest_route=\/wp\/v2\/media\/126311"}],"wp:attachment":[{"href":"https:\/\/www.hediyepazar.com\/index.php?rest_route=%2Fwp%2Fv2%2Fmedia&parent=126312"}],"wp:term":[{"taxonomy":"product_brand","embeddable":true,"href":"https:\/\/www.hediyepazar.com\/index.php?rest_route=%2Fwp%2Fv2%2Fproduct_brand&post=126312"},{"taxonomy":"product_cat","embeddable":true,"href":"https:\/\/www.hediyepazar.com\/index.php?rest_route=%2Fwp%2Fv2%2Fproduct_cat&post=126312"},{"taxonomy":"product_tag","embeddable":true,"href":"https:\/\/www.hediyepazar.com\/index.php?rest_route=%2Fwp%2Fv2%2Fproduct_tag&post=126312"}],"curies":[{"name":"wp","href":"https:\/\/api.w.org\/{rel}","templated":true}]}}