{"id":126334,"date":"2026-05-06T20:11:10","date_gmt":"2026-05-06T23:11:10","guid":{"rendered":"https:\/\/www.hediyepazar.com\/?product=ofis-ve-gunluk-kullanim-icin-mavi-bluetooth-kablosuz-mouse"},"modified":"2026-05-06T20:11:10","modified_gmt":"2026-05-06T23:11:10","slug":"ofis-ve-gunluk-kullanim-icin-mavi-bluetooth-kablosuz-mouse","status":"publish","type":"product","link":"https:\/\/www.hediyepazar.com\/?product=ofis-ve-gunluk-kullanim-icin-mavi-bluetooth-kablosuz-mouse","title":{"rendered":"Ofis ve G\u00fcnl\u00fck Kullan\u0131m \u0130\u00e7in Mavi Bluetooth Kablosuz Mouse"},"content":{"rendered":"<p>Modern ve sade mavi tasar\u0131m\u0131yla dikkat \u00e7eken kablosuz mouse, Bluetooth ve USB ba\u011flant\u0131 se\u00e7enekleriyle kullan\u0131m esnekli\u011fi sunar. Pilli \u00e7al\u0131\u015fma sistemi, \u015farj kablosu ihtiyac\u0131n\u0131 ortadan kald\u0131rarak pratik bir deneyim sa\u011flar.Bluetooth 5.2 teknolojisi, h\u0131zl\u0131 ve stabil ba\u011flant\u0131 sunarken USB al\u0131c\u0131 deste\u011fi masa\u00fcst\u00fc bilgisayarlar i\u00e7in idealdir. Ayarlanabilir DPI \u00f6zelli\u011fi, farkl\u0131 kullan\u0131m ihtiya\u00e7lar\u0131na uyum sa\u011flar.Optik mouse teknolojisi, hassas ve ak\u0131c\u0131 bir imle\u00e7 kontrol\u00fc sunar. G\u00fcnl\u00fck kullan\u0131m ve ofis i\u015fleri i\u00e7in ideal bir mouse \u00e7\u00f6z\u00fcm\u00fcd\u00fcr.<\/p>\n","protected":false},"excerpt":{"rendered":"<p>Modern ve sade mavi tasar\u0131m\u0131yla dikkat \u00e7eken kablosuz mouse, Bluetooth ve USB ba\u011flant\u0131 se\u00e7enekleriyle kullan\u0131m esnekli\u011fi sunar. Pilli \u00e7al\u0131\u015fma sistemi, \u015farj kablosu ihtiyac\u0131n\u0131 ortadan kald\u0131rarak pratik bir deneyim sa\u011flar.Bluetooth 5.2 teknolojisi, h\u0131zl\u0131 ve stabil ba\u011flant\u0131 sunarken USB al\u0131c\u0131 deste\u011fi masa\u00fcst\u00fc bilgisayarlar i\u00e7in idealdir. Ayarlanabilir DPI \u00f6zelli\u011fi, farkl\u0131 kullan\u0131m ihtiya\u00e7lar\u0131na uyum sa\u011flar.Optik mouse teknolojisi, hassas ve&#8230;<\/p>\n","protected":false},"featured_media":126333,"comment_status":"open","ping_status":"closed","template":"","meta":{"_kad_post_transparent":"","_kad_post_title":"","_kad_post_layout":"","_kad_post_sidebar_id":"","_kad_post_content_style":"","_kad_post_vertical_padding":"","_kad_post_feature":"","_kad_post_feature_position":"","_kad_post_header":false,"_kad_post_footer":false,"_kad_post_classname":""},"product_brand":[],"product_cat":[14973],"product_tag":[],"class_list":{"0":"post-126334","1":"product","2":"type-product","3":"status-publish","4":"has-post-thumbnail","6":"product_cat-mouse-mouse","8":"first","9":"instock","10":"purchasable","11":"product-type-simple","12":"entry","13":"content-bg","14":"loop-entry"},"_links":{"self":[{"href":"https:\/\/www.hediyepazar.com\/index.php?rest_route=\/wp\/v2\/product\/126334","targetHints":{"allow":["GET"]}}],"collection":[{"href":"https:\/\/www.hediyepazar.com\/index.php?rest_route=\/wp\/v2\/product"}],"about":[{"href":"https:\/\/www.hediyepazar.com\/index.php?rest_route=\/wp\/v2\/types\/product"}],"replies":[{"embeddable":true,"href":"https:\/\/www.hediyepazar.com\/index.php?rest_route=%2Fwp%2Fv2%2Fcomments&post=126334"}],"wp:featuredmedia":[{"embeddable":true,"href":"https:\/\/www.hediyepazar.com\/index.php?rest_route=\/wp\/v2\/media\/126333"}],"wp:attachment":[{"href":"https:\/\/www.hediyepazar.com\/index.php?rest_route=%2Fwp%2Fv2%2Fmedia&parent=126334"}],"wp:term":[{"taxonomy":"product_brand","embeddable":true,"href":"https:\/\/www.hediyepazar.com\/index.php?rest_route=%2Fwp%2Fv2%2Fproduct_brand&post=126334"},{"taxonomy":"product_cat","embeddable":true,"href":"https:\/\/www.hediyepazar.com\/index.php?rest_route=%2Fwp%2Fv2%2Fproduct_cat&post=126334"},{"taxonomy":"product_tag","embeddable":true,"href":"https:\/\/www.hediyepazar.com\/index.php?rest_route=%2Fwp%2Fv2%2Fproduct_tag&post=126334"}],"curies":[{"name":"wp","href":"https:\/\/api.w.org\/{rel}","templated":true}]}}