{"id":126336,"date":"2026-05-06T20:11:15","date_gmt":"2026-05-06T23:11:15","guid":{"rendered":"https:\/\/www.hediyepazar.com\/?product=800-1600-dpi-ayarlanabilir-mavi-kablosuz-mouse-pilli"},"modified":"2026-05-06T20:11:15","modified_gmt":"2026-05-06T23:11:15","slug":"800-1600-dpi-ayarlanabilir-mavi-kablosuz-mouse-pilli","status":"publish","type":"product","link":"https:\/\/www.hediyepazar.com\/?product=800-1600-dpi-ayarlanabilir-mavi-kablosuz-mouse-pilli","title":{"rendered":"800 1600 DPI Ayarlanabilir Mavi Kablosuz Mouse Pilli"},"content":{"rendered":"<p>Ofis ve g\u00fcnl\u00fck kullan\u0131m i\u00e7in tasarlanan bu mavi kablosuz mouse, fonksiyonel \u00f6zellikleri ve estetik tasar\u0131m\u0131 ile \u00f6ne \u00e7\u0131kar. Pilli yap\u0131s\u0131 sayesinde \u015farj gerektirmeden \u00e7al\u0131\u015f\u0131r ve pil de\u011fi\u015fimi ile kesintisiz kullan\u0131m sunar.Bluetooth 5.2 ve 2.4G USB ba\u011flant\u0131 deste\u011fi, farkl\u0131 cihazlarla uyumlu kullan\u0131m imk\u00e2n\u0131 tan\u0131r. Ayarlanabilir DPI seviyesi, imle\u00e7 h\u0131z\u0131n\u0131 ki\u015fisel tercihlere g\u00f6re ayarlamay\u0131 sa\u011flar.Optik sens\u00f6r teknolojisi, p\u00fcr\u00fczs\u00fcz y\u00fczey takibi sunarak verimli bir kullan\u0131m deneyimi sa\u011flar. Hafif ve ergonomik yap\u0131s\u0131 sayesinde uzun s\u00fcreli kullan\u0131mlarda rahatl\u0131k sunar.<\/p>\n","protected":false},"excerpt":{"rendered":"<p>Ofis ve g\u00fcnl\u00fck kullan\u0131m i\u00e7in tasarlanan bu mavi kablosuz mouse, fonksiyonel \u00f6zellikleri ve estetik tasar\u0131m\u0131 ile \u00f6ne \u00e7\u0131kar. Pilli yap\u0131s\u0131 sayesinde \u015farj gerektirmeden \u00e7al\u0131\u015f\u0131r ve pil de\u011fi\u015fimi ile kesintisiz kullan\u0131m sunar.Bluetooth 5.2 ve 2.4G USB ba\u011flant\u0131 deste\u011fi, farkl\u0131 cihazlarla uyumlu kullan\u0131m imk\u00e2n\u0131 tan\u0131r. Ayarlanabilir DPI seviyesi, imle\u00e7 h\u0131z\u0131n\u0131 ki\u015fisel tercihlere g\u00f6re ayarlamay\u0131 sa\u011flar.Optik sens\u00f6r teknolojisi,&#8230;<\/p>\n","protected":false},"featured_media":126335,"comment_status":"open","ping_status":"closed","template":"","meta":{"_kad_post_transparent":"","_kad_post_title":"","_kad_post_layout":"","_kad_post_sidebar_id":"","_kad_post_content_style":"","_kad_post_vertical_padding":"","_kad_post_feature":"","_kad_post_feature_position":"","_kad_post_header":false,"_kad_post_footer":false,"_kad_post_classname":""},"product_brand":[],"product_cat":[14973],"product_tag":[],"class_list":{"0":"post-126336","1":"product","2":"type-product","3":"status-publish","4":"has-post-thumbnail","6":"product_cat-mouse-mouse","8":"first","9":"instock","10":"purchasable","11":"product-type-simple","12":"entry","13":"content-bg","14":"loop-entry"},"_links":{"self":[{"href":"https:\/\/www.hediyepazar.com\/index.php?rest_route=\/wp\/v2\/product\/126336","targetHints":{"allow":["GET"]}}],"collection":[{"href":"https:\/\/www.hediyepazar.com\/index.php?rest_route=\/wp\/v2\/product"}],"about":[{"href":"https:\/\/www.hediyepazar.com\/index.php?rest_route=\/wp\/v2\/types\/product"}],"replies":[{"embeddable":true,"href":"https:\/\/www.hediyepazar.com\/index.php?rest_route=%2Fwp%2Fv2%2Fcomments&post=126336"}],"wp:featuredmedia":[{"embeddable":true,"href":"https:\/\/www.hediyepazar.com\/index.php?rest_route=\/wp\/v2\/media\/126335"}],"wp:attachment":[{"href":"https:\/\/www.hediyepazar.com\/index.php?rest_route=%2Fwp%2Fv2%2Fmedia&parent=126336"}],"wp:term":[{"taxonomy":"product_brand","embeddable":true,"href":"https:\/\/www.hediyepazar.com\/index.php?rest_route=%2Fwp%2Fv2%2Fproduct_brand&post=126336"},{"taxonomy":"product_cat","embeddable":true,"href":"https:\/\/www.hediyepazar.com\/index.php?rest_route=%2Fwp%2Fv2%2Fproduct_cat&post=126336"},{"taxonomy":"product_tag","embeddable":true,"href":"https:\/\/www.hediyepazar.com\/index.php?rest_route=%2Fwp%2Fv2%2Fproduct_tag&post=126336"}],"curies":[{"name":"wp","href":"https:\/\/api.w.org\/{rel}","templated":true}]}}