{"id":126338,"date":"2026-05-06T20:11:21","date_gmt":"2026-05-06T23:11:21","guid":{"rendered":"https:\/\/www.hediyepazar.com\/?product=bluetooth-5-2-destekli-mavi-pilli-kablosuz-mouse"},"modified":"2026-05-06T20:11:21","modified_gmt":"2026-05-06T23:11:21","slug":"bluetooth-5-2-destekli-mavi-pilli-kablosuz-mouse","status":"publish","type":"product","link":"https:\/\/www.hediyepazar.com\/?product=bluetooth-5-2-destekli-mavi-pilli-kablosuz-mouse","title":{"rendered":"Bluetooth 5.2 Destekli Mavi Pilli Kablosuz Mouse"},"content":{"rendered":"<p>Bluetooth ve USB destekli mavi pilli kablosuz mouse, \u00e7ok y\u00f6nl\u00fc ba\u011flant\u0131 se\u00e7enekleriyle farkl\u0131 kullan\u0131m senaryolar\u0131na uyum sa\u011flar. Pilli \u00e7al\u0131\u015fma sistemi, \u015farj kablosu ihtiyac\u0131n\u0131 ortadan kald\u0131rarak kullan\u0131m kolayl\u0131\u011f\u0131 sunar.Bluetooth 5.2 ba\u011flant\u0131 \u00f6zelli\u011fi, kablosuz ve d\u00fczenli bir masa ortam\u0131 olu\u015fturur. USB al\u0131c\u0131 deste\u011fi ise masa\u00fcst\u00fc bilgisayarlar i\u00e7in pratik bir alternatif sunar. 800 \u2013 1600 DPI aral\u0131\u011f\u0131nda ayarlanabilir hassasiyet, hem ofis i\u015fleri hem de g\u00fcnl\u00fck kullan\u0131m i\u00e7in ideal kontrol sa\u011flar.\u015e\u0131k mavi tasar\u0131m\u0131, modern masa d\u00fczenlerine uyum sa\u011flar. Ergonomik yap\u0131s\u0131 sayesinde uzun s\u00fcreli kullan\u0131mlarda el ve bilek konforunu destekler.<\/p>\n","protected":false},"excerpt":{"rendered":"<p>Bluetooth ve USB destekli mavi pilli kablosuz mouse, \u00e7ok y\u00f6nl\u00fc ba\u011flant\u0131 se\u00e7enekleriyle farkl\u0131 kullan\u0131m senaryolar\u0131na uyum sa\u011flar. Pilli \u00e7al\u0131\u015fma sistemi, \u015farj kablosu ihtiyac\u0131n\u0131 ortadan kald\u0131rarak kullan\u0131m kolayl\u0131\u011f\u0131 sunar.Bluetooth 5.2 ba\u011flant\u0131 \u00f6zelli\u011fi, kablosuz ve d\u00fczenli bir masa ortam\u0131 olu\u015fturur. USB al\u0131c\u0131 deste\u011fi ise masa\u00fcst\u00fc bilgisayarlar i\u00e7in pratik bir alternatif sunar. 800 \u2013 1600 DPI aral\u0131\u011f\u0131nda ayarlanabilir&#8230;<\/p>\n","protected":false},"featured_media":126337,"comment_status":"open","ping_status":"closed","template":"","meta":{"_kad_post_transparent":"","_kad_post_title":"","_kad_post_layout":"","_kad_post_sidebar_id":"","_kad_post_content_style":"","_kad_post_vertical_padding":"","_kad_post_feature":"","_kad_post_feature_position":"","_kad_post_header":false,"_kad_post_footer":false,"_kad_post_classname":""},"product_brand":[],"product_cat":[14973],"product_tag":[],"class_list":{"0":"post-126338","1":"product","2":"type-product","3":"status-publish","4":"has-post-thumbnail","6":"product_cat-mouse-mouse","8":"first","9":"instock","10":"purchasable","11":"product-type-simple","12":"entry","13":"content-bg","14":"loop-entry"},"_links":{"self":[{"href":"https:\/\/www.hediyepazar.com\/index.php?rest_route=\/wp\/v2\/product\/126338","targetHints":{"allow":["GET"]}}],"collection":[{"href":"https:\/\/www.hediyepazar.com\/index.php?rest_route=\/wp\/v2\/product"}],"about":[{"href":"https:\/\/www.hediyepazar.com\/index.php?rest_route=\/wp\/v2\/types\/product"}],"replies":[{"embeddable":true,"href":"https:\/\/www.hediyepazar.com\/index.php?rest_route=%2Fwp%2Fv2%2Fcomments&post=126338"}],"wp:featuredmedia":[{"embeddable":true,"href":"https:\/\/www.hediyepazar.com\/index.php?rest_route=\/wp\/v2\/media\/126337"}],"wp:attachment":[{"href":"https:\/\/www.hediyepazar.com\/index.php?rest_route=%2Fwp%2Fv2%2Fmedia&parent=126338"}],"wp:term":[{"taxonomy":"product_brand","embeddable":true,"href":"https:\/\/www.hediyepazar.com\/index.php?rest_route=%2Fwp%2Fv2%2Fproduct_brand&post=126338"},{"taxonomy":"product_cat","embeddable":true,"href":"https:\/\/www.hediyepazar.com\/index.php?rest_route=%2Fwp%2Fv2%2Fproduct_cat&post=126338"},{"taxonomy":"product_tag","embeddable":true,"href":"https:\/\/www.hediyepazar.com\/index.php?rest_route=%2Fwp%2Fv2%2Fproduct_tag&post=126338"}],"curies":[{"name":"wp","href":"https:\/\/api.w.org\/{rel}","templated":true}]}}