{"id":126340,"date":"2026-05-06T20:11:29","date_gmt":"2026-05-06T23:11:29","guid":{"rendered":"https:\/\/www.hediyepazar.com\/?product=mavi-kablosuz-mouse-bluetooth-ve-usb-cift-mod-baglantili"},"modified":"2026-05-06T20:11:29","modified_gmt":"2026-05-06T23:11:29","slug":"mavi-kablosuz-mouse-bluetooth-ve-usb-cift-mod-baglantili","status":"publish","type":"product","link":"https:\/\/www.hediyepazar.com\/?product=mavi-kablosuz-mouse-bluetooth-ve-usb-cift-mod-baglantili","title":{"rendered":"Mavi Kablosuz Mouse Bluetooth ve USB \u00c7ift Mod Ba\u011flant\u0131l\u0131"},"content":{"rendered":"<p>Mavi kablosuz mouse, sade ve modern tasar\u0131m\u0131yla \u00e7al\u0131\u015fma alan\u0131na \u015f\u0131kl\u0131k kazand\u0131r\u0131r. Pilli yap\u0131s\u0131 sayesinde \u015farj derdi olmadan kullan\u0131labilir ve ofis ortamlar\u0131nda pratik bir \u00e7\u00f6z\u00fcm sunar. Bluetooth 5.2 teknolojisi, h\u0131zl\u0131 ve stabil ba\u011flant\u0131 imk\u00e2n\u0131 sa\u011flar.2.4G USB al\u0131c\u0131 deste\u011fi, Bluetooth bulunmayan cihazlar i\u00e7in alternatif ba\u011flant\u0131 se\u00e7ene\u011fi sunar. \u00c7ift mod ba\u011flant\u0131 \u00f6zelli\u011fi, farkl\u0131 cihazlar aras\u0131nda kolay ge\u00e7i\u015f imk\u00e2n\u0131 tan\u0131r. Ayarlanabilir DPI seviyesi, kullan\u0131m al\u0131\u015fkanl\u0131klar\u0131na g\u00f6re hassasiyet ayar\u0131 yap\u0131lmas\u0131n\u0131 sa\u011flar.Optik mouse teknolojisi, hassas imle\u00e7 kontrol\u00fc sunar. Hafif ve ergonomik tasar\u0131m\u0131, uzun s\u00fcreli kullan\u0131mlarda bile rahatl\u0131k sa\u011flar. Ev ve ofis kullan\u0131m\u0131 i\u00e7in ideal bir mouse se\u00e7ene\u011fidir.<\/p>\n","protected":false},"excerpt":{"rendered":"<p>Mavi kablosuz mouse, sade ve modern tasar\u0131m\u0131yla \u00e7al\u0131\u015fma alan\u0131na \u015f\u0131kl\u0131k kazand\u0131r\u0131r. Pilli yap\u0131s\u0131 sayesinde \u015farj derdi olmadan kullan\u0131labilir ve ofis ortamlar\u0131nda pratik bir \u00e7\u00f6z\u00fcm sunar. Bluetooth 5.2 teknolojisi, h\u0131zl\u0131 ve stabil ba\u011flant\u0131 imk\u00e2n\u0131 sa\u011flar.2.4G USB al\u0131c\u0131 deste\u011fi, Bluetooth bulunmayan cihazlar i\u00e7in alternatif ba\u011flant\u0131 se\u00e7ene\u011fi sunar. \u00c7ift mod ba\u011flant\u0131 \u00f6zelli\u011fi, farkl\u0131 cihazlar aras\u0131nda kolay ge\u00e7i\u015f imk\u00e2n\u0131&#8230;<\/p>\n","protected":false},"featured_media":126339,"comment_status":"open","ping_status":"closed","template":"","meta":{"_kad_post_transparent":"","_kad_post_title":"","_kad_post_layout":"","_kad_post_sidebar_id":"","_kad_post_content_style":"","_kad_post_vertical_padding":"","_kad_post_feature":"","_kad_post_feature_position":"","_kad_post_header":false,"_kad_post_footer":false,"_kad_post_classname":""},"product_brand":[],"product_cat":[14973],"product_tag":[],"class_list":{"0":"post-126340","1":"product","2":"type-product","3":"status-publish","4":"has-post-thumbnail","6":"product_cat-mouse-mouse","8":"first","9":"instock","10":"purchasable","11":"product-type-simple","12":"entry","13":"content-bg","14":"loop-entry"},"_links":{"self":[{"href":"https:\/\/www.hediyepazar.com\/index.php?rest_route=\/wp\/v2\/product\/126340","targetHints":{"allow":["GET"]}}],"collection":[{"href":"https:\/\/www.hediyepazar.com\/index.php?rest_route=\/wp\/v2\/product"}],"about":[{"href":"https:\/\/www.hediyepazar.com\/index.php?rest_route=\/wp\/v2\/types\/product"}],"replies":[{"embeddable":true,"href":"https:\/\/www.hediyepazar.com\/index.php?rest_route=%2Fwp%2Fv2%2Fcomments&post=126340"}],"wp:featuredmedia":[{"embeddable":true,"href":"https:\/\/www.hediyepazar.com\/index.php?rest_route=\/wp\/v2\/media\/126339"}],"wp:attachment":[{"href":"https:\/\/www.hediyepazar.com\/index.php?rest_route=%2Fwp%2Fv2%2Fmedia&parent=126340"}],"wp:term":[{"taxonomy":"product_brand","embeddable":true,"href":"https:\/\/www.hediyepazar.com\/index.php?rest_route=%2Fwp%2Fv2%2Fproduct_brand&post=126340"},{"taxonomy":"product_cat","embeddable":true,"href":"https:\/\/www.hediyepazar.com\/index.php?rest_route=%2Fwp%2Fv2%2Fproduct_cat&post=126340"},{"taxonomy":"product_tag","embeddable":true,"href":"https:\/\/www.hediyepazar.com\/index.php?rest_route=%2Fwp%2Fv2%2Fproduct_tag&post=126340"}],"curies":[{"name":"wp","href":"https:\/\/api.w.org\/{rel}","templated":true}]}}