{"id":126344,"date":"2026-05-06T20:11:39","date_gmt":"2026-05-06T23:11:39","guid":{"rendered":"https:\/\/www.hediyepazar.com\/?product=pilli-kablosuz-mouse-bluetooth-ve-usb-uyumlu-sessiz-tiklama"},"modified":"2026-05-06T20:11:39","modified_gmt":"2026-05-06T23:11:39","slug":"pilli-kablosuz-mouse-bluetooth-ve-usb-uyumlu-sessiz-tiklama","status":"publish","type":"product","link":"https:\/\/www.hediyepazar.com\/?product=pilli-kablosuz-mouse-bluetooth-ve-usb-uyumlu-sessiz-tiklama","title":{"rendered":"Pilli Kablosuz Mouse Bluetooth ve USB Uyumlu Sessiz T\u0131klama"},"content":{"rendered":"<p>Kablosuz \u015feffaf mouse, ofis ve ev kullan\u0131m\u0131nda pratiklik arayanlar i\u00e7in tasarlanm\u0131\u015ft\u0131r. Pilli \u00e7al\u0131\u015fma sistemi, \u015farj kablosu ihtiyac\u0131n\u0131 ortadan kald\u0131r\u0131r ve kullan\u0131m kolayl\u0131\u011f\u0131 sa\u011flar. Bluetooth ve 2.4G USB ba\u011flant\u0131 se\u00e7enekleri, farkl\u0131 cihazlarla uyumlu kullan\u0131m sunar.Bluetooth ba\u011flant\u0131, kablosuz \u00f6zg\u00fcrl\u00fck sa\u011flarken USB al\u0131c\u0131 deste\u011fi masa\u00fcst\u00fc bilgisayarlar i\u00e7in idealdir. Ayarlanabilir DPI seviyesi, imle\u00e7 hassasiyetini ki\u015fisel tercihlere g\u00f6re ayarlama imk\u00e2n\u0131 tan\u0131r.\u015eeffaf g\u00f6vde tasar\u0131m\u0131, \u00fcr\u00fcne modern ve teknolojik bir g\u00f6r\u00fcn\u00fcm kazand\u0131r\u0131r. Manyetik \u00fcst kapak yap\u0131s\u0131, kullan\u0131m s\u0131ras\u0131nda pratiklik sa\u011flar. Sessiz t\u0131klama \u00f6zelli\u011fi, ofis ortamlar\u0131nda rahat bir deneyim sunar.Ergonomik formu, uzun s\u00fcreli kullan\u0131mlarda el konforunu destekler. G\u00fcnl\u00fck i\u015fler ve profesyonel kullan\u0131m i\u00e7in ideal bir mouse se\u00e7ene\u011fidir.<\/p>\n","protected":false},"excerpt":{"rendered":"<p>Kablosuz \u015feffaf mouse, ofis ve ev kullan\u0131m\u0131nda pratiklik arayanlar i\u00e7in tasarlanm\u0131\u015ft\u0131r. Pilli \u00e7al\u0131\u015fma sistemi, \u015farj kablosu ihtiyac\u0131n\u0131 ortadan kald\u0131r\u0131r ve kullan\u0131m kolayl\u0131\u011f\u0131 sa\u011flar. Bluetooth ve 2.4G USB ba\u011flant\u0131 se\u00e7enekleri, farkl\u0131 cihazlarla uyumlu kullan\u0131m sunar.Bluetooth ba\u011flant\u0131, kablosuz \u00f6zg\u00fcrl\u00fck sa\u011flarken USB al\u0131c\u0131 deste\u011fi masa\u00fcst\u00fc bilgisayarlar i\u00e7in idealdir. Ayarlanabilir DPI seviyesi, imle\u00e7 hassasiyetini ki\u015fisel tercihlere g\u00f6re ayarlama imk\u00e2n\u0131&#8230;<\/p>\n","protected":false},"featured_media":126343,"comment_status":"open","ping_status":"closed","template":"","meta":{"_kad_post_transparent":"","_kad_post_title":"","_kad_post_layout":"","_kad_post_sidebar_id":"","_kad_post_content_style":"","_kad_post_vertical_padding":"","_kad_post_feature":"","_kad_post_feature_position":"","_kad_post_header":false,"_kad_post_footer":false,"_kad_post_classname":""},"product_brand":[],"product_cat":[14973],"product_tag":[],"class_list":{"0":"post-126344","1":"product","2":"type-product","3":"status-publish","4":"has-post-thumbnail","6":"product_cat-mouse-mouse","8":"first","9":"instock","10":"purchasable","11":"product-type-simple","12":"entry","13":"content-bg","14":"loop-entry"},"_links":{"self":[{"href":"https:\/\/www.hediyepazar.com\/index.php?rest_route=\/wp\/v2\/product\/126344","targetHints":{"allow":["GET"]}}],"collection":[{"href":"https:\/\/www.hediyepazar.com\/index.php?rest_route=\/wp\/v2\/product"}],"about":[{"href":"https:\/\/www.hediyepazar.com\/index.php?rest_route=\/wp\/v2\/types\/product"}],"replies":[{"embeddable":true,"href":"https:\/\/www.hediyepazar.com\/index.php?rest_route=%2Fwp%2Fv2%2Fcomments&post=126344"}],"wp:featuredmedia":[{"embeddable":true,"href":"https:\/\/www.hediyepazar.com\/index.php?rest_route=\/wp\/v2\/media\/126343"}],"wp:attachment":[{"href":"https:\/\/www.hediyepazar.com\/index.php?rest_route=%2Fwp%2Fv2%2Fmedia&parent=126344"}],"wp:term":[{"taxonomy":"product_brand","embeddable":true,"href":"https:\/\/www.hediyepazar.com\/index.php?rest_route=%2Fwp%2Fv2%2Fproduct_brand&post=126344"},{"taxonomy":"product_cat","embeddable":true,"href":"https:\/\/www.hediyepazar.com\/index.php?rest_route=%2Fwp%2Fv2%2Fproduct_cat&post=126344"},{"taxonomy":"product_tag","embeddable":true,"href":"https:\/\/www.hediyepazar.com\/index.php?rest_route=%2Fwp%2Fv2%2Fproduct_tag&post=126344"}],"curies":[{"name":"wp","href":"https:\/\/api.w.org\/{rel}","templated":true}]}}