{"id":126346,"date":"2026-05-06T20:11:44","date_gmt":"2026-05-06T23:11:44","guid":{"rendered":"https:\/\/www.hediyepazar.com\/?product=seffaf-tasarimli-bluetooth-kablosuz-mouse-pilli-kullanim"},"modified":"2026-05-06T20:11:44","modified_gmt":"2026-05-06T23:11:44","slug":"seffaf-tasarimli-bluetooth-kablosuz-mouse-pilli-kullanim","status":"publish","type":"product","link":"https:\/\/www.hediyepazar.com\/?product=seffaf-tasarimli-bluetooth-kablosuz-mouse-pilli-kullanim","title":{"rendered":"\u015eeffaf Tasar\u0131ml\u0131 Bluetooth Kablosuz Mouse Pilli Kullan\u0131m"},"content":{"rendered":"<p>Pilli Bluetooth ve USB destekli kablosuz mouse, \u00e7ok y\u00f6nl\u00fc ba\u011flant\u0131 se\u00e7enekleri ile farkl\u0131 kullan\u0131m senaryolar\u0131na uyum sa\u011flar. \u015earjl\u0131 sistemlere k\u0131yasla pil ile \u00e7al\u0131\u015fmas\u0131, kesintisiz kullan\u0131m avantaj\u0131 sunar. Pil de\u011fi\u015fimi ile h\u0131zl\u0131ca kullan\u0131ma devam edilebilir.Bluetooth ba\u011flant\u0131 \u00f6zelli\u011fi, tablet ve diz\u00fcst\u00fc bilgisayarlarla do\u011frudan e\u015fle\u015fme sa\u011flar. 2.4G USB al\u0131c\u0131 deste\u011fi ise Bluetooth \u00f6zelli\u011fi olmayan cihazlar i\u00e7in pratik bir alternatiftir. 10 metreye kadar \u00e7ekim mesafesi sunarak masa ba\u015f\u0131nda rahat hareket imk\u00e2n\u0131 tan\u0131r.1000\u20132400 DPI aral\u0131\u011f\u0131, farkl\u0131 kullan\u0131m ihtiya\u00e7lar\u0131na g\u00f6re ayarlanabilir. \u015eeffaf tasar\u0131m\u0131, modern ofis ortamlar\u0131na estetik bir dokunu\u015f katar. Manyetik \u00fcst kapak yap\u0131s\u0131 kullan\u0131m kolayl\u0131\u011f\u0131 sa\u011flar.Sessiz t\u0131klama \u00f6zelli\u011fi, \u00e7al\u0131\u015fma s\u0131ras\u0131nda dikkat da\u011f\u0131lmas\u0131n\u0131 \u00f6nler. Hafif ve ergonomik yap\u0131s\u0131, uzun s\u00fcreli kullan\u0131mlarda konfor sa\u011flar. Ta\u015f\u0131nabilir tasar\u0131m\u0131 sayesinde her yere rahatl\u0131kla g\u00f6t\u00fcr\u00fclebilir.<\/p>\n","protected":false},"excerpt":{"rendered":"<p>Pilli Bluetooth ve USB destekli kablosuz mouse, \u00e7ok y\u00f6nl\u00fc ba\u011flant\u0131 se\u00e7enekleri ile farkl\u0131 kullan\u0131m senaryolar\u0131na uyum sa\u011flar. \u015earjl\u0131 sistemlere k\u0131yasla pil ile \u00e7al\u0131\u015fmas\u0131, kesintisiz kullan\u0131m avantaj\u0131 sunar. Pil de\u011fi\u015fimi ile h\u0131zl\u0131ca kullan\u0131ma devam edilebilir.Bluetooth ba\u011flant\u0131 \u00f6zelli\u011fi, tablet ve diz\u00fcst\u00fc bilgisayarlarla do\u011frudan e\u015fle\u015fme sa\u011flar. 2.4G USB al\u0131c\u0131 deste\u011fi ise Bluetooth \u00f6zelli\u011fi olmayan cihazlar i\u00e7in pratik bir&#8230;<\/p>\n","protected":false},"featured_media":126345,"comment_status":"open","ping_status":"closed","template":"","meta":{"_kad_post_transparent":"","_kad_post_title":"","_kad_post_layout":"","_kad_post_sidebar_id":"","_kad_post_content_style":"","_kad_post_vertical_padding":"","_kad_post_feature":"","_kad_post_feature_position":"","_kad_post_header":false,"_kad_post_footer":false,"_kad_post_classname":""},"product_brand":[],"product_cat":[14973],"product_tag":[],"class_list":{"0":"post-126346","1":"product","2":"type-product","3":"status-publish","4":"has-post-thumbnail","6":"product_cat-mouse-mouse","8":"first","9":"instock","10":"purchasable","11":"product-type-simple","12":"entry","13":"content-bg","14":"loop-entry"},"_links":{"self":[{"href":"https:\/\/www.hediyepazar.com\/index.php?rest_route=\/wp\/v2\/product\/126346","targetHints":{"allow":["GET"]}}],"collection":[{"href":"https:\/\/www.hediyepazar.com\/index.php?rest_route=\/wp\/v2\/product"}],"about":[{"href":"https:\/\/www.hediyepazar.com\/index.php?rest_route=\/wp\/v2\/types\/product"}],"replies":[{"embeddable":true,"href":"https:\/\/www.hediyepazar.com\/index.php?rest_route=%2Fwp%2Fv2%2Fcomments&post=126346"}],"wp:featuredmedia":[{"embeddable":true,"href":"https:\/\/www.hediyepazar.com\/index.php?rest_route=\/wp\/v2\/media\/126345"}],"wp:attachment":[{"href":"https:\/\/www.hediyepazar.com\/index.php?rest_route=%2Fwp%2Fv2%2Fmedia&parent=126346"}],"wp:term":[{"taxonomy":"product_brand","embeddable":true,"href":"https:\/\/www.hediyepazar.com\/index.php?rest_route=%2Fwp%2Fv2%2Fproduct_brand&post=126346"},{"taxonomy":"product_cat","embeddable":true,"href":"https:\/\/www.hediyepazar.com\/index.php?rest_route=%2Fwp%2Fv2%2Fproduct_cat&post=126346"},{"taxonomy":"product_tag","embeddable":true,"href":"https:\/\/www.hediyepazar.com\/index.php?rest_route=%2Fwp%2Fv2%2Fproduct_tag&post=126346"}],"curies":[{"name":"wp","href":"https:\/\/api.w.org\/{rel}","templated":true}]}}