{"id":126348,"date":"2026-05-06T20:11:48","date_gmt":"2026-05-06T23:11:48","guid":{"rendered":"https:\/\/www.hediyepazar.com\/?product=cift-mod-baglantili-kablosuz-mouse-bluetooth-ve-usb-alicili"},"modified":"2026-05-06T20:11:48","modified_gmt":"2026-05-06T23:11:48","slug":"cift-mod-baglantili-kablosuz-mouse-bluetooth-ve-usb-alicili","status":"publish","type":"product","link":"https:\/\/www.hediyepazar.com\/?product=cift-mod-baglantili-kablosuz-mouse-bluetooth-ve-usb-alicili","title":{"rendered":"\u00c7ift Mod Ba\u011flant\u0131l\u0131 Kablosuz Mouse Bluetooth ve USB Al\u0131c\u0131l\u0131"},"content":{"rendered":"<p>\u015eeffaf kablosuz mouse, sade tasar\u0131m\u0131 ve fonksiyonel \u00f6zellikleriyle masa d\u00fczenini tamamlayan modern bir bilgisayar aksesuar\u0131d\u0131r. Pilli \u00e7al\u0131\u015fma sistemi, \u015farj etme gereksinimini ortadan kald\u0131rarak kullan\u0131m kolayl\u0131\u011f\u0131 sunar. Pil ile \u00e7al\u0131\u015fmas\u0131 sayesinde her ortamda pratik bir kullan\u0131m sa\u011flar.Bluetooth ve 2.4G USB ba\u011flant\u0131 deste\u011fi, farkl\u0131 cihazlarla uyumlu \u00e7al\u0131\u015fmas\u0131na olanak tan\u0131r. Bluetooth ba\u011flant\u0131, kablo karma\u015fas\u0131n\u0131 ortadan kald\u0131r\u0131rken USB al\u0131c\u0131 se\u00e7ene\u011fi masa\u00fcst\u00fc bilgisayarlar i\u00e7in ideal \u00e7\u00f6z\u00fcm sunar. \u00c7ift ba\u011flant\u0131 modu, kullan\u0131c\u0131ya esneklik kazand\u0131r\u0131r.Ayarlanabilir DPI seviyesi, kullan\u0131m al\u0131\u015fkanl\u0131klar\u0131na g\u00f6re hassasiyet ayar\u0131 yap\u0131lmas\u0131na imk\u00e2n tan\u0131r. \u015eeffaf g\u00f6vde tasar\u0131m\u0131, teknolojik ve \u015f\u0131k bir g\u00f6r\u00fcn\u00fcm sunar. Manyetik \u00fcst kapak yap\u0131s\u0131, pratiklik ve sa\u011flaml\u0131k a\u00e7\u0131s\u0131ndan avantaj sa\u011flar.Sessiz t\u0131klama \u00f6zelli\u011fi, \u00f6zellikle ortak \u00e7al\u0131\u015fma alanlar\u0131nda konforlu bir deneyim sunar. Ergonomik yap\u0131s\u0131, uzun s\u00fcreli kullan\u0131mlarda el ve bilek yorgunlu\u011funu azaltmaya yard\u0131mc\u0131 olur. G\u00fcnl\u00fck ve ofis kullan\u0131m\u0131 i\u00e7in ideal bir mouse se\u00e7ene\u011fidir.<\/p>\n","protected":false},"excerpt":{"rendered":"<p>\u015eeffaf kablosuz mouse, sade tasar\u0131m\u0131 ve fonksiyonel \u00f6zellikleriyle masa d\u00fczenini tamamlayan modern bir bilgisayar aksesuar\u0131d\u0131r. Pilli \u00e7al\u0131\u015fma sistemi, \u015farj etme gereksinimini ortadan kald\u0131rarak kullan\u0131m kolayl\u0131\u011f\u0131 sunar. Pil ile \u00e7al\u0131\u015fmas\u0131 sayesinde her ortamda pratik bir kullan\u0131m sa\u011flar.Bluetooth ve 2.4G USB ba\u011flant\u0131 deste\u011fi, farkl\u0131 cihazlarla uyumlu \u00e7al\u0131\u015fmas\u0131na olanak tan\u0131r. Bluetooth ba\u011flant\u0131, kablo karma\u015fas\u0131n\u0131 ortadan kald\u0131r\u0131rken USB al\u0131c\u0131&#8230;<\/p>\n","protected":false},"featured_media":126347,"comment_status":"open","ping_status":"closed","template":"","meta":{"_kad_post_transparent":"","_kad_post_title":"","_kad_post_layout":"","_kad_post_sidebar_id":"","_kad_post_content_style":"","_kad_post_vertical_padding":"","_kad_post_feature":"","_kad_post_feature_position":"","_kad_post_header":false,"_kad_post_footer":false,"_kad_post_classname":""},"product_brand":[],"product_cat":[14973],"product_tag":[],"class_list":{"0":"post-126348","1":"product","2":"type-product","3":"status-publish","4":"has-post-thumbnail","6":"product_cat-mouse-mouse","8":"first","9":"instock","10":"purchasable","11":"product-type-simple","12":"entry","13":"content-bg","14":"loop-entry"},"_links":{"self":[{"href":"https:\/\/www.hediyepazar.com\/index.php?rest_route=\/wp\/v2\/product\/126348","targetHints":{"allow":["GET"]}}],"collection":[{"href":"https:\/\/www.hediyepazar.com\/index.php?rest_route=\/wp\/v2\/product"}],"about":[{"href":"https:\/\/www.hediyepazar.com\/index.php?rest_route=\/wp\/v2\/types\/product"}],"replies":[{"embeddable":true,"href":"https:\/\/www.hediyepazar.com\/index.php?rest_route=%2Fwp%2Fv2%2Fcomments&post=126348"}],"wp:featuredmedia":[{"embeddable":true,"href":"https:\/\/www.hediyepazar.com\/index.php?rest_route=\/wp\/v2\/media\/126347"}],"wp:attachment":[{"href":"https:\/\/www.hediyepazar.com\/index.php?rest_route=%2Fwp%2Fv2%2Fmedia&parent=126348"}],"wp:term":[{"taxonomy":"product_brand","embeddable":true,"href":"https:\/\/www.hediyepazar.com\/index.php?rest_route=%2Fwp%2Fv2%2Fproduct_brand&post=126348"},{"taxonomy":"product_cat","embeddable":true,"href":"https:\/\/www.hediyepazar.com\/index.php?rest_route=%2Fwp%2Fv2%2Fproduct_cat&post=126348"},{"taxonomy":"product_tag","embeddable":true,"href":"https:\/\/www.hediyepazar.com\/index.php?rest_route=%2Fwp%2Fv2%2Fproduct_tag&post=126348"}],"curies":[{"name":"wp","href":"https:\/\/api.w.org\/{rel}","templated":true}]}}