{"id":126350,"date":"2026-05-06T20:11:58","date_gmt":"2026-05-06T23:11:58","guid":{"rendered":"https:\/\/www.hediyepazar.com\/?product=bluetooth-ve-2-4g-usb-destekli-pilli-kablosuz-seffaf-mouse"},"modified":"2026-05-06T20:11:58","modified_gmt":"2026-05-06T23:11:58","slug":"bluetooth-ve-2-4g-usb-destekli-pilli-kablosuz-seffaf-mouse","status":"publish","type":"product","link":"https:\/\/www.hediyepazar.com\/?product=bluetooth-ve-2-4g-usb-destekli-pilli-kablosuz-seffaf-mouse","title":{"rendered":"Bluetooth ve 2.4G USB Destekli Pilli Kablosuz \u015eeffaf Mouse"},"content":{"rendered":"<p>Bluetooth ve 2.4G USB destekli pilli kablosuz \u015feffaf mouse, modern ofis ve g\u00fcnl\u00fck kullan\u0131m ihtiya\u00e7lar\u0131na pratik bir \u00e7\u00f6z\u00fcm sunar. Pilli \u00e7al\u0131\u015fma sistemi sayesinde \u015farj kablosu veya adapt\u00f6r ihtiyac\u0131 olmadan kullan\u0131labilir. Pil tak\u0131ld\u0131ktan sonra hemen \u00e7al\u0131\u015fmaya haz\u0131r hale gelmesi, \u00f6zellikle ofis ortamlar\u0131nda kesintisiz kullan\u0131m avantaj\u0131 sa\u011flar.\u00c7ift mod ba\u011flant\u0131 \u00f6zelli\u011fi ile hem Bluetooth hem de 2.4G USB al\u0131c\u0131 \u00fczerinden ba\u011flant\u0131 kurulabilir. Bluetooth \u00f6zelli\u011fi, tablet ve diz\u00fcst\u00fc bilgisayar gibi cihazlarla do\u011frudan kablosuz kullan\u0131m imk\u00e2n\u0131 sunarken, USB al\u0131c\u0131 deste\u011fi Bluetooth bulunmayan cihazlar i\u00e7in ideal bir alternatiftir. 10 metreye kadar \u00e7ekim mesafesi, masa ba\u015f\u0131nda \u00f6zg\u00fcr bir kullan\u0131m alan\u0131 sa\u011flar.Ayarlanabilir DPI seviyesi 1000 ile 2400 aras\u0131nda de\u011fi\u015ftirilebilir. Bu \u00f6zellik, hassas ofis i\u015fleri veya h\u0131zl\u0131 imle\u00e7 hareketi gerektiren kullan\u0131mlar i\u00e7in kontrol\u00fc kullan\u0131c\u0131ya b\u0131rak\u0131r. \u015eeffaf tasar\u0131m\u0131, mouse\u2019un i\u00e7 mekanizmas\u0131n\u0131 g\u00f6r\u00fcn\u00fcr k\u0131larak modern ve dikkat \u00e7ekici bir estetik sunar. Manyetik \u00fcst kapak yap\u0131s\u0131 ise pratik kullan\u0131m sa\u011flar.Sessiz t\u0131klama \u00f6zelli\u011fi sayesinde ofis, k\u00fct\u00fcphane ve ev ortamlar\u0131nda rahats\u0131zl\u0131k vermeden \u00e7al\u0131\u015fmaya olanak tan\u0131r. Ergonomik formu uzun s\u00fcreli kullan\u0131mlarda el konforunu destekler. Hafif ve kompakt yap\u0131s\u0131 sayesinde \u00e7antada kolayca ta\u015f\u0131nabilir.<\/p>\n","protected":false},"excerpt":{"rendered":"<p>Bluetooth ve 2.4G USB destekli pilli kablosuz \u015feffaf mouse, modern ofis ve g\u00fcnl\u00fck kullan\u0131m ihtiya\u00e7lar\u0131na pratik bir \u00e7\u00f6z\u00fcm sunar. Pilli \u00e7al\u0131\u015fma sistemi sayesinde \u015farj kablosu veya adapt\u00f6r ihtiyac\u0131 olmadan kullan\u0131labilir. Pil tak\u0131ld\u0131ktan sonra hemen \u00e7al\u0131\u015fmaya haz\u0131r hale gelmesi, \u00f6zellikle ofis ortamlar\u0131nda kesintisiz kullan\u0131m avantaj\u0131 sa\u011flar.\u00c7ift mod ba\u011flant\u0131 \u00f6zelli\u011fi ile hem Bluetooth hem de 2.4G USB&#8230;<\/p>\n","protected":false},"featured_media":126349,"comment_status":"open","ping_status":"closed","template":"","meta":{"_kad_post_transparent":"","_kad_post_title":"","_kad_post_layout":"","_kad_post_sidebar_id":"","_kad_post_content_style":"","_kad_post_vertical_padding":"","_kad_post_feature":"","_kad_post_feature_position":"","_kad_post_header":false,"_kad_post_footer":false,"_kad_post_classname":""},"product_brand":[],"product_cat":[14973],"product_tag":[],"class_list":{"0":"post-126350","1":"product","2":"type-product","3":"status-publish","4":"has-post-thumbnail","6":"product_cat-mouse-mouse","8":"first","9":"instock","10":"purchasable","11":"product-type-simple","12":"entry","13":"content-bg","14":"loop-entry"},"_links":{"self":[{"href":"https:\/\/www.hediyepazar.com\/index.php?rest_route=\/wp\/v2\/product\/126350","targetHints":{"allow":["GET"]}}],"collection":[{"href":"https:\/\/www.hediyepazar.com\/index.php?rest_route=\/wp\/v2\/product"}],"about":[{"href":"https:\/\/www.hediyepazar.com\/index.php?rest_route=\/wp\/v2\/types\/product"}],"replies":[{"embeddable":true,"href":"https:\/\/www.hediyepazar.com\/index.php?rest_route=%2Fwp%2Fv2%2Fcomments&post=126350"}],"wp:featuredmedia":[{"embeddable":true,"href":"https:\/\/www.hediyepazar.com\/index.php?rest_route=\/wp\/v2\/media\/126349"}],"wp:attachment":[{"href":"https:\/\/www.hediyepazar.com\/index.php?rest_route=%2Fwp%2Fv2%2Fmedia&parent=126350"}],"wp:term":[{"taxonomy":"product_brand","embeddable":true,"href":"https:\/\/www.hediyepazar.com\/index.php?rest_route=%2Fwp%2Fv2%2Fproduct_brand&post=126350"},{"taxonomy":"product_cat","embeddable":true,"href":"https:\/\/www.hediyepazar.com\/index.php?rest_route=%2Fwp%2Fv2%2Fproduct_cat&post=126350"},{"taxonomy":"product_tag","embeddable":true,"href":"https:\/\/www.hediyepazar.com\/index.php?rest_route=%2Fwp%2Fv2%2Fproduct_tag&post=126350"}],"curies":[{"name":"wp","href":"https:\/\/api.w.org\/{rel}","templated":true}]}}