{"id":126354,"date":"2026-05-06T20:12:10","date_gmt":"2026-05-06T23:12:10","guid":{"rendered":"https:\/\/www.hediyepazar.com\/?product=minimal-tasarimli-kablosuz-mouse-gunluk-ve-ofis-kullanimi"},"modified":"2026-05-06T20:12:10","modified_gmt":"2026-05-06T23:12:10","slug":"minimal-tasarimli-kablosuz-mouse-gunluk-ve-ofis-kullanimi","status":"publish","type":"product","link":"https:\/\/www.hediyepazar.com\/?product=minimal-tasarimli-kablosuz-mouse-gunluk-ve-ofis-kullanimi","title":{"rendered":"Minimal Tasar\u0131ml\u0131 Kablosuz Mouse G\u00fcnl\u00fck ve Ofis Kullan\u0131m\u0131"},"content":{"rendered":"<p>\u015eeffaf kablosuz mouse, modern tasar\u0131m\u0131 ve sessiz kullan\u0131m avantaj\u0131 ile g\u00fcnl\u00fck \u00e7al\u0131\u015fma rutinini daha keyifli hale getirir. Bluetooth ba\u011flant\u0131 \u00f6zelli\u011fi, kablo karma\u015fas\u0131n\u0131 ortadan kald\u0131rarak sade bir masa d\u00fczeni sa\u011flar. Sessiz t\u0131klama \u00f6zelli\u011fi, dikkat da\u011f\u0131tmadan rahat bir kullan\u0131m sunar.Ergonomik tasar\u0131m\u0131 sayesinde uzun s\u00fcreli kullan\u0131mlarda el konforunu destekler. Bluetooth destekli cihazlarla h\u0131zl\u0131 e\u015fle\u015fme sa\u011flar. Hafif ve ta\u015f\u0131nabilir yap\u0131s\u0131, \u00fcr\u00fcn\u00fc her ortamda kullan\u0131labilir hale getirir.Evde, ofiste veya seyahat s\u0131ras\u0131nda kullan\u0131labilecek pratik ve \u015f\u0131k bir mouse arayanlar i\u00e7in ideal bir se\u00e7enektir.<\/p>\n","protected":false},"excerpt":{"rendered":"<p>\u015eeffaf kablosuz mouse, modern tasar\u0131m\u0131 ve sessiz kullan\u0131m avantaj\u0131 ile g\u00fcnl\u00fck \u00e7al\u0131\u015fma rutinini daha keyifli hale getirir. Bluetooth ba\u011flant\u0131 \u00f6zelli\u011fi, kablo karma\u015fas\u0131n\u0131 ortadan kald\u0131rarak sade bir masa d\u00fczeni sa\u011flar. Sessiz t\u0131klama \u00f6zelli\u011fi, dikkat da\u011f\u0131tmadan rahat bir kullan\u0131m sunar.Ergonomik tasar\u0131m\u0131 sayesinde uzun s\u00fcreli kullan\u0131mlarda el konforunu destekler. Bluetooth destekli cihazlarla h\u0131zl\u0131 e\u015fle\u015fme sa\u011flar. Hafif ve ta\u015f\u0131nabilir&#8230;<\/p>\n","protected":false},"featured_media":126353,"comment_status":"open","ping_status":"closed","template":"","meta":{"_kad_post_transparent":"","_kad_post_title":"","_kad_post_layout":"","_kad_post_sidebar_id":"","_kad_post_content_style":"","_kad_post_vertical_padding":"","_kad_post_feature":"","_kad_post_feature_position":"","_kad_post_header":false,"_kad_post_footer":false,"_kad_post_classname":""},"product_brand":[],"product_cat":[14973],"product_tag":[],"class_list":{"0":"post-126354","1":"product","2":"type-product","3":"status-publish","4":"has-post-thumbnail","6":"product_cat-mouse-mouse","8":"first","9":"instock","10":"purchasable","11":"product-type-simple","12":"entry","13":"content-bg","14":"loop-entry"},"_links":{"self":[{"href":"https:\/\/www.hediyepazar.com\/index.php?rest_route=\/wp\/v2\/product\/126354","targetHints":{"allow":["GET"]}}],"collection":[{"href":"https:\/\/www.hediyepazar.com\/index.php?rest_route=\/wp\/v2\/product"}],"about":[{"href":"https:\/\/www.hediyepazar.com\/index.php?rest_route=\/wp\/v2\/types\/product"}],"replies":[{"embeddable":true,"href":"https:\/\/www.hediyepazar.com\/index.php?rest_route=%2Fwp%2Fv2%2Fcomments&post=126354"}],"wp:featuredmedia":[{"embeddable":true,"href":"https:\/\/www.hediyepazar.com\/index.php?rest_route=\/wp\/v2\/media\/126353"}],"wp:attachment":[{"href":"https:\/\/www.hediyepazar.com\/index.php?rest_route=%2Fwp%2Fv2%2Fmedia&parent=126354"}],"wp:term":[{"taxonomy":"product_brand","embeddable":true,"href":"https:\/\/www.hediyepazar.com\/index.php?rest_route=%2Fwp%2Fv2%2Fproduct_brand&post=126354"},{"taxonomy":"product_cat","embeddable":true,"href":"https:\/\/www.hediyepazar.com\/index.php?rest_route=%2Fwp%2Fv2%2Fproduct_cat&post=126354"},{"taxonomy":"product_tag","embeddable":true,"href":"https:\/\/www.hediyepazar.com\/index.php?rest_route=%2Fwp%2Fv2%2Fproduct_tag&post=126354"}],"curies":[{"name":"wp","href":"https:\/\/api.w.org\/{rel}","templated":true}]}}