{"id":126358,"date":"2026-05-06T20:12:19","date_gmt":"2026-05-06T23:12:19","guid":{"rendered":"https:\/\/www.hediyepazar.com\/?product=kablosuz-bluetooth-mouse-sik-ve-sessiz-ofis-tasarimi"},"modified":"2026-05-06T20:12:19","modified_gmt":"2026-05-06T23:12:19","slug":"kablosuz-bluetooth-mouse-sik-ve-sessiz-ofis-tasarimi","status":"publish","type":"product","link":"https:\/\/www.hediyepazar.com\/?product=kablosuz-bluetooth-mouse-sik-ve-sessiz-ofis-tasarimi","title":{"rendered":"Kablosuz Bluetooth Mouse \u015e\u0131k ve Sessiz Ofis Tasar\u0131m\u0131"},"content":{"rendered":"<p>Minimalist tasar\u0131m\u0131yla \u00f6ne \u00e7\u0131kan bu kablosuz mouse, modern masa d\u00fczenleri i\u00e7in estetik bir tamamlay\u0131c\u0131d\u0131r. Sessiz t\u0131klama \u00f6zelli\u011fi sayesinde \u00e7al\u0131\u015fma s\u0131ras\u0131nda dikkat da\u011f\u0131tmaz ve konforlu bir deneyim sunar. Bluetooth teknolojisi ile h\u0131zl\u0131 ve g\u00fcvenilir ba\u011flant\u0131 sa\u011flar.Ergonomik yap\u0131s\u0131, uzun s\u00fcreli kullan\u0131mlarda el ve bilek konforunu destekler. \u015eeffaf g\u00f6vdesi, \u00fcr\u00fcne \u015f\u0131k ve sade bir g\u00f6r\u00fcn\u00fcm kazand\u0131r\u0131rken masa \u00fczerinde modern bir duru\u015f sergiler. Bluetooth destekli cihazlarla kolayca e\u015fle\u015ferek pratik kullan\u0131m sa\u011flar.Ta\u015f\u0131nabilir yap\u0131s\u0131 sayesinde ofiste, evde veya seyahat s\u0131ras\u0131nda rahatl\u0131kla kullan\u0131labilir. G\u00fcnl\u00fck kullan\u0131m i\u00e7in ideal bir mouse arayanlar i\u00e7in fonksiyonel ve \u015f\u0131k bir alternatiftir.<\/p>\n","protected":false},"excerpt":{"rendered":"<p>Minimalist tasar\u0131m\u0131yla \u00f6ne \u00e7\u0131kan bu kablosuz mouse, modern masa d\u00fczenleri i\u00e7in estetik bir tamamlay\u0131c\u0131d\u0131r. Sessiz t\u0131klama \u00f6zelli\u011fi sayesinde \u00e7al\u0131\u015fma s\u0131ras\u0131nda dikkat da\u011f\u0131tmaz ve konforlu bir deneyim sunar. Bluetooth teknolojisi ile h\u0131zl\u0131 ve g\u00fcvenilir ba\u011flant\u0131 sa\u011flar.Ergonomik yap\u0131s\u0131, uzun s\u00fcreli kullan\u0131mlarda el ve bilek konforunu destekler. \u015eeffaf g\u00f6vdesi, \u00fcr\u00fcne \u015f\u0131k ve sade bir g\u00f6r\u00fcn\u00fcm kazand\u0131r\u0131rken masa \u00fczerinde&#8230;<\/p>\n","protected":false},"featured_media":126357,"comment_status":"open","ping_status":"closed","template":"","meta":{"_kad_post_transparent":"","_kad_post_title":"","_kad_post_layout":"","_kad_post_sidebar_id":"","_kad_post_content_style":"","_kad_post_vertical_padding":"","_kad_post_feature":"","_kad_post_feature_position":"","_kad_post_header":false,"_kad_post_footer":false,"_kad_post_classname":""},"product_brand":[],"product_cat":[14973],"product_tag":[],"class_list":{"0":"post-126358","1":"product","2":"type-product","3":"status-publish","4":"has-post-thumbnail","6":"product_cat-mouse-mouse","8":"first","9":"instock","10":"purchasable","11":"product-type-simple","12":"entry","13":"content-bg","14":"loop-entry"},"_links":{"self":[{"href":"https:\/\/www.hediyepazar.com\/index.php?rest_route=\/wp\/v2\/product\/126358","targetHints":{"allow":["GET"]}}],"collection":[{"href":"https:\/\/www.hediyepazar.com\/index.php?rest_route=\/wp\/v2\/product"}],"about":[{"href":"https:\/\/www.hediyepazar.com\/index.php?rest_route=\/wp\/v2\/types\/product"}],"replies":[{"embeddable":true,"href":"https:\/\/www.hediyepazar.com\/index.php?rest_route=%2Fwp%2Fv2%2Fcomments&post=126358"}],"wp:featuredmedia":[{"embeddable":true,"href":"https:\/\/www.hediyepazar.com\/index.php?rest_route=\/wp\/v2\/media\/126357"}],"wp:attachment":[{"href":"https:\/\/www.hediyepazar.com\/index.php?rest_route=%2Fwp%2Fv2%2Fmedia&parent=126358"}],"wp:term":[{"taxonomy":"product_brand","embeddable":true,"href":"https:\/\/www.hediyepazar.com\/index.php?rest_route=%2Fwp%2Fv2%2Fproduct_brand&post=126358"},{"taxonomy":"product_cat","embeddable":true,"href":"https:\/\/www.hediyepazar.com\/index.php?rest_route=%2Fwp%2Fv2%2Fproduct_cat&post=126358"},{"taxonomy":"product_tag","embeddable":true,"href":"https:\/\/www.hediyepazar.com\/index.php?rest_route=%2Fwp%2Fv2%2Fproduct_tag&post=126358"}],"curies":[{"name":"wp","href":"https:\/\/api.w.org\/{rel}","templated":true}]}}