{"id":126360,"date":"2026-05-06T20:14:03","date_gmt":"2026-05-06T23:14:03","guid":{"rendered":"https:\/\/www.hediyepazar.com\/?product=seffaf-kablosuz-mouse-bluetooth-baglantili-sessiz-tiklama"},"modified":"2026-05-06T20:14:03","modified_gmt":"2026-05-06T23:14:03","slug":"seffaf-kablosuz-mouse-bluetooth-baglantili-sessiz-tiklama","status":"publish","type":"product","link":"https:\/\/www.hediyepazar.com\/?product=seffaf-kablosuz-mouse-bluetooth-baglantili-sessiz-tiklama","title":{"rendered":"\u015eeffaf Kablosuz Mouse Bluetooth Ba\u011flant\u0131l\u0131 Sessiz T\u0131klama"},"content":{"rendered":"<p>Kablosuz \u015feffaf mouse, sessiz t\u0131klama \u00f6zelli\u011fi ve modern tasar\u0131m\u0131yla dikkat \u00e7eker. Bluetooth ba\u011flant\u0131 deste\u011fi sayesinde kablo derdi olmadan rahat bir kullan\u0131m sunar. \u00d6zellikle ofis ortamlar\u0131nda, k\u00fct\u00fcphanelerde veya evde sessiz \u00e7al\u0131\u015f\u0131lmas\u0131 gereken alanlarda ideal bir \u00e7\u00f6z\u00fcmd\u00fcr.\u015eeffaf g\u00f6vde tasar\u0131m\u0131, \u00fcr\u00fcne modern ve teknolojik bir g\u00f6r\u00fcn\u00fcm kazand\u0131r\u0131r. Ergonomik yap\u0131s\u0131, elin do\u011fal formuna uyum sa\u011flayarak uzun s\u00fcreli kullan\u0131mlarda konfor sunar. Bluetooth ve USB destekli yap\u0131s\u0131, farkl\u0131 cihazlarla uyumluluk sa\u011flar ve kullan\u0131m esnekli\u011fi sunar.Hafif ve ta\u015f\u0131nabilir yap\u0131s\u0131 sayesinde her yere kolayca g\u00f6t\u00fcr\u00fclebilir. G\u00fcnl\u00fck i\u015fler, ofis kullan\u0131m\u0131 ve uzaktan \u00e7al\u0131\u015fma i\u00e7in pratik ve \u015f\u0131k bir yard\u0131mc\u0131d\u0131r.<\/p>\n","protected":false},"excerpt":{"rendered":"<p>Kablosuz \u015feffaf mouse, sessiz t\u0131klama \u00f6zelli\u011fi ve modern tasar\u0131m\u0131yla dikkat \u00e7eker. Bluetooth ba\u011flant\u0131 deste\u011fi sayesinde kablo derdi olmadan rahat bir kullan\u0131m sunar. \u00d6zellikle ofis ortamlar\u0131nda, k\u00fct\u00fcphanelerde veya evde sessiz \u00e7al\u0131\u015f\u0131lmas\u0131 gereken alanlarda ideal bir \u00e7\u00f6z\u00fcmd\u00fcr.\u015eeffaf g\u00f6vde tasar\u0131m\u0131, \u00fcr\u00fcne modern ve teknolojik bir g\u00f6r\u00fcn\u00fcm kazand\u0131r\u0131r. Ergonomik yap\u0131s\u0131, elin do\u011fal formuna uyum sa\u011flayarak uzun s\u00fcreli kullan\u0131mlarda konfor&#8230;<\/p>\n","protected":false},"featured_media":126359,"comment_status":"open","ping_status":"closed","template":"","meta":{"_kad_post_transparent":"","_kad_post_title":"","_kad_post_layout":"","_kad_post_sidebar_id":"","_kad_post_content_style":"","_kad_post_vertical_padding":"","_kad_post_feature":"","_kad_post_feature_position":"","_kad_post_header":false,"_kad_post_footer":false,"_kad_post_classname":""},"product_brand":[],"product_cat":[14973],"product_tag":[],"class_list":{"0":"post-126360","1":"product","2":"type-product","3":"status-publish","4":"has-post-thumbnail","6":"product_cat-mouse-mouse","8":"first","9":"instock","10":"purchasable","11":"product-type-simple","12":"entry","13":"content-bg","14":"loop-entry"},"_links":{"self":[{"href":"https:\/\/www.hediyepazar.com\/index.php?rest_route=\/wp\/v2\/product\/126360","targetHints":{"allow":["GET"]}}],"collection":[{"href":"https:\/\/www.hediyepazar.com\/index.php?rest_route=\/wp\/v2\/product"}],"about":[{"href":"https:\/\/www.hediyepazar.com\/index.php?rest_route=\/wp\/v2\/types\/product"}],"replies":[{"embeddable":true,"href":"https:\/\/www.hediyepazar.com\/index.php?rest_route=%2Fwp%2Fv2%2Fcomments&post=126360"}],"wp:featuredmedia":[{"embeddable":true,"href":"https:\/\/www.hediyepazar.com\/index.php?rest_route=\/wp\/v2\/media\/126359"}],"wp:attachment":[{"href":"https:\/\/www.hediyepazar.com\/index.php?rest_route=%2Fwp%2Fv2%2Fmedia&parent=126360"}],"wp:term":[{"taxonomy":"product_brand","embeddable":true,"href":"https:\/\/www.hediyepazar.com\/index.php?rest_route=%2Fwp%2Fv2%2Fproduct_brand&post=126360"},{"taxonomy":"product_cat","embeddable":true,"href":"https:\/\/www.hediyepazar.com\/index.php?rest_route=%2Fwp%2Fv2%2Fproduct_cat&post=126360"},{"taxonomy":"product_tag","embeddable":true,"href":"https:\/\/www.hediyepazar.com\/index.php?rest_route=%2Fwp%2Fv2%2Fproduct_tag&post=126360"}],"curies":[{"name":"wp","href":"https:\/\/api.w.org\/{rel}","templated":true}]}}