{"id":126368,"date":"2026-05-06T20:14:28","date_gmt":"2026-05-06T23:14:28","guid":{"rendered":"https:\/\/www.hediyepazar.com\/?product=cok-fonksiyonlu-masaj-kemeri-isi-ve-titresim-destekli"},"modified":"2026-05-06T20:14:28","modified_gmt":"2026-05-06T23:14:28","slug":"cok-fonksiyonlu-masaj-kemeri-isi-ve-titresim-destekli","status":"publish","type":"product","link":"https:\/\/www.hediyepazar.com\/?product=cok-fonksiyonlu-masaj-kemeri-isi-ve-titresim-destekli","title":{"rendered":"\u00c7ok Fonksiyonlu Masaj Kemeri Is\u0131 ve Titre\u015fim Destekli"},"content":{"rendered":"<p>\u00c7ok fonksiyonlu masaj kemeri, bel ve v\u00fccut b\u00f6lgelerinde rahatlama sa\u011flamak amac\u0131yla geli\u015ftirilmi\u015ftir. Is\u0131tmal\u0131 masaj sistemi, kaslar\u0131n gev\u015femesini destekleyerek daha konforlu bir kullan\u0131m sunar. Masaj fonksiyonu, gerginli\u011fi azaltmaya yard\u0131mc\u0131 olur.Bel deste\u011fi sayesinde v\u00fccudu dengeli bir \u015fekilde sarar ve destekler. S\u0131rt, kar\u0131n ve bacak b\u00f6lgelerinde kullan\u0131labilen yap\u0131s\u0131, \u00fcr\u00fcn\u00fc \u00e7ok y\u00f6nl\u00fc hale getirir. G\u00fcnl\u00fck ya\u015famda rahatlama ve konfor arayanlar i\u00e7in idealdir.Hafif ve ta\u015f\u0131nabilir olmas\u0131 sayesinde evde veya farkl\u0131 ortamlarda kullan\u0131m kolayl\u0131\u011f\u0131 sa\u011flar.<\/p>\n","protected":false},"excerpt":{"rendered":"<p>\u00c7ok fonksiyonlu masaj kemeri, bel ve v\u00fccut b\u00f6lgelerinde rahatlama sa\u011flamak amac\u0131yla geli\u015ftirilmi\u015ftir. Is\u0131tmal\u0131 masaj sistemi, kaslar\u0131n gev\u015femesini destekleyerek daha konforlu bir kullan\u0131m sunar. Masaj fonksiyonu, gerginli\u011fi azaltmaya yard\u0131mc\u0131 olur.Bel deste\u011fi sayesinde v\u00fccudu dengeli bir \u015fekilde sarar ve destekler. S\u0131rt, kar\u0131n ve bacak b\u00f6lgelerinde kullan\u0131labilen yap\u0131s\u0131, \u00fcr\u00fcn\u00fc \u00e7ok y\u00f6nl\u00fc hale getirir. G\u00fcnl\u00fck ya\u015famda rahatlama ve konfor&#8230;<\/p>\n","protected":false},"featured_media":126367,"comment_status":"open","ping_status":"closed","template":"","meta":{"_kad_post_transparent":"","_kad_post_title":"","_kad_post_layout":"","_kad_post_sidebar_id":"","_kad_post_content_style":"","_kad_post_vertical_padding":"","_kad_post_feature":"","_kad_post_feature_position":"","_kad_post_header":false,"_kad_post_footer":false,"_kad_post_classname":""},"product_brand":[],"product_cat":[14939],"product_tag":[],"class_list":{"0":"post-126368","1":"product","2":"type-product","3":"status-publish","4":"has-post-thumbnail","6":"product_cat-masaj-cihazi-masaj-cihazi","8":"first","9":"instock","10":"purchasable","11":"product-type-simple","12":"entry","13":"content-bg","14":"loop-entry"},"_links":{"self":[{"href":"https:\/\/www.hediyepazar.com\/index.php?rest_route=\/wp\/v2\/product\/126368","targetHints":{"allow":["GET"]}}],"collection":[{"href":"https:\/\/www.hediyepazar.com\/index.php?rest_route=\/wp\/v2\/product"}],"about":[{"href":"https:\/\/www.hediyepazar.com\/index.php?rest_route=\/wp\/v2\/types\/product"}],"replies":[{"embeddable":true,"href":"https:\/\/www.hediyepazar.com\/index.php?rest_route=%2Fwp%2Fv2%2Fcomments&post=126368"}],"wp:featuredmedia":[{"embeddable":true,"href":"https:\/\/www.hediyepazar.com\/index.php?rest_route=\/wp\/v2\/media\/126367"}],"wp:attachment":[{"href":"https:\/\/www.hediyepazar.com\/index.php?rest_route=%2Fwp%2Fv2%2Fmedia&parent=126368"}],"wp:term":[{"taxonomy":"product_brand","embeddable":true,"href":"https:\/\/www.hediyepazar.com\/index.php?rest_route=%2Fwp%2Fv2%2Fproduct_brand&post=126368"},{"taxonomy":"product_cat","embeddable":true,"href":"https:\/\/www.hediyepazar.com\/index.php?rest_route=%2Fwp%2Fv2%2Fproduct_cat&post=126368"},{"taxonomy":"product_tag","embeddable":true,"href":"https:\/\/www.hediyepazar.com\/index.php?rest_route=%2Fwp%2Fv2%2Fproduct_tag&post=126368"}],"curies":[{"name":"wp","href":"https:\/\/api.w.org\/{rel}","templated":true}]}}