{"id":126382,"date":"2026-05-06T20:16:08","date_gmt":"2026-05-06T23:16:08","guid":{"rendered":"https:\/\/www.hediyepazar.com\/?product=vucut-masaj-mati-isi-terapili-ve-cok-bolgeli-masaj"},"modified":"2026-05-06T20:16:08","modified_gmt":"2026-05-06T23:16:08","slug":"vucut-masaj-mati-isi-terapili-ve-cok-bolgeli-masaj","status":"publish","type":"product","link":"https:\/\/www.hediyepazar.com\/?product=vucut-masaj-mati-isi-terapili-ve-cok-bolgeli-masaj","title":{"rendered":"V\u00fccut Masaj Mat\u0131 Is\u0131 Terapili ve \u00c7ok B\u00f6lgeli Masaj"},"content":{"rendered":"<p>Is\u0131tmal\u0131 masaj yata\u011f\u0131, v\u00fccudu saran yap\u0131s\u0131 ile etkili bir masaj deneyimi sunar. Titre\u015fimli masaj sistemi, kaslar\u0131 uyarmaya yard\u0131mc\u0131 olurken \u0131s\u0131 terapisi gev\u015femeyi destekler. \u00d6zellikle s\u0131rt ve bel b\u00f6lgesinde biriken yorgunluk hissinin azalmas\u0131na katk\u0131 sa\u011flar.Masaj noktalar\u0131, v\u00fccudun farkl\u0131 b\u00f6lgelerine e\u015fit \u015fekilde da\u011f\u0131t\u0131lm\u0131\u015ft\u0131r. Uzaktan kumandal\u0131 kontrol sistemi, kullan\u0131m kolayl\u0131\u011f\u0131 sunar. \u00c7ift tarafl\u0131 kullan\u0131m \u00f6zelli\u011fi, \u00fcr\u00fcn\u00fc daha fonksiyonel hale getirir.Katlanabilir ve hafif tasar\u0131m\u0131 sayesinde evde kullan\u0131m i\u00e7in idealdir. G\u00fcnl\u00fck rutininize rahatlat\u0131c\u0131 bir mola eklemek isteyenler i\u00e7in pratik bir masaj \u00e7\u00f6z\u00fcm\u00fcd\u00fcr.<\/p>\n","protected":false},"excerpt":{"rendered":"<p>Is\u0131tmal\u0131 masaj yata\u011f\u0131, v\u00fccudu saran yap\u0131s\u0131 ile etkili bir masaj deneyimi sunar. Titre\u015fimli masaj sistemi, kaslar\u0131 uyarmaya yard\u0131mc\u0131 olurken \u0131s\u0131 terapisi gev\u015femeyi destekler. \u00d6zellikle s\u0131rt ve bel b\u00f6lgesinde biriken yorgunluk hissinin azalmas\u0131na katk\u0131 sa\u011flar.Masaj noktalar\u0131, v\u00fccudun farkl\u0131 b\u00f6lgelerine e\u015fit \u015fekilde da\u011f\u0131t\u0131lm\u0131\u015ft\u0131r. Uzaktan kumandal\u0131 kontrol sistemi, kullan\u0131m kolayl\u0131\u011f\u0131 sunar. \u00c7ift tarafl\u0131 kullan\u0131m \u00f6zelli\u011fi, \u00fcr\u00fcn\u00fc daha fonksiyonel&#8230;<\/p>\n","protected":false},"featured_media":126381,"comment_status":"open","ping_status":"closed","template":"","meta":{"_kad_post_transparent":"","_kad_post_title":"","_kad_post_layout":"","_kad_post_sidebar_id":"","_kad_post_content_style":"","_kad_post_vertical_padding":"","_kad_post_feature":"","_kad_post_feature_position":"","_kad_post_header":false,"_kad_post_footer":false,"_kad_post_classname":""},"product_brand":[],"product_cat":[14939],"product_tag":[],"class_list":{"0":"post-126382","1":"product","2":"type-product","3":"status-publish","4":"has-post-thumbnail","6":"product_cat-masaj-cihazi-masaj-cihazi","8":"first","9":"instock","10":"purchasable","11":"product-type-simple","12":"entry","13":"content-bg","14":"loop-entry"},"_links":{"self":[{"href":"https:\/\/www.hediyepazar.com\/index.php?rest_route=\/wp\/v2\/product\/126382","targetHints":{"allow":["GET"]}}],"collection":[{"href":"https:\/\/www.hediyepazar.com\/index.php?rest_route=\/wp\/v2\/product"}],"about":[{"href":"https:\/\/www.hediyepazar.com\/index.php?rest_route=\/wp\/v2\/types\/product"}],"replies":[{"embeddable":true,"href":"https:\/\/www.hediyepazar.com\/index.php?rest_route=%2Fwp%2Fv2%2Fcomments&post=126382"}],"wp:featuredmedia":[{"embeddable":true,"href":"https:\/\/www.hediyepazar.com\/index.php?rest_route=\/wp\/v2\/media\/126381"}],"wp:attachment":[{"href":"https:\/\/www.hediyepazar.com\/index.php?rest_route=%2Fwp%2Fv2%2Fmedia&parent=126382"}],"wp:term":[{"taxonomy":"product_brand","embeddable":true,"href":"https:\/\/www.hediyepazar.com\/index.php?rest_route=%2Fwp%2Fv2%2Fproduct_brand&post=126382"},{"taxonomy":"product_cat","embeddable":true,"href":"https:\/\/www.hediyepazar.com\/index.php?rest_route=%2Fwp%2Fv2%2Fproduct_cat&post=126382"},{"taxonomy":"product_tag","embeddable":true,"href":"https:\/\/www.hediyepazar.com\/index.php?rest_route=%2Fwp%2Fv2%2Fproduct_tag&post=126382"}],"curies":[{"name":"wp","href":"https:\/\/api.w.org\/{rel}","templated":true}]}}