{"id":126390,"date":"2026-05-06T20:16:37","date_gmt":"2026-05-06T23:16:37","guid":{"rendered":"https:\/\/www.hediyepazar.com\/?product=koltuk-tipi-masaj-minderi-tum-vucut-rahatlatici-sistem"},"modified":"2026-05-06T20:16:37","modified_gmt":"2026-05-06T23:16:37","slug":"koltuk-tipi-masaj-minderi-tum-vucut-rahatlatici-sistem","status":"publish","type":"product","link":"https:\/\/www.hediyepazar.com\/?product=koltuk-tipi-masaj-minderi-tum-vucut-rahatlatici-sistem","title":{"rendered":"Koltuk Tipi Masaj Minderi T\u00fcm V\u00fccut Rahatlat\u0131c\u0131 Sistem"},"content":{"rendered":"<p>Titre\u015fimli ve \u0131s\u0131tmal\u0131 masaj minderleri, g\u00fcn i\u00e7inde yorulan kaslar\u0131 rahatlatmak i\u00e7in etkili bir destek sunar. Bu masaj koltuk minderi, \u00e7ok b\u00f6lgeli masaj noktalar\u0131 sayesinde s\u0131rt, bel ve kal\u00e7a b\u00f6lgelerinde dengeli bir masaj uygular.3 yo\u011funluk seviyesi ile masaj \u015fiddeti ayarlanabilir, 5 masaj modu ile farkl\u0131 masaj kombinasyonlar\u0131 tercih edilebilir. Is\u0131tma \u00f6zelli\u011fi, \u00f6zellikle uzun s\u00fcre oturmaya ba\u011fl\u0131 olu\u015fan sertlik hissini azaltmaya yard\u0131mc\u0131 olur.Uzaktan kumanda ile kolay kontrol imk\u00e2n\u0131 sunan \u00fcr\u00fcn, ara\u00e7 koltu\u011fu ve ev koltuklar\u0131yla uyumludur. Pratik ve fonksiyonel yap\u0131s\u0131yla g\u00fcnl\u00fck ya\u015famda rahatlama arayanlar i\u00e7in ideal bir se\u00e7enektir.<\/p>\n","protected":false},"excerpt":{"rendered":"<p>Titre\u015fimli ve \u0131s\u0131tmal\u0131 masaj minderleri, g\u00fcn i\u00e7inde yorulan kaslar\u0131 rahatlatmak i\u00e7in etkili bir destek sunar. Bu masaj koltuk minderi, \u00e7ok b\u00f6lgeli masaj noktalar\u0131 sayesinde s\u0131rt, bel ve kal\u00e7a b\u00f6lgelerinde dengeli bir masaj uygular.3 yo\u011funluk seviyesi ile masaj \u015fiddeti ayarlanabilir, 5 masaj modu ile farkl\u0131 masaj kombinasyonlar\u0131 tercih edilebilir. Is\u0131tma \u00f6zelli\u011fi, \u00f6zellikle uzun s\u00fcre oturmaya ba\u011fl\u0131&#8230;<\/p>\n","protected":false},"featured_media":126389,"comment_status":"open","ping_status":"closed","template":"","meta":{"_kad_post_transparent":"","_kad_post_title":"","_kad_post_layout":"","_kad_post_sidebar_id":"","_kad_post_content_style":"","_kad_post_vertical_padding":"","_kad_post_feature":"","_kad_post_feature_position":"","_kad_post_header":false,"_kad_post_footer":false,"_kad_post_classname":""},"product_brand":[],"product_cat":[14939],"product_tag":[],"class_list":{"0":"post-126390","1":"product","2":"type-product","3":"status-publish","4":"has-post-thumbnail","6":"product_cat-masaj-cihazi-masaj-cihazi","8":"first","9":"instock","10":"purchasable","11":"product-type-simple","12":"entry","13":"content-bg","14":"loop-entry"},"_links":{"self":[{"href":"https:\/\/www.hediyepazar.com\/index.php?rest_route=\/wp\/v2\/product\/126390","targetHints":{"allow":["GET"]}}],"collection":[{"href":"https:\/\/www.hediyepazar.com\/index.php?rest_route=\/wp\/v2\/product"}],"about":[{"href":"https:\/\/www.hediyepazar.com\/index.php?rest_route=\/wp\/v2\/types\/product"}],"replies":[{"embeddable":true,"href":"https:\/\/www.hediyepazar.com\/index.php?rest_route=%2Fwp%2Fv2%2Fcomments&post=126390"}],"wp:featuredmedia":[{"embeddable":true,"href":"https:\/\/www.hediyepazar.com\/index.php?rest_route=\/wp\/v2\/media\/126389"}],"wp:attachment":[{"href":"https:\/\/www.hediyepazar.com\/index.php?rest_route=%2Fwp%2Fv2%2Fmedia&parent=126390"}],"wp:term":[{"taxonomy":"product_brand","embeddable":true,"href":"https:\/\/www.hediyepazar.com\/index.php?rest_route=%2Fwp%2Fv2%2Fproduct_brand&post=126390"},{"taxonomy":"product_cat","embeddable":true,"href":"https:\/\/www.hediyepazar.com\/index.php?rest_route=%2Fwp%2Fv2%2Fproduct_cat&post=126390"},{"taxonomy":"product_tag","embeddable":true,"href":"https:\/\/www.hediyepazar.com\/index.php?rest_route=%2Fwp%2Fv2%2Fproduct_tag&post=126390"}],"curies":[{"name":"wp","href":"https:\/\/api.w.org\/{rel}","templated":true}]}}