{"id":126396,"date":"2026-05-06T20:17:00","date_gmt":"2026-05-06T23:17:00","guid":{"rendered":"https:\/\/www.hediyepazar.com\/?product=titresimli-masaj-minderi-5-masaj-modu-ve-3-yogunluk-seviyesi"},"modified":"2026-05-06T20:17:00","modified_gmt":"2026-05-06T23:17:00","slug":"titresimli-masaj-minderi-5-masaj-modu-ve-3-yogunluk-seviyesi","status":"publish","type":"product","link":"https:\/\/www.hediyepazar.com\/?product=titresimli-masaj-minderi-5-masaj-modu-ve-3-yogunluk-seviyesi","title":{"rendered":"Titre\u015fimli Masaj Minderi 5 Masaj Modu ve 3 Yo\u011funluk Seviyesi"},"content":{"rendered":"<p>Masaj Koltuk Minderi, evde veya ara\u00e7ta konforlu bir masaj deneyimi ya\u015famak isteyenler i\u00e7in ideal bir \u00e7\u00f6z\u00fcmd\u00fcr. \u00c7ok b\u00f6lgeli masaj sistemi, s\u0131rt ve bel ba\u015fta olmak \u00fczere v\u00fccudun farkl\u0131 noktalar\u0131na e\u015f zamanl\u0131 masaj uygular. Titre\u015fimli masaj teknolojisi, kaslar\u0131n rahatlamas\u0131na yard\u0131mc\u0131 olurken g\u00fcn\u00fcn yorgunlu\u011funu hafifletir.5 masaj modu, farkl\u0131 titre\u015fim kombinasyonlar\u0131 sunarak masaj deneyimini ki\u015fiselle\u015ftirir. 3 yo\u011funluk seviyesi ise kullan\u0131c\u0131ya kendi konforuna uygun ayar\u0131 se\u00e7me \u00f6zg\u00fcrl\u00fc\u011f\u00fc tan\u0131r. Is\u0131tma fonksiyonu, \u00f6zellikle uzun s\u00fcre oturman\u0131n neden oldu\u011fu sertli\u011fi azaltmaya destek olur.Uzaktan kumanda ile kolay kullan\u0131m sunan bu masaj minderi, ara\u00e7 koltu\u011fu, ev koltu\u011fu veya ofis sandalyesi \u00fczerinde sabit duracak \u015fekilde tasarlanm\u0131\u015ft\u0131r. G\u00fcnl\u00fck kullan\u0131mda pratikli\u011fi ve rahatlat\u0131c\u0131 etkisiyle \u00f6ne \u00e7\u0131kar.<\/p>\n","protected":false},"excerpt":{"rendered":"<p>Masaj Koltuk Minderi, evde veya ara\u00e7ta konforlu bir masaj deneyimi ya\u015famak isteyenler i\u00e7in ideal bir \u00e7\u00f6z\u00fcmd\u00fcr. \u00c7ok b\u00f6lgeli masaj sistemi, s\u0131rt ve bel ba\u015fta olmak \u00fczere v\u00fccudun farkl\u0131 noktalar\u0131na e\u015f zamanl\u0131 masaj uygular. Titre\u015fimli masaj teknolojisi, kaslar\u0131n rahatlamas\u0131na yard\u0131mc\u0131 olurken g\u00fcn\u00fcn yorgunlu\u011funu hafifletir.5 masaj modu, farkl\u0131 titre\u015fim kombinasyonlar\u0131 sunarak masaj deneyimini ki\u015fiselle\u015ftirir. 3 yo\u011funluk seviyesi&#8230;<\/p>\n","protected":false},"featured_media":126395,"comment_status":"open","ping_status":"closed","template":"","meta":{"_kad_post_transparent":"","_kad_post_title":"","_kad_post_layout":"","_kad_post_sidebar_id":"","_kad_post_content_style":"","_kad_post_vertical_padding":"","_kad_post_feature":"","_kad_post_feature_position":"","_kad_post_header":false,"_kad_post_footer":false,"_kad_post_classname":""},"product_brand":[],"product_cat":[14939],"product_tag":[],"class_list":{"0":"post-126396","1":"product","2":"type-product","3":"status-publish","4":"has-post-thumbnail","6":"product_cat-masaj-cihazi-masaj-cihazi","8":"first","9":"instock","10":"purchasable","11":"product-type-simple","12":"entry","13":"content-bg","14":"loop-entry"},"_links":{"self":[{"href":"https:\/\/www.hediyepazar.com\/index.php?rest_route=\/wp\/v2\/product\/126396","targetHints":{"allow":["GET"]}}],"collection":[{"href":"https:\/\/www.hediyepazar.com\/index.php?rest_route=\/wp\/v2\/product"}],"about":[{"href":"https:\/\/www.hediyepazar.com\/index.php?rest_route=\/wp\/v2\/types\/product"}],"replies":[{"embeddable":true,"href":"https:\/\/www.hediyepazar.com\/index.php?rest_route=%2Fwp%2Fv2%2Fcomments&post=126396"}],"wp:featuredmedia":[{"embeddable":true,"href":"https:\/\/www.hediyepazar.com\/index.php?rest_route=\/wp\/v2\/media\/126395"}],"wp:attachment":[{"href":"https:\/\/www.hediyepazar.com\/index.php?rest_route=%2Fwp%2Fv2%2Fmedia&parent=126396"}],"wp:term":[{"taxonomy":"product_brand","embeddable":true,"href":"https:\/\/www.hediyepazar.com\/index.php?rest_route=%2Fwp%2Fv2%2Fproduct_brand&post=126396"},{"taxonomy":"product_cat","embeddable":true,"href":"https:\/\/www.hediyepazar.com\/index.php?rest_route=%2Fwp%2Fv2%2Fproduct_cat&post=126396"},{"taxonomy":"product_tag","embeddable":true,"href":"https:\/\/www.hediyepazar.com\/index.php?rest_route=%2Fwp%2Fv2%2Fproduct_tag&post=126396"}],"curies":[{"name":"wp","href":"https:\/\/api.w.org\/{rel}","templated":true}]}}