{"id":126398,"date":"2026-05-06T20:17:08","date_gmt":"2026-05-06T23:17:08","guid":{"rendered":"https:\/\/www.hediyepazar.com\/?product=isitmali-masaj-koltuk-minderi-sirt-bel-boyun-ve-kalca-destekli"},"modified":"2026-05-06T20:17:08","modified_gmt":"2026-05-06T23:17:08","slug":"isitmali-masaj-koltuk-minderi-sirt-bel-boyun-ve-kalca-destekli","status":"publish","type":"product","link":"https:\/\/www.hediyepazar.com\/?product=isitmali-masaj-koltuk-minderi-sirt-bel-boyun-ve-kalca-destekli","title":{"rendered":"Is\u0131tmal\u0131 Masaj Koltuk Minderi S\u0131rt Bel Boyun ve Kal\u00e7a Destekli"},"content":{"rendered":"<p>G\u00fcnl\u00fck ya\u015fam\u0131n temposu, uzun s\u00fcre oturarak \u00e7al\u0131\u015fma ya da ara\u00e7 kullan\u0131m\u0131 v\u00fccutta \u00f6zellikle s\u0131rt ve bel b\u00f6lgesinde gerginli\u011fe yol a\u00e7abilir. Is\u0131tmal\u0131 Masaj Koltuk Minderi, bu gerginli\u011fi azaltmaya yard\u0131mc\u0131 olmak i\u00e7in tasarlanm\u0131\u015ft\u0131r. S\u0131rt, bel, boyun ve kal\u00e7a b\u00f6lgelerine \u00f6zel yerle\u015ftirilmi\u015f masaj noktalar\u0131 sayesinde v\u00fccudu dengeli bir \u015fekilde sarar ve konforlu bir masaj deneyimi sunar.5 farkl\u0131 masaj modu, titre\u015fim ritmini ihtiyaca g\u00f6re ayarlama imk\u00e2n\u0131 sa\u011flar. 3 seviyeli yo\u011funluk ayar\u0131 sayesinde hafif bir rahatlama ya da daha yo\u011fun bir masaj tercih edilebilir. Is\u0131tmal\u0131 sistem, kaslar\u0131n gev\u015femesine yard\u0131mc\u0131 olarak masaj\u0131n etkisini art\u0131r\u0131r ve daha derin bir konfor hissi sunar.Uzaktan kumandal\u0131 kontrol paneli ile t\u00fcm ayarlar zahmetsizce yap\u0131labilir. Koltuk, ofis sandalyesi, ara\u00e7 koltu\u011fu veya evde farkl\u0131 oturma alanlar\u0131nda rahatl\u0131kla kullan\u0131labilir. Pratik yap\u0131s\u0131 sayesinde g\u00fcnl\u00fck kullan\u0131m i\u00e7in idealdir ve ki\u015fisel rahatlama alan\u0131 olu\u015fturur.<\/p>\n","protected":false},"excerpt":{"rendered":"<p>G\u00fcnl\u00fck ya\u015fam\u0131n temposu, uzun s\u00fcre oturarak \u00e7al\u0131\u015fma ya da ara\u00e7 kullan\u0131m\u0131 v\u00fccutta \u00f6zellikle s\u0131rt ve bel b\u00f6lgesinde gerginli\u011fe yol a\u00e7abilir. Is\u0131tmal\u0131 Masaj Koltuk Minderi, bu gerginli\u011fi azaltmaya yard\u0131mc\u0131 olmak i\u00e7in tasarlanm\u0131\u015ft\u0131r. S\u0131rt, bel, boyun ve kal\u00e7a b\u00f6lgelerine \u00f6zel yerle\u015ftirilmi\u015f masaj noktalar\u0131 sayesinde v\u00fccudu dengeli bir \u015fekilde sarar ve konforlu bir masaj deneyimi sunar.5 farkl\u0131 masaj&#8230;<\/p>\n","protected":false},"featured_media":126397,"comment_status":"open","ping_status":"closed","template":"","meta":{"_kad_post_transparent":"","_kad_post_title":"","_kad_post_layout":"","_kad_post_sidebar_id":"","_kad_post_content_style":"","_kad_post_vertical_padding":"","_kad_post_feature":"","_kad_post_feature_position":"","_kad_post_header":false,"_kad_post_footer":false,"_kad_post_classname":""},"product_brand":[],"product_cat":[14939],"product_tag":[],"class_list":{"0":"post-126398","1":"product","2":"type-product","3":"status-publish","4":"has-post-thumbnail","6":"product_cat-masaj-cihazi-masaj-cihazi","8":"first","9":"instock","10":"purchasable","11":"product-type-simple","12":"entry","13":"content-bg","14":"loop-entry"},"_links":{"self":[{"href":"https:\/\/www.hediyepazar.com\/index.php?rest_route=\/wp\/v2\/product\/126398","targetHints":{"allow":["GET"]}}],"collection":[{"href":"https:\/\/www.hediyepazar.com\/index.php?rest_route=\/wp\/v2\/product"}],"about":[{"href":"https:\/\/www.hediyepazar.com\/index.php?rest_route=\/wp\/v2\/types\/product"}],"replies":[{"embeddable":true,"href":"https:\/\/www.hediyepazar.com\/index.php?rest_route=%2Fwp%2Fv2%2Fcomments&post=126398"}],"wp:featuredmedia":[{"embeddable":true,"href":"https:\/\/www.hediyepazar.com\/index.php?rest_route=\/wp\/v2\/media\/126397"}],"wp:attachment":[{"href":"https:\/\/www.hediyepazar.com\/index.php?rest_route=%2Fwp%2Fv2%2Fmedia&parent=126398"}],"wp:term":[{"taxonomy":"product_brand","embeddable":true,"href":"https:\/\/www.hediyepazar.com\/index.php?rest_route=%2Fwp%2Fv2%2Fproduct_brand&post=126398"},{"taxonomy":"product_cat","embeddable":true,"href":"https:\/\/www.hediyepazar.com\/index.php?rest_route=%2Fwp%2Fv2%2Fproduct_cat&post=126398"},{"taxonomy":"product_tag","embeddable":true,"href":"https:\/\/www.hediyepazar.com\/index.php?rest_route=%2Fwp%2Fv2%2Fproduct_tag&post=126398"}],"curies":[{"name":"wp","href":"https:\/\/api.w.org\/{rel}","templated":true}]}}