{"id":126409,"date":"2026-05-06T20:18:59","date_gmt":"2026-05-06T23:18:59","guid":{"rendered":"https:\/\/www.hediyepazar.com\/?product=sirt-kasiyici-yaslilar-icin-kolay-kullanim"},"modified":"2026-05-06T20:18:59","modified_gmt":"2026-05-06T23:18:59","slug":"sirt-kasiyici-yaslilar-icin-kolay-kullanim","status":"publish","type":"product","link":"https:\/\/www.hediyepazar.com\/?product=sirt-kasiyici-yaslilar-icin-kolay-kullanim","title":{"rendered":"S\u0131rt Ka\u015f\u0131y\u0131c\u0131 Ya\u015fl\u0131lar \u0130\u00e7in Kolay Kullan\u0131m"},"content":{"rendered":"<p>S\u0131rt ka\u015f\u0131y\u0131c\u0131, \u00f6zellikle ya\u015fl\u0131 bireylerin g\u00fcnl\u00fck hayat\u0131n\u0131 kolayla\u015ft\u0131rmak amac\u0131yla tercih edilen \u00fcr\u00fcnlerden biridir. Ayarlanabilir teleskopik kol yap\u0131s\u0131 sayesinde s\u0131rt b\u00f6lgesine zahmetsizce ula\u015fmay\u0131 sa\u011flar. Ergonomik tutma sap\u0131 ile rahat ve g\u00fcvenli bir kullan\u0131m sunar.Katlanabilir yap\u0131s\u0131 sayesinde saklamas\u0131 ve ta\u015f\u0131mas\u0131 son derece kolayd\u0131r. Fig\u00fcrl\u00fc u\u00e7 tasar\u0131m\u0131, etkili ka\u015f\u0131ma performans\u0131 sunarken \u00fcr\u00fcne e\u011flenceli bir g\u00f6r\u00fcn\u00fcm kazand\u0131r\u0131r.G\u00fcnl\u00fck konforu art\u0131ran bu s\u0131rt ka\u015f\u0131ma aparat\u0131, pratik kullan\u0131m sunmas\u0131yla \u00f6ne \u00e7\u0131kar. \u00d6zellikle tek ba\u015f\u0131na s\u0131rt\u0131na ula\u015fmakta zorlanan kullan\u0131c\u0131lar i\u00e7in idealdir.<\/p>\n","protected":false},"excerpt":{"rendered":"<p>S\u0131rt ka\u015f\u0131y\u0131c\u0131, \u00f6zellikle ya\u015fl\u0131 bireylerin g\u00fcnl\u00fck hayat\u0131n\u0131 kolayla\u015ft\u0131rmak amac\u0131yla tercih edilen \u00fcr\u00fcnlerden biridir. Ayarlanabilir teleskopik kol yap\u0131s\u0131 sayesinde s\u0131rt b\u00f6lgesine zahmetsizce ula\u015fmay\u0131 sa\u011flar. Ergonomik tutma sap\u0131 ile rahat ve g\u00fcvenli bir kullan\u0131m sunar.Katlanabilir yap\u0131s\u0131 sayesinde saklamas\u0131 ve ta\u015f\u0131mas\u0131 son derece kolayd\u0131r. Fig\u00fcrl\u00fc u\u00e7 tasar\u0131m\u0131, etkili ka\u015f\u0131ma performans\u0131 sunarken \u00fcr\u00fcne e\u011flenceli bir g\u00f6r\u00fcn\u00fcm kazand\u0131r\u0131r.G\u00fcnl\u00fck konforu art\u0131ran&#8230;<\/p>\n","protected":false},"featured_media":126408,"comment_status":"open","ping_status":"closed","template":"","meta":{"_kad_post_transparent":"","_kad_post_title":"","_kad_post_layout":"","_kad_post_sidebar_id":"","_kad_post_content_style":"","_kad_post_vertical_padding":"","_kad_post_feature":"","_kad_post_feature_position":"","_kad_post_header":false,"_kad_post_footer":false,"_kad_post_classname":""},"product_brand":[],"product_cat":[14939],"product_tag":[],"class_list":{"0":"post-126409","1":"product","2":"type-product","3":"status-publish","4":"has-post-thumbnail","6":"product_cat-masaj-cihazi-masaj-cihazi","8":"first","9":"instock","10":"purchasable","11":"product-type-simple","12":"entry","13":"content-bg","14":"loop-entry"},"_links":{"self":[{"href":"https:\/\/www.hediyepazar.com\/index.php?rest_route=\/wp\/v2\/product\/126409","targetHints":{"allow":["GET"]}}],"collection":[{"href":"https:\/\/www.hediyepazar.com\/index.php?rest_route=\/wp\/v2\/product"}],"about":[{"href":"https:\/\/www.hediyepazar.com\/index.php?rest_route=\/wp\/v2\/types\/product"}],"replies":[{"embeddable":true,"href":"https:\/\/www.hediyepazar.com\/index.php?rest_route=%2Fwp%2Fv2%2Fcomments&post=126409"}],"wp:featuredmedia":[{"embeddable":true,"href":"https:\/\/www.hediyepazar.com\/index.php?rest_route=\/wp\/v2\/media\/126408"}],"wp:attachment":[{"href":"https:\/\/www.hediyepazar.com\/index.php?rest_route=%2Fwp%2Fv2%2Fmedia&parent=126409"}],"wp:term":[{"taxonomy":"product_brand","embeddable":true,"href":"https:\/\/www.hediyepazar.com\/index.php?rest_route=%2Fwp%2Fv2%2Fproduct_brand&post=126409"},{"taxonomy":"product_cat","embeddable":true,"href":"https:\/\/www.hediyepazar.com\/index.php?rest_route=%2Fwp%2Fv2%2Fproduct_cat&post=126409"},{"taxonomy":"product_tag","embeddable":true,"href":"https:\/\/www.hediyepazar.com\/index.php?rest_route=%2Fwp%2Fv2%2Fproduct_tag&post=126409"}],"curies":[{"name":"wp","href":"https:\/\/api.w.org\/{rel}","templated":true}]}}