{"id":126415,"date":"2026-05-06T20:19:15","date_gmt":"2026-05-06T23:19:15","guid":{"rendered":"https:\/\/www.hediyepazar.com\/?product=sirt-kasiyici-katlanabilir-yapi-ve-ulasilmasi-zor-noktalar-icin"},"modified":"2026-05-06T20:19:15","modified_gmt":"2026-05-06T23:19:15","slug":"sirt-kasiyici-katlanabilir-yapi-ve-ulasilmasi-zor-noktalar-icin","status":"publish","type":"product","link":"https:\/\/www.hediyepazar.com\/?product=sirt-kasiyici-katlanabilir-yapi-ve-ulasilmasi-zor-noktalar-icin","title":{"rendered":"S\u0131rt Ka\u015f\u0131y\u0131c\u0131 Katlanabilir Yap\u0131 ve Ula\u015f\u0131lmas\u0131 Zor Noktalar \u0130\u00e7in"},"content":{"rendered":"<p>Katlanabilir s\u0131rt ka\u015f\u0131y\u0131c\u0131, ka\u015f\u0131nt\u0131 hissini k\u0131sa s\u00fcrede gidermek i\u00e7in tasarlanm\u0131\u015f kullan\u0131\u015fl\u0131 bir \u00fcr\u00fcnd\u00fcr. Ayarlanabilir teleskopik kol sistemi sayesinde farkl\u0131 uzunluklarda kullan\u0131labilir ve s\u0131rt\u0131n her noktas\u0131na rahat\u00e7a ula\u015f\u0131lmas\u0131n\u0131 sa\u011flar. \u00d6zellikle k\u00fcrek kemi\u011fi \u00e7evresi ve bel b\u00f6lgesi gibi zor eri\u015filen alanlarda etkili sonu\u00e7 verir.Dayan\u0131kl\u0131 yap\u0131s\u0131 sayesinde uzun s\u00fcreli kullan\u0131m imk\u00e2n\u0131 sunar. Ergonomik tutma k\u0131sm\u0131 elde kayma yapmaz ve rahat bir kullan\u0131m sa\u011flar. Fig\u00fcrl\u00fc u\u00e7 tasar\u0131m\u0131 hem i\u015flevsel hem de estetik bir g\u00f6r\u00fcn\u00fcm sunar. Katlanabilir \u00f6zelli\u011fi sayesinde yer kaplamaz ve ta\u015f\u0131nmas\u0131 olduk\u00e7a kolayd\u0131r.G\u00fcnl\u00fck kullan\u0131m i\u00e7in ideal olan bu s\u0131rt ka\u015f\u0131ma aparat\u0131, evde dinlenirken, ofiste \u00e7al\u0131\u015f\u0131rken veya seyahat s\u0131ras\u0131nda ihtiya\u00e7 duyulan her an kullan\u0131labilir. Pratik, hafif ve kolay ta\u015f\u0131nabilir yap\u0131s\u0131yla ka\u015f\u0131nt\u0131 problemlerine h\u0131zl\u0131 \u00e7\u00f6z\u00fcm arayan kullan\u0131c\u0131lar i\u00e7in uygundur.<\/p>\n","protected":false},"excerpt":{"rendered":"<p>Katlanabilir s\u0131rt ka\u015f\u0131y\u0131c\u0131, ka\u015f\u0131nt\u0131 hissini k\u0131sa s\u00fcrede gidermek i\u00e7in tasarlanm\u0131\u015f kullan\u0131\u015fl\u0131 bir \u00fcr\u00fcnd\u00fcr. Ayarlanabilir teleskopik kol sistemi sayesinde farkl\u0131 uzunluklarda kullan\u0131labilir ve s\u0131rt\u0131n her noktas\u0131na rahat\u00e7a ula\u015f\u0131lmas\u0131n\u0131 sa\u011flar. \u00d6zellikle k\u00fcrek kemi\u011fi \u00e7evresi ve bel b\u00f6lgesi gibi zor eri\u015filen alanlarda etkili sonu\u00e7 verir.Dayan\u0131kl\u0131 yap\u0131s\u0131 sayesinde uzun s\u00fcreli kullan\u0131m imk\u00e2n\u0131 sunar. Ergonomik tutma k\u0131sm\u0131 elde kayma yapmaz&#8230;<\/p>\n","protected":false},"featured_media":126414,"comment_status":"open","ping_status":"closed","template":"","meta":{"_kad_post_transparent":"","_kad_post_title":"","_kad_post_layout":"","_kad_post_sidebar_id":"","_kad_post_content_style":"","_kad_post_vertical_padding":"","_kad_post_feature":"","_kad_post_feature_position":"","_kad_post_header":false,"_kad_post_footer":false,"_kad_post_classname":""},"product_brand":[],"product_cat":[14939],"product_tag":[],"class_list":{"0":"post-126415","1":"product","2":"type-product","3":"status-publish","4":"has-post-thumbnail","6":"product_cat-masaj-cihazi-masaj-cihazi","8":"first","9":"instock","10":"purchasable","11":"product-type-simple","12":"entry","13":"content-bg","14":"loop-entry"},"_links":{"self":[{"href":"https:\/\/www.hediyepazar.com\/index.php?rest_route=\/wp\/v2\/product\/126415","targetHints":{"allow":["GET"]}}],"collection":[{"href":"https:\/\/www.hediyepazar.com\/index.php?rest_route=\/wp\/v2\/product"}],"about":[{"href":"https:\/\/www.hediyepazar.com\/index.php?rest_route=\/wp\/v2\/types\/product"}],"replies":[{"embeddable":true,"href":"https:\/\/www.hediyepazar.com\/index.php?rest_route=%2Fwp%2Fv2%2Fcomments&post=126415"}],"wp:featuredmedia":[{"embeddable":true,"href":"https:\/\/www.hediyepazar.com\/index.php?rest_route=\/wp\/v2\/media\/126414"}],"wp:attachment":[{"href":"https:\/\/www.hediyepazar.com\/index.php?rest_route=%2Fwp%2Fv2%2Fmedia&parent=126415"}],"wp:term":[{"taxonomy":"product_brand","embeddable":true,"href":"https:\/\/www.hediyepazar.com\/index.php?rest_route=%2Fwp%2Fv2%2Fproduct_brand&post=126415"},{"taxonomy":"product_cat","embeddable":true,"href":"https:\/\/www.hediyepazar.com\/index.php?rest_route=%2Fwp%2Fv2%2Fproduct_cat&post=126415"},{"taxonomy":"product_tag","embeddable":true,"href":"https:\/\/www.hediyepazar.com\/index.php?rest_route=%2Fwp%2Fv2%2Fproduct_tag&post=126415"}],"curies":[{"name":"wp","href":"https:\/\/api.w.org\/{rel}","templated":true}]}}