{"id":126417,"date":"2026-05-06T20:19:20","date_gmt":"2026-05-06T23:19:20","guid":{"rendered":"https:\/\/www.hediyepazar.com\/?product=teleskopik-sirt-kasima-aleti-ayarlanabilir-uzunluk-ve-ergonomik-tasarim"},"modified":"2026-05-06T20:19:20","modified_gmt":"2026-05-06T23:19:20","slug":"teleskopik-sirt-kasima-aleti-ayarlanabilir-uzunluk-ve-ergonomik-tasarim","status":"publish","type":"product","link":"https:\/\/www.hediyepazar.com\/?product=teleskopik-sirt-kasima-aleti-ayarlanabilir-uzunluk-ve-ergonomik-tasarim","title":{"rendered":"Teleskopik S\u0131rt Ka\u015f\u0131ma Aleti Ayarlanabilir Uzunluk ve Ergonomik Tasar\u0131m"},"content":{"rendered":"<p>Teleskopik s\u0131rt ka\u015f\u0131ma aleti, g\u00fcnl\u00fck hayatta s\u0131k\u00e7a kar\u015f\u0131la\u015f\u0131lan ve ula\u015f\u0131lmas\u0131 zor b\u00f6lgelerde olu\u015fan ka\u015f\u0131nt\u0131lar i\u00e7in pratik ve etkili bir \u00e7\u00f6z\u00fcm sunar. Ayarlanabilir teleskopik kolu sayesinde 22 cm ile 59 cm aras\u0131nda uzayabilen bu \u00fcr\u00fcn, s\u0131rt\u0131n orta, alt ve k\u00fcrek kemi\u011fi \u00e7evresi gibi zor eri\u015filen alanlara zahmetsizce ula\u015fman\u0131z\u0131 sa\u011flar. Dayan\u0131kl\u0131 metal malzemeden \u00fcretilmi\u015f g\u00f6vdesi uzun \u00f6m\u00fcrl\u00fc kullan\u0131m sunarken, ergonomik sap tasar\u0131m\u0131 elde rahat bir tutu\u015f sa\u011flar.\u00dcr\u00fcn\u00fcn fig\u00fcrl\u00fc u\u00e7 tasar\u0131m\u0131 hem i\u015flevsel hem de e\u011flenceli bir kullan\u0131m deneyimi sunar. Ay\u0131 ve kartal fig\u00fcrleri sayesinde s\u0131radan s\u0131rt ka\u015f\u0131y\u0131c\u0131lardan ayr\u0131l\u0131r ve dikkat \u00e7ekici bir g\u00f6r\u00fcn\u00fcme sahiptir. Bu tasar\u0131m, \u00fcr\u00fcn\u00fc sadece bir ihtiya\u00e7 \u00fcr\u00fcn\u00fc olmaktan \u00e7\u0131kararak keyifli bir aksesuar haline getirir. Katlanabilir yap\u0131s\u0131 sayesinde \u00e7anta, s\u0131rt \u00e7antas\u0131 veya bavul i\u00e7erisinde kolayl\u0131kla ta\u015f\u0131nabilir. Bu \u00f6zelli\u011fiyle evde, ofiste veya seyahat s\u0131ras\u0131nda rahatl\u0131kla kullan\u0131labilir.\u00d6zellikle ya\u015fl\u0131 bireyler i\u00e7in b\u00fcy\u00fck kolayl\u0131k sa\u011flayan bu s\u0131rt ka\u015f\u0131ma aparat\u0131, ya\u015fla birlikte azalan eklem hareketlili\u011fi ve kas esnekli\u011fi nedeniyle s\u0131rt\u0131na ula\u015fmakta zorlanan ki\u015filer i\u00e7in idealdir. Hediye kutusu ile birlikte g\u00f6nderilmesi sayesinde sevdiklerinize d\u00fc\u015f\u00fcnceli ve kullan\u0131\u015fl\u0131 bir hediye alternatifi sunar. Ergonomik, dayan\u0131kl\u0131 ve ta\u015f\u0131nabilir bir s\u0131rt ka\u015f\u0131ma \u00e7\u00f6z\u00fcm\u00fc arayanlar i\u00e7in ideal bir \u00fcr\u00fcnd\u00fcr.<\/p>\n","protected":false},"excerpt":{"rendered":"<p>Teleskopik s\u0131rt ka\u015f\u0131ma aleti, g\u00fcnl\u00fck hayatta s\u0131k\u00e7a kar\u015f\u0131la\u015f\u0131lan ve ula\u015f\u0131lmas\u0131 zor b\u00f6lgelerde olu\u015fan ka\u015f\u0131nt\u0131lar i\u00e7in pratik ve etkili bir \u00e7\u00f6z\u00fcm sunar. Ayarlanabilir teleskopik kolu sayesinde 22 cm ile 59 cm aras\u0131nda uzayabilen bu \u00fcr\u00fcn, s\u0131rt\u0131n orta, alt ve k\u00fcrek kemi\u011fi \u00e7evresi gibi zor eri\u015filen alanlara zahmetsizce ula\u015fman\u0131z\u0131 sa\u011flar. Dayan\u0131kl\u0131 metal malzemeden \u00fcretilmi\u015f g\u00f6vdesi uzun \u00f6m\u00fcrl\u00fc&#8230;<\/p>\n","protected":false},"featured_media":126416,"comment_status":"open","ping_status":"closed","template":"","meta":{"_kad_post_transparent":"","_kad_post_title":"","_kad_post_layout":"","_kad_post_sidebar_id":"","_kad_post_content_style":"","_kad_post_vertical_padding":"","_kad_post_feature":"","_kad_post_feature_position":"","_kad_post_header":false,"_kad_post_footer":false,"_kad_post_classname":""},"product_brand":[],"product_cat":[14939],"product_tag":[],"class_list":{"0":"post-126417","1":"product","2":"type-product","3":"status-publish","4":"has-post-thumbnail","6":"product_cat-masaj-cihazi-masaj-cihazi","8":"first","9":"instock","10":"purchasable","11":"product-type-simple","12":"entry","13":"content-bg","14":"loop-entry"},"_links":{"self":[{"href":"https:\/\/www.hediyepazar.com\/index.php?rest_route=\/wp\/v2\/product\/126417","targetHints":{"allow":["GET"]}}],"collection":[{"href":"https:\/\/www.hediyepazar.com\/index.php?rest_route=\/wp\/v2\/product"}],"about":[{"href":"https:\/\/www.hediyepazar.com\/index.php?rest_route=\/wp\/v2\/types\/product"}],"replies":[{"embeddable":true,"href":"https:\/\/www.hediyepazar.com\/index.php?rest_route=%2Fwp%2Fv2%2Fcomments&post=126417"}],"wp:featuredmedia":[{"embeddable":true,"href":"https:\/\/www.hediyepazar.com\/index.php?rest_route=\/wp\/v2\/media\/126416"}],"wp:attachment":[{"href":"https:\/\/www.hediyepazar.com\/index.php?rest_route=%2Fwp%2Fv2%2Fmedia&parent=126417"}],"wp:term":[{"taxonomy":"product_brand","embeddable":true,"href":"https:\/\/www.hediyepazar.com\/index.php?rest_route=%2Fwp%2Fv2%2Fproduct_brand&post=126417"},{"taxonomy":"product_cat","embeddable":true,"href":"https:\/\/www.hediyepazar.com\/index.php?rest_route=%2Fwp%2Fv2%2Fproduct_cat&post=126417"},{"taxonomy":"product_tag","embeddable":true,"href":"https:\/\/www.hediyepazar.com\/index.php?rest_route=%2Fwp%2Fv2%2Fproduct_tag&post=126417"}],"curies":[{"name":"wp","href":"https:\/\/api.w.org\/{rel}","templated":true}]}}