{"id":126419,"date":"2026-05-06T20:20:03","date_gmt":"2026-05-06T23:20:03","guid":{"rendered":"https:\/\/www.hediyepazar.com\/?product=wifi-fpv-canli-goruntu-aktarimli-katlanabilir-drone"},"modified":"2026-05-06T20:20:03","modified_gmt":"2026-05-06T23:20:03","slug":"wifi-fpv-canli-goruntu-aktarimli-katlanabilir-drone","status":"publish","type":"product","link":"https:\/\/www.hediyepazar.com\/?product=wifi-fpv-canli-goruntu-aktarimli-katlanabilir-drone","title":{"rendered":"Wifi FPV Canl\u0131 G\u00f6r\u00fcnt\u00fc Aktar\u0131ml\u0131 Katlanabilir Drone"},"content":{"rendered":"<p>Profesyonel \u00e7ekimler i\u00e7in tasarlanm\u0131\u015f bu katlanabilir drone, \u00fcst\u00fcn teknolojisi ile g\u00fcvenli ve kolay bir u\u00e7u\u015f deneyimi sunar. Katlanabilir kollar\u0131 sayesinde ta\u015f\u0131nmas\u0131 kolayd\u0131r ve seyahatlerde size e\u015flik ederek muhte\u015fem an\u0131lar kaydetmenize yard\u0131mc\u0131 olur. Kompakt tasar\u0131m\u0131, \u00f6zellikle \u015fehir i\u00e7i kullan\u0131mlarda pratiklik sa\u011flar.Y\u00fckseklik sabitleme modu, stabil u\u00e7u\u015f i\u00e7in idealdir. Bu \u00f6zellik sayesinde cihaz\u0131n\u0131z\u0131 kontrol ederken net g\u00f6r\u00fcnt\u00fcler elde edebilirsiniz. 4K kamera se\u00e7ene\u011fi, y\u00fcksek \u00e7\u00f6z\u00fcn\u00fcrl\u00fckl\u00fc \u00e7ekimler yapman\u0131z\u0131 sa\u011flarken, Wi-Fi fonksiyonu ile g\u00f6r\u00fcnt\u00fcleri an\u0131nda telefonunuza aktarabilirsiniz.Ba\u015fs\u0131z mod, u\u00e7u\u015f s\u0131ras\u0131nda y\u00f6n kayb\u0131n\u0131 ortadan kald\u0131rarak kullan\u0131c\u0131ya kolayl\u0131k sa\u011flar. Tek tu\u015fla eve d\u00f6n\u00fc\u015f \u00f6zelli\u011fi, cihaz\u0131n\u0131z\u0131 kaybetme riskini s\u0131f\u0131ra indirir. Y\u00f6r\u00fcnge u\u00e7u\u015f modu sayesinde istedi\u011finiz rotay\u0131 belirleyebilir ve drone\u2019un bu rota \u00fczerinde otomatik u\u00e7mas\u0131n\u0131 sa\u011flayabilirsiniz.2.4GHz frekans teknolojisi ile g\u00fc\u00e7l\u00fc ve kesintisiz ba\u011flant\u0131 elde edebilir, 100 metreye kadar kontrol mesafesi ile geni\u015f bir u\u00e7u\u015f alan\u0131nda cihaz\u0131n\u0131z\u0131 kullanabilirsiniz. 12-15 dakika u\u00e7u\u015f s\u00fcresi sunan 1800mAh bataryas\u0131, 100 dakikal\u0131k k\u0131sa \u015farj s\u00fcresi ile tekrar kullan\u0131ma haz\u0131r hale gelir.360\u00b0 takla \u00f6zelli\u011fi ile u\u00e7u\u015f deneyiminize e\u011flence katabilir, yarat\u0131c\u0131 \u00e7ekimler yapabilirsiniz. Hafif ve \u015f\u0131k tasar\u0131m\u0131, her ya\u015f grubundan kullan\u0131c\u0131ya hitap eder. Hem amat\u00f6rler hem de profesyoneller i\u00e7in uygun olan bu drone, g\u00fcvenli, g\u00fc\u00e7l\u00fc ve keyifli bir u\u00e7u\u015f deneyimi sunar.<\/p>\n","protected":false},"excerpt":{"rendered":"<p>Profesyonel \u00e7ekimler i\u00e7in tasarlanm\u0131\u015f bu katlanabilir drone, \u00fcst\u00fcn teknolojisi ile g\u00fcvenli ve kolay bir u\u00e7u\u015f deneyimi sunar. Katlanabilir kollar\u0131 sayesinde ta\u015f\u0131nmas\u0131 kolayd\u0131r ve seyahatlerde size e\u015flik ederek muhte\u015fem an\u0131lar kaydetmenize yard\u0131mc\u0131 olur. Kompakt tasar\u0131m\u0131, \u00f6zellikle \u015fehir i\u00e7i kullan\u0131mlarda pratiklik sa\u011flar.Y\u00fckseklik sabitleme modu, stabil u\u00e7u\u015f i\u00e7in idealdir. Bu \u00f6zellik sayesinde cihaz\u0131n\u0131z\u0131 kontrol ederken net g\u00f6r\u00fcnt\u00fcler elde&#8230;<\/p>\n","protected":false},"featured_media":126418,"comment_status":"open","ping_status":"closed","template":"","meta":{"_kad_post_transparent":"","_kad_post_title":"","_kad_post_layout":"","_kad_post_sidebar_id":"","_kad_post_content_style":"","_kad_post_vertical_padding":"","_kad_post_feature":"","_kad_post_feature_position":"","_kad_post_header":false,"_kad_post_footer":false,"_kad_post_classname":""},"product_brand":[],"product_cat":[15086],"product_tag":[],"class_list":{"0":"post-126419","1":"product","2":"type-product","3":"status-publish","4":"has-post-thumbnail","6":"product_cat-drone-drone","8":"first","9":"instock","10":"purchasable","11":"product-type-simple","12":"entry","13":"content-bg","14":"loop-entry"},"_links":{"self":[{"href":"https:\/\/www.hediyepazar.com\/index.php?rest_route=\/wp\/v2\/product\/126419","targetHints":{"allow":["GET"]}}],"collection":[{"href":"https:\/\/www.hediyepazar.com\/index.php?rest_route=\/wp\/v2\/product"}],"about":[{"href":"https:\/\/www.hediyepazar.com\/index.php?rest_route=\/wp\/v2\/types\/product"}],"replies":[{"embeddable":true,"href":"https:\/\/www.hediyepazar.com\/index.php?rest_route=%2Fwp%2Fv2%2Fcomments&post=126419"}],"wp:featuredmedia":[{"embeddable":true,"href":"https:\/\/www.hediyepazar.com\/index.php?rest_route=\/wp\/v2\/media\/126418"}],"wp:attachment":[{"href":"https:\/\/www.hediyepazar.com\/index.php?rest_route=%2Fwp%2Fv2%2Fmedia&parent=126419"}],"wp:term":[{"taxonomy":"product_brand","embeddable":true,"href":"https:\/\/www.hediyepazar.com\/index.php?rest_route=%2Fwp%2Fv2%2Fproduct_brand&post=126419"},{"taxonomy":"product_cat","embeddable":true,"href":"https:\/\/www.hediyepazar.com\/index.php?rest_route=%2Fwp%2Fv2%2Fproduct_cat&post=126419"},{"taxonomy":"product_tag","embeddable":true,"href":"https:\/\/www.hediyepazar.com\/index.php?rest_route=%2Fwp%2Fv2%2Fproduct_tag&post=126419"}],"curies":[{"name":"wp","href":"https:\/\/api.w.org\/{rel}","templated":true}]}}