{"id":126441,"date":"2026-05-06T20:23:13","date_gmt":"2026-05-06T23:23:13","guid":{"rendered":"https:\/\/www.hediyepazar.com\/?product=12inc-dart"},"modified":"2026-05-06T20:23:13","modified_gmt":"2026-05-06T23:23:13","slug":"12inc-dart","status":"publish","type":"product","link":"https:\/\/www.hediyepazar.com\/?product=12inc-dart","title":{"rendered":"12\u0130N\u00c7 DART"},"content":{"rendered":"<p>Bu dart tahtas\u0131 seti, sa\u011flam yap\u0131s\u0131 ve sade tasar\u0131m\u0131 ile \u00f6ne \u00e7\u0131kar. Ah\u015fap g\u00f6vdesi uzun s\u00fcreli kullan\u0131m i\u00e7in uygundur. Metal i\u011fne u\u00e7lu dart oklar\u0131 hedefe sa\u011flam tutunur ve kontroll\u00fc at\u0131\u015flar yap\u0131lmas\u0131na yard\u0131mc\u0131 olur.Kurulumu kolayd\u0131r ve k\u0131sa s\u00fcrede kullan\u0131ma haz\u0131r hale gelir. Evde e\u011flenceli vakit ge\u00e7irmek isteyenler i\u00e7in ideal bir \u00fcr\u00fcnd\u00fcr.<\/p>\n","protected":false},"excerpt":{"rendered":"<p>Bu dart tahtas\u0131 seti, sa\u011flam yap\u0131s\u0131 ve sade tasar\u0131m\u0131 ile \u00f6ne \u00e7\u0131kar. Ah\u015fap g\u00f6vdesi uzun s\u00fcreli kullan\u0131m i\u00e7in uygundur. Metal i\u011fne u\u00e7lu dart oklar\u0131 hedefe sa\u011flam tutunur ve kontroll\u00fc at\u0131\u015flar yap\u0131lmas\u0131na yard\u0131mc\u0131 olur.Kurulumu kolayd\u0131r ve k\u0131sa s\u00fcrede kullan\u0131ma haz\u0131r hale gelir. Evde e\u011flenceli vakit ge\u00e7irmek isteyenler i\u00e7in ideal bir \u00fcr\u00fcnd\u00fcr.<\/p>\n","protected":false},"featured_media":126440,"comment_status":"open","ping_status":"closed","template":"","meta":{"_kad_post_transparent":"","_kad_post_title":"","_kad_post_layout":"","_kad_post_sidebar_id":"","_kad_post_content_style":"","_kad_post_vertical_padding":"","_kad_post_feature":"","_kad_post_feature_position":"","_kad_post_header":false,"_kad_post_footer":false,"_kad_post_classname":""},"product_brand":[],"product_cat":[15090],"product_tag":[],"class_list":{"0":"post-126441","1":"product","2":"type-product","3":"status-publish","4":"has-post-thumbnail","6":"product_cat-cocuk-oyuncak-cocuk-oyuncak","8":"first","9":"instock","10":"purchasable","11":"product-type-simple","12":"entry","13":"content-bg","14":"loop-entry"},"_links":{"self":[{"href":"https:\/\/www.hediyepazar.com\/index.php?rest_route=\/wp\/v2\/product\/126441","targetHints":{"allow":["GET"]}}],"collection":[{"href":"https:\/\/www.hediyepazar.com\/index.php?rest_route=\/wp\/v2\/product"}],"about":[{"href":"https:\/\/www.hediyepazar.com\/index.php?rest_route=\/wp\/v2\/types\/product"}],"replies":[{"embeddable":true,"href":"https:\/\/www.hediyepazar.com\/index.php?rest_route=%2Fwp%2Fv2%2Fcomments&post=126441"}],"wp:featuredmedia":[{"embeddable":true,"href":"https:\/\/www.hediyepazar.com\/index.php?rest_route=\/wp\/v2\/media\/126440"}],"wp:attachment":[{"href":"https:\/\/www.hediyepazar.com\/index.php?rest_route=%2Fwp%2Fv2%2Fmedia&parent=126441"}],"wp:term":[{"taxonomy":"product_brand","embeddable":true,"href":"https:\/\/www.hediyepazar.com\/index.php?rest_route=%2Fwp%2Fv2%2Fproduct_brand&post=126441"},{"taxonomy":"product_cat","embeddable":true,"href":"https:\/\/www.hediyepazar.com\/index.php?rest_route=%2Fwp%2Fv2%2Fproduct_cat&post=126441"},{"taxonomy":"product_tag","embeddable":true,"href":"https:\/\/www.hediyepazar.com\/index.php?rest_route=%2Fwp%2Fv2%2Fproduct_tag&post=126441"}],"curies":[{"name":"wp","href":"https:\/\/api.w.org\/{rel}","templated":true}]}}