{"id":126443,"date":"2026-05-06T20:23:18","date_gmt":"2026-05-06T23:23:18","guid":{"rendered":"https:\/\/www.hediyepazar.com\/?product=sik-tasarimli-dart-tahtasi-12-inc-dayanikli-ahsap-govde"},"modified":"2026-05-06T20:23:18","modified_gmt":"2026-05-06T23:23:18","slug":"sik-tasarimli-dart-tahtasi-12-inc-dayanikli-ahsap-govde","status":"publish","type":"product","link":"https:\/\/www.hediyepazar.com\/?product=sik-tasarimli-dart-tahtasi-12-inc-dayanikli-ahsap-govde","title":{"rendered":"\u015e\u0131k Tasar\u0131ml\u0131 Dart Tahtas\u0131 12 \u0130n\u00e7 Dayan\u0131kl\u0131 Ah\u015fap G\u00f6vde"},"content":{"rendered":"<p>Dayan\u0131kl\u0131 ah\u015fap yap\u0131s\u0131 ile uzun \u00f6m\u00fcrl\u00fc kullan\u0131m sunan bu dart tahtas\u0131, e\u011flenceyi ya\u015fam alanlar\u0131n\u0131za ta\u015f\u0131r. 12 in\u00e7 \u00f6l\u00e7\u00fcs\u00fc ile rahat bir oyun alan\u0131 sa\u011flar. \u015e\u0131k tasar\u0131m\u0131 sayesinde her ortama uyum sa\u011flar.Metal u\u00e7lu 4 dart oku ile birlikte gelen set, oyun deneyimini tamamlar. Kolay montaj \u00f6zelli\u011fi ile zahmetsiz kullan\u0131m sunar. Hem bireysel hem de grup oyunlar\u0131 i\u00e7in uygundur.<\/p>\n","protected":false},"excerpt":{"rendered":"<p>Dayan\u0131kl\u0131 ah\u015fap yap\u0131s\u0131 ile uzun \u00f6m\u00fcrl\u00fc kullan\u0131m sunan bu dart tahtas\u0131, e\u011flenceyi ya\u015fam alanlar\u0131n\u0131za ta\u015f\u0131r. 12 in\u00e7 \u00f6l\u00e7\u00fcs\u00fc ile rahat bir oyun alan\u0131 sa\u011flar. \u015e\u0131k tasar\u0131m\u0131 sayesinde her ortama uyum sa\u011flar.Metal u\u00e7lu 4 dart oku ile birlikte gelen set, oyun deneyimini tamamlar. Kolay montaj \u00f6zelli\u011fi ile zahmetsiz kullan\u0131m sunar. Hem bireysel hem de grup oyunlar\u0131&#8230;<\/p>\n","protected":false},"featured_media":126442,"comment_status":"open","ping_status":"closed","template":"","meta":{"_kad_post_transparent":"","_kad_post_title":"","_kad_post_layout":"","_kad_post_sidebar_id":"","_kad_post_content_style":"","_kad_post_vertical_padding":"","_kad_post_feature":"","_kad_post_feature_position":"","_kad_post_header":false,"_kad_post_footer":false,"_kad_post_classname":""},"product_brand":[],"product_cat":[15090],"product_tag":[],"class_list":{"0":"post-126443","1":"product","2":"type-product","3":"status-publish","4":"has-post-thumbnail","6":"product_cat-cocuk-oyuncak-cocuk-oyuncak","8":"first","9":"instock","10":"purchasable","11":"product-type-simple","12":"entry","13":"content-bg","14":"loop-entry"},"_links":{"self":[{"href":"https:\/\/www.hediyepazar.com\/index.php?rest_route=\/wp\/v2\/product\/126443","targetHints":{"allow":["GET"]}}],"collection":[{"href":"https:\/\/www.hediyepazar.com\/index.php?rest_route=\/wp\/v2\/product"}],"about":[{"href":"https:\/\/www.hediyepazar.com\/index.php?rest_route=\/wp\/v2\/types\/product"}],"replies":[{"embeddable":true,"href":"https:\/\/www.hediyepazar.com\/index.php?rest_route=%2Fwp%2Fv2%2Fcomments&post=126443"}],"wp:featuredmedia":[{"embeddable":true,"href":"https:\/\/www.hediyepazar.com\/index.php?rest_route=\/wp\/v2\/media\/126442"}],"wp:attachment":[{"href":"https:\/\/www.hediyepazar.com\/index.php?rest_route=%2Fwp%2Fv2%2Fmedia&parent=126443"}],"wp:term":[{"taxonomy":"product_brand","embeddable":true,"href":"https:\/\/www.hediyepazar.com\/index.php?rest_route=%2Fwp%2Fv2%2Fproduct_brand&post=126443"},{"taxonomy":"product_cat","embeddable":true,"href":"https:\/\/www.hediyepazar.com\/index.php?rest_route=%2Fwp%2Fv2%2Fproduct_cat&post=126443"},{"taxonomy":"product_tag","embeddable":true,"href":"https:\/\/www.hediyepazar.com\/index.php?rest_route=%2Fwp%2Fv2%2Fproduct_tag&post=126443"}],"curies":[{"name":"wp","href":"https:\/\/api.w.org\/{rel}","templated":true}]}}