{"id":126463,"date":"2026-05-06T20:25:15","date_gmt":"2026-05-06T23:25:15","guid":{"rendered":"https:\/\/www.hediyepazar.com\/?product=portatif-ayarlanabilir-el-yayi-sayacli-dayanikli-celik-yay"},"modified":"2026-05-06T20:25:15","modified_gmt":"2026-05-06T23:25:15","slug":"portatif-ayarlanabilir-el-yayi-sayacli-dayanikli-celik-yay","status":"publish","type":"product","link":"https:\/\/www.hediyepazar.com\/?product=portatif-ayarlanabilir-el-yayi-sayacli-dayanikli-celik-yay","title":{"rendered":"Portatif Ayarlanabilir El Yay\u0131 Saya\u00e7l\u0131 Dayan\u0131kl\u0131 \u00c7elik Yay"},"content":{"rendered":"<p>Ayarlanabilir diren\u00e7li el yay\u0131, el kaslar\u0131n\u0131 geli\u015ftirmek ve kavrama g\u00fcc\u00fcn\u00fc art\u0131rmak i\u00e7in tasarlanm\u0131\u015ft\u0131r. Paslanmaz \u00e7elik yay yap\u0131s\u0131, dayan\u0131kl\u0131l\u0131\u011f\u0131 art\u0131r\u0131r. Saya\u00e7 \u00f6zelli\u011fi sayesinde set takibi kolayla\u015f\u0131r.Kompakt tasar\u0131m\u0131 sayesinde \u00e7antada ta\u015f\u0131nabilir ve her an kullan\u0131labilir. Ergonomik tutu\u015fu ile konforlu bir deneyim sunar.<\/p>\n","protected":false},"excerpt":{"rendered":"<p>Ayarlanabilir diren\u00e7li el yay\u0131, el kaslar\u0131n\u0131 geli\u015ftirmek ve kavrama g\u00fcc\u00fcn\u00fc art\u0131rmak i\u00e7in tasarlanm\u0131\u015ft\u0131r. Paslanmaz \u00e7elik yay yap\u0131s\u0131, dayan\u0131kl\u0131l\u0131\u011f\u0131 art\u0131r\u0131r. Saya\u00e7 \u00f6zelli\u011fi sayesinde set takibi kolayla\u015f\u0131r.Kompakt tasar\u0131m\u0131 sayesinde \u00e7antada ta\u015f\u0131nabilir ve her an kullan\u0131labilir. Ergonomik tutu\u015fu ile konforlu bir deneyim sunar.<\/p>\n","protected":false},"featured_media":126462,"comment_status":"open","ping_status":"closed","template":"","meta":{"_kad_post_transparent":"","_kad_post_title":"","_kad_post_layout":"","_kad_post_sidebar_id":"","_kad_post_content_style":"","_kad_post_vertical_padding":"","_kad_post_feature":"","_kad_post_feature_position":"","_kad_post_header":false,"_kad_post_footer":false,"_kad_post_classname":""},"product_brand":[],"product_cat":[15095],"product_tag":[],"class_list":{"0":"post-126463","1":"product","2":"type-product","3":"status-publish","4":"has-post-thumbnail","6":"product_cat-egzersiz-aletleri-egzersiz-aletleri","8":"first","9":"instock","10":"purchasable","11":"product-type-simple","12":"entry","13":"content-bg","14":"loop-entry"},"_links":{"self":[{"href":"https:\/\/www.hediyepazar.com\/index.php?rest_route=\/wp\/v2\/product\/126463","targetHints":{"allow":["GET"]}}],"collection":[{"href":"https:\/\/www.hediyepazar.com\/index.php?rest_route=\/wp\/v2\/product"}],"about":[{"href":"https:\/\/www.hediyepazar.com\/index.php?rest_route=\/wp\/v2\/types\/product"}],"replies":[{"embeddable":true,"href":"https:\/\/www.hediyepazar.com\/index.php?rest_route=%2Fwp%2Fv2%2Fcomments&post=126463"}],"wp:featuredmedia":[{"embeddable":true,"href":"https:\/\/www.hediyepazar.com\/index.php?rest_route=\/wp\/v2\/media\/126462"}],"wp:attachment":[{"href":"https:\/\/www.hediyepazar.com\/index.php?rest_route=%2Fwp%2Fv2%2Fmedia&parent=126463"}],"wp:term":[{"taxonomy":"product_brand","embeddable":true,"href":"https:\/\/www.hediyepazar.com\/index.php?rest_route=%2Fwp%2Fv2%2Fproduct_brand&post=126463"},{"taxonomy":"product_cat","embeddable":true,"href":"https:\/\/www.hediyepazar.com\/index.php?rest_route=%2Fwp%2Fv2%2Fproduct_cat&post=126463"},{"taxonomy":"product_tag","embeddable":true,"href":"https:\/\/www.hediyepazar.com\/index.php?rest_route=%2Fwp%2Fv2%2Fproduct_tag&post=126463"}],"curies":[{"name":"wp","href":"https:\/\/api.w.org\/{rel}","templated":true}]}}